{"id":668,"date":"2018-07-09T22:34:02","date_gmt":"2018-07-09T20:34:02","guid":{"rendered":"https:\/\/joanna-jonathan.be\/?page_id=668"},"modified":"2018-07-09T22:38:52","modified_gmt":"2018-07-09T20:38:52","slug":"adresses-et-heures-niezbedne-adresy-i-godziny","status":"publish","type":"page","link":"https:\/\/joanna-jonathan.be\/index.php\/en-pratique\/adresses-et-heures-niezbedne-adresy-i-godziny\/","title":{"rendered":"Adresses et heures | Niezb\u0119dne adresy i godziny"},"content":{"rendered":"<h3><strong>A partir du 16\/07<\/strong> &#8230;. la plupart d&rsquo;entre vous logeront dans le m\u00eame h\u00f4tel, le \u00ab\u00a0Poziomka\u00a0\u00bb (la fraise des bois)<\/h3>\n<ul>\n<li>Adresse: <a href=\"https:\/\/goo.gl\/maps\/fQatGXuCXmE2\" target=\"_blank\" rel=\"noopener\">GOSPODARSTWO AGROTURYSTYCZNE I RESTAURACJA \u201ePOZIOMKA\u201d, Kujanki 66, 77-424 Zakrzewo<\/a><\/li>\n<li>Ville \u00e0 proximit\u00e9 &#8211; Z\u0142ot\u00f3w:\n<ul>\n<li id=\"firstHeading\" class=\"firstHeading\" lang=\"fr\">Bureaux de change:\n<ul>\n<li lang=\"fr\">\u0141oso\u015b-W\u0142odarczak Sylwia. Kantor wymiany walut,\u00a0Cechowa 10, 77-400 Z\u0142ot\u00f3w<\/li>\n<li lang=\"fr\">Elco. Punkt kupna i sprzeda\u017cy wymiany walut obcych,\u00a0<span class=\"w8qArf\">\u00a0<\/span><span class=\"LrzXr\">Cechowa 1, 77-400 Z\u0142ot\u00f3w<\/span><\/li>\n<\/ul>\n<\/li>\n<li>Restaurants:\n<ul>\n<li>A l&rsquo;h\u00f4tel \u00ab\u00a0Poziomka\u00a0\u00bb<\/li>\n<li>\u00ab\u00a0Hotel Zacisze. Centrum wypoczynkowo &#8211; konferencyjne\u00a0\u00bb,\u00a0Wio\u015blarska 4, 77-400 Z\u0142ot\u00f3w<\/li>\n<li>\u00ab\u00a0Restauracja Cechowa\u00a0\u00bb,\u00a0Cechowa 11, 77-400 Z\u0142ot\u00f3w<\/li>\n<li>\u00ab\u00a0Magazyn BISTRO\u00a0\u00bb,\u00a0Wojska Polskiego 16a, 77-400 Z\u0142ot\u00f3w<\/li>\n<\/ul>\n<\/li>\n<\/ul>\n<\/li>\n<\/ul>\n<ul>\n<li style=\"list-style-type: none;\">\n<ul>\n<li style=\"list-style-type: none;\"><\/li>\n<\/ul>\n<\/li>\n<\/ul>\n<h3><strong>19\/07\/2018 &#8211; Le grand jour<\/strong><\/h3>\n<h4>(Facultatif &#8211; 14h45 &#8211; la maisson de parents de Joanna \/ Dom rodzinny Joanny)<\/h4>\n<ul>\n<li>Adresse:\u00a0 Poborcze 22, 77-424 Zakrzewo<\/li>\n<\/ul>\n<p><strong>!!!!!! Ne pas mettre l&rsquo;adresse dans google maps, vous n&rsquo;arriverez pas \ud83d\ude09 !!!!!!<\/strong><\/p>\n<ul>\n<li>Utiliser GPS: <a href=\"https:\/\/goo.gl\/maps\/vAQzz4Bh7Bu\" target=\"_blank\" rel=\"noopener\">53\u00b027&rsquo;06.0&Prime;N17\u00b012&rsquo;42.4&Prime;E<\/a><\/li>\n<\/ul>\n<p><img loading=\"lazy\" decoding=\"async\" class=\"alignleft size-large wp-image-726\" src=\"https:\/\/joanna-jonathan.be\/wp-content\/uploads\/2018\/07\/DSC2406-HDR_HDR-1024x684.jpg\" alt=\"\" width=\"640\" height=\"428\" srcset=\"https:\/\/joanna-jonathan.be\/wp-content\/uploads\/2018\/07\/DSC2406-HDR_HDR-1024x684.jpg 1024w, https:\/\/joanna-jonathan.be\/wp-content\/uploads\/2018\/07\/DSC2406-HDR_HDR-300x200.jpg 300w, https:\/\/joanna-jonathan.be\/wp-content\/uploads\/2018\/07\/DSC2406-HDR_HDR-768x513.jpg 768w, https:\/\/joanna-jonathan.be\/wp-content\/uploads\/2018\/07\/DSC2406-HDR_HDR-480x320.jpg 480w\" sizes=\"(max-width: 640px) 100vw, 640px\" \/><\/p>\n<p>&nbsp;<\/p>\n<p>&nbsp;<\/p>\n<p>&nbsp;<\/p>\n<p>&nbsp;<\/p>\n<p>&nbsp;<\/p>\n<p>&nbsp;<\/p>\n<p>&nbsp;<\/p>\n<p>&nbsp;<\/p>\n<p>&nbsp;<\/p>\n<p>&nbsp;<\/p>\n<p>&nbsp;<\/p>\n<p>&nbsp;<\/p>\n<h4>16h &#8211; L&rsquo;\u00e9glise \/ kosciol<\/h4>\n<ul>\n<li>Adresse: <a href=\"https:\/\/goo.gl\/maps\/xz5rW1ptDJr\" target=\"_blank\" rel=\"noopener\">ul. ks. Doma\u0144skiego 11, 77-424 Zakrzewo<\/a><\/li>\n<\/ul>\n<h4>R\u00e9ception<\/h4>\n<ul>\n<li>Adresse: <a href=\"https:\/\/goo.gl\/maps\/EH7CkRGzwSr\" target=\"_blank\" rel=\"noopener\">Palac w Sypniewie, ul. 29 Stycznia 45, 89-422 Sypniewo<\/a><\/li>\n<li>Pour rentrer au \u00ab\u00a0Pozoimka\u00a0\u00bb, ne prenez pas votre voiture!\n<ul>\n<li>Navettes de bus organis\u00e9es \u00e0 partir de minuit.<\/li>\n<\/ul>\n<\/li>\n<\/ul>\n<h3><strong>20\/07\/2018 &#8211;\u00a0Le lendemain des noces \/ Poprawiny<\/strong><\/h3>\n<h4>Midi &#8211; 12h<\/h4>\n<ul>\n<li>Navettes de bus \u00e0 11h30 \u00e0 partir du Poziomka (pas de retour pr\u00e9vu)<\/li>\n<li>Adresse: <a href=\"https:\/\/goo.gl\/maps\/EH7CkRGzwSr\" target=\"_blank\" rel=\"noopener\">Palac w Sypniewie, ul. 29 Stycznia 45, 89-422 Sypniewo<\/a><\/li>\n<\/ul>\n","protected":false},"excerpt":{"rendered":"<p>A partir du 16\/07 &#8230;. la plupart d&rsquo;entre vous logeront dans le m\u00eame h\u00f4tel, le \u00ab\u00a0Poziomka\u00a0\u00bb (la fraise des bois) Adresse: GOSPODARSTWO AGROTURYSTYCZNE I RESTAURACJA \u201ePOZIOMKA\u201d, Kujanki 66, 77-424 Zakrzewo Ville \u00e0 proximit\u00e9 &#8211; Z\u0142ot\u00f3w: Bureaux de change: \u0141oso\u015b-W\u0142odarczak Sylwia. Kantor wymiany walut,\u00a0Cechowa 10, 77-400 Z\u0142ot\u00f3w Elco. Punkt kupna i sprzeda\u017cy wymiany walut obcych,\u00a0\u00a0Cechowa 1, [&hellip;]<\/p>\n","protected":false},"author":2,"featured_media":0,"parent":213,"menu_order":0,"comment_status":"closed","ping_status":"closed","template":"","meta":{"footnotes":""},"_links":{"self":[{"href":"https:\/\/joanna-jonathan.be\/index.php\/wp-json\/wp\/v2\/pages\/668"}],"collection":[{"href":"https:\/\/joanna-jonathan.be\/index.php\/wp-json\/wp\/v2\/pages"}],"about":[{"href":"https:\/\/joanna-jonathan.be\/index.php\/wp-json\/wp\/v2\/types\/page"}],"author":[{"embeddable":true,"href":"https:\/\/joanna-jonathan.be\/index.php\/wp-json\/wp\/v2\/users\/2"}],"replies":[{"embeddable":true,"href":"https:\/\/joanna-jonathan.be\/index.php\/wp-json\/wp\/v2\/comments?post=668"}],"version-history":[{"count":17,"href":"https:\/\/joanna-jonathan.be\/index.php\/wp-json\/wp\/v2\/pages\/668\/revisions"}],"predecessor-version":[{"id":737,"href":"https:\/\/joanna-jonathan.be\/index.php\/wp-json\/wp\/v2\/pages\/668\/revisions\/737"}],"up":[{"embeddable":true,"href":"https:\/\/joanna-jonathan.be\/index.php\/wp-json\/wp\/v2\/pages\/213"}],"wp:attachment":[{"href":"https:\/\/joanna-jonathan.be\/index.php\/wp-json\/wp\/v2\/media?parent=668"}],"curies":[{"name":"wp","href":"https:\/\/api.w.org\/{rel}","templated":true}]}}