{"id":656,"date":"2018-06-19T21:06:57","date_gmt":"2018-06-19T19:06:57","guid":{"rendered":"https:\/\/joanna-jonathan.be\/?page_id=656"},"modified":"2018-06-20T09:34:32","modified_gmt":"2018-06-20T07:34:32","slug":"langue-polonaise-jezyk-polski","status":"publish","type":"page","link":"https:\/\/joanna-jonathan.be\/index.php\/tourisme\/langue-polonaise-jezyk-polski\/","title":{"rendered":"Langue polonaise | J\u0119zyk polski"},"content":{"rendered":"<p>Le Polonais fait partie des\u00a0<strong>langues slaves occidentales<\/strong>. On y retrouve \u00e9galement des racines de langues exotiques telles que le Gothique, le Finno-Hongrois et les dialectes Celtes. Le Polonais fait usage de l&rsquo;alphabet Latin.<\/p>\n<p>A ce jour, le Polonais est la langue maternelle de<strong>\u00a046 millions de personnes<\/strong>. Il n&rsquo;existe plus beaucoup de dialectes. Le dialecte parl\u00e9 \u00e0 Varsovie a quasiment disparu depuis la Seconde Guerre mondiale.<\/p>\n<p>Le Polonais est une langue pleine de\u00a0<strong>pi\u00e8ges<\/strong>. Les r\u00e8gles grammaticales et l&rsquo;orthographe ont beaucoup d&rsquo;exceptions, les substantifs et adjectifs sont accord\u00e9s, les verbes sont conjugu\u00e9s et dans certains temps ils sont accord\u00e9s en genre par rapport au sujet.<\/p>\n<p>Pour les \u00e9trangers, la\u00a0<strong>prononciation est souvent un obstacle<\/strong>, mais pour celui qui a \u00e9tudi\u00e9 la langue, elle est consid\u00e9r\u00e9e comme\u00a0<strong>pleine de vitalit\u00e9 et de beaut\u00e9<\/strong>.<\/p>\n<p>&nbsp;<\/p>\n<p>Quelques notions de base:<\/p>\n<p><strong>Tak (tak) &#8211; oui<\/strong><\/p>\n<p><strong>Nie (nj\u00e8) &#8211; non<\/strong><\/p>\n<p><strong>Dziekuje (dzjenkoej\u00e8) &#8211; merci<\/strong><\/p>\n<p><strong>Prosze\u00a0 (prosj\u00e8) &#8211; s&rsquo;il vous pla\u00eet<\/strong><\/p>\n<p><strong>Dzien dobry (dzjen dobreu) &#8211; bonjour<\/strong><\/p>\n<p><strong>Do widzenia (do vidzenija) &#8211; au revoir<\/strong><\/p>\n<p><strong>Nie mowie po polsku (nj\u00e8 moevj\u00e8 po polskoe) &#8211; je ne parle pas le Polonais<\/strong><\/p>\n<p><strong>Na zdrowie (na zdrovi\u00e9) &#8211; sant\u00e9 (toast)<\/strong><\/p>\n<p><strong>Wesele (vaissail\u00e9) &#8211; les noces du mariage<\/strong><\/p>\n<p><strong>Poprawiny (popravin\u00e8) &#8211; deuxieme jour du mariage<\/strong><\/p>\n<p><strong>Piwo (pivo) &#8211; bi\u00e8re<\/strong><\/p>\n<p><strong>Woda (voda) &#8211; eau<\/strong><\/p>\n<p><strong>Wodka (voutka) &#8211; eau (en beaucoup beaucoup mieux &#8211; ne pas donner aux enfants \ud83d\ude09 )<\/strong><\/p>\n<p>&nbsp;<\/p>\n<p>&nbsp;<\/p>\n<p>&nbsp;<\/p>\n","protected":false},"excerpt":{"rendered":"<p>Le Polonais fait partie des\u00a0langues slaves occidentales. On y retrouve \u00e9galement des racines de langues exotiques telles que le Gothique, le Finno-Hongrois et les dialectes Celtes. Le Polonais fait usage de l&rsquo;alphabet Latin. A ce jour, le Polonais est la langue maternelle de\u00a046 millions de personnes. Il n&rsquo;existe plus beaucoup de dialectes. Le dialecte parl\u00e9 [&hellip;]<\/p>\n","protected":false},"author":2,"featured_media":0,"parent":264,"menu_order":0,"comment_status":"closed","ping_status":"closed","template":"","meta":{"footnotes":""},"_links":{"self":[{"href":"https:\/\/joanna-jonathan.be\/index.php\/wp-json\/wp\/v2\/pages\/656"}],"collection":[{"href":"https:\/\/joanna-jonathan.be\/index.php\/wp-json\/wp\/v2\/pages"}],"about":[{"href":"https:\/\/joanna-jonathan.be\/index.php\/wp-json\/wp\/v2\/types\/page"}],"author":[{"embeddable":true,"href":"https:\/\/joanna-jonathan.be\/index.php\/wp-json\/wp\/v2\/users\/2"}],"replies":[{"embeddable":true,"href":"https:\/\/joanna-jonathan.be\/index.php\/wp-json\/wp\/v2\/comments?post=656"}],"version-history":[{"count":5,"href":"https:\/\/joanna-jonathan.be\/index.php\/wp-json\/wp\/v2\/pages\/656\/revisions"}],"predecessor-version":[{"id":720,"href":"https:\/\/joanna-jonathan.be\/index.php\/wp-json\/wp\/v2\/pages\/656\/revisions\/720"}],"up":[{"embeddable":true,"href":"https:\/\/joanna-jonathan.be\/index.php\/wp-json\/wp\/v2\/pages\/264"}],"wp:attachment":[{"href":"https:\/\/joanna-jonathan.be\/index.php\/wp-json\/wp\/v2\/media?parent=656"}],"curies":[{"name":"wp","href":"https:\/\/api.w.org\/{rel}","templated":true}]}}