{"id":652,"date":"2018-05-04T11:34:33","date_gmt":"2018-05-04T09:34:33","guid":{"rendered":"https:\/\/joanna-jonathan.be\/?page_id=652"},"modified":"2018-05-27T15:45:15","modified_gmt":"2018-05-27T13:45:15","slug":"the-et-cafe-herbata-i-kawa","status":"publish","type":"page","link":"https:\/\/joanna-jonathan.be\/index.php\/gastronomie-polonaise\/the-et-cafe-herbata-i-kawa\/","title":{"rendered":"Th\u00e9 et caf\u00e9 | Herbata i kawa"},"content":{"rendered":"<p><strong>Th\u00e9 (herbata) et caf\u00e9 (kawa)<\/strong><\/p>\n<p><strong>Le th\u00e9 (herbata)<\/strong> est une institution, plus sous forme de tisanes que de th\u00e9 \u00e0 proprement parler. Partout o\u00f9 vous irez, on vous en proposera. Les salons de th\u00e9 (<strong>kawiarnia ou<\/strong> <strong>herbaciarnia<\/strong>) sont tr\u00e8s populaires ; on y sert \u00e9galement des petits g\u00e2teaux et quelques plats sal\u00e9s.<\/p>\n<p>Quant au <strong>caf\u00e9 (kawa)<\/strong>, il est parfois servi \u00e0 la turque&#8230; mais quand \u00e7a arrive sans crier gare, \u00e7a surprend !<\/p>\n<p><img loading=\"lazy\" decoding=\"async\" class=\"aligncenter\" src=\"https:\/\/retro.pewex.pl\/uimages\/services\/pewex\/i18n\/pl_PL\/201504\/1427884878_by_krzys_500.jpg\" alt=\"Znalezione obrazy dla zapytania kawa po turecku\" width=\"310\" height=\"233\" \/><\/p>\n<p style=\"text-align: center;\">https:\/\/retro.pewex.pl\/481985\/Kawa-po-turecku-w-szklance-bez-uszka<\/p>\n","protected":false},"excerpt":{"rendered":"<p>Th\u00e9 (herbata) et caf\u00e9 (kawa) Le th\u00e9 (herbata) est une institution, plus sous forme de tisanes que de th\u00e9 \u00e0 proprement parler. Partout o\u00f9 vous irez, on vous en proposera. Les salons de th\u00e9 (kawiarnia ou herbaciarnia) sont tr\u00e8s populaires ; on y sert \u00e9galement des petits g\u00e2teaux et quelques plats sal\u00e9s. Quant au caf\u00e9 [&hellip;]<\/p>\n","protected":false},"author":2,"featured_media":0,"parent":569,"menu_order":9,"comment_status":"closed","ping_status":"closed","template":"","meta":{"footnotes":""},"_links":{"self":[{"href":"https:\/\/joanna-jonathan.be\/index.php\/wp-json\/wp\/v2\/pages\/652"}],"collection":[{"href":"https:\/\/joanna-jonathan.be\/index.php\/wp-json\/wp\/v2\/pages"}],"about":[{"href":"https:\/\/joanna-jonathan.be\/index.php\/wp-json\/wp\/v2\/types\/page"}],"author":[{"embeddable":true,"href":"https:\/\/joanna-jonathan.be\/index.php\/wp-json\/wp\/v2\/users\/2"}],"replies":[{"embeddable":true,"href":"https:\/\/joanna-jonathan.be\/index.php\/wp-json\/wp\/v2\/comments?post=652"}],"version-history":[{"count":2,"href":"https:\/\/joanna-jonathan.be\/index.php\/wp-json\/wp\/v2\/pages\/652\/revisions"}],"predecessor-version":[{"id":655,"href":"https:\/\/joanna-jonathan.be\/index.php\/wp-json\/wp\/v2\/pages\/652\/revisions\/655"}],"up":[{"embeddable":true,"href":"https:\/\/joanna-jonathan.be\/index.php\/wp-json\/wp\/v2\/pages\/569"}],"wp:attachment":[{"href":"https:\/\/joanna-jonathan.be\/index.php\/wp-json\/wp\/v2\/media?parent=652"}],"curies":[{"name":"wp","href":"https:\/\/api.w.org\/{rel}","templated":true}]}}