{"id":594,"date":"2018-04-30T20:45:50","date_gmt":"2018-04-30T18:45:50","guid":{"rendered":"https:\/\/joanna-jonathan.be\/?page_id=594"},"modified":"2018-04-30T21:13:33","modified_gmt":"2018-04-30T19:13:33","slug":"biere-piwo","status":"publish","type":"page","link":"https:\/\/joanna-jonathan.be\/index.php\/gastronomie-polonaise\/biere-piwo\/","title":{"rendered":"Bi\u00e8re\u00a0| Piwo"},"content":{"rendered":"<p><b>Bi\u00e8re<\/b><b>\u00a0(<\/b><b>Piwo<\/b><b>)\u00a0<\/b><span data-ccp-props=\"{&quot;201341983&quot;:0,&quot;335559739&quot;:160,&quot;335559740&quot;:259}\">\u00a0<\/span><\/p>\n<p>Les Polonais aiment la bi\u00e8re et en consomment de plus en plus : ils se placent d\u00e9sormais au 5e rang des buveurs de bi\u00e8re europ\u00e9ens. Le pays produit surtout de\u00a0<b>la<\/b>\u00a0<b>blonde<\/b><b>\u00a0(<\/b><b>jasne<\/b><b>)<\/b>, et le choix s\u2019av\u00e8re assez vaste.<span data-ccp-props=\"{&quot;201341983&quot;:0,&quot;335559739&quot;:160,&quot;335559740&quot;:259}\">\u00a0<\/span><\/p>\n<p>Trois grands groupes se partagent 85 % du march\u00e9 :\u00a0Piwowarska\u00a0avec les marques\u00a0<b>Lech,\u00a0<\/b><b>Tyskie<\/b>\u00a0et\u00a0<b>\u017bubr<\/b><b>,\u00a0<\/b>Heineken\u00a0avec la tr\u00e8s populaire\u00a0<b>\u017bywiec<\/b>, la\u00a0<b>Warka<\/b>\u00a0et la\u00a0<b>Tatra<\/b>\u00a0(excellente et bien plus forte) et Carlsberg avec les bi\u00e8res\u00a0<b>Okocim<\/b>\u00a0et\u00a0<b>Kasztelan<\/b>.\u00a0Si vous en trouvez, la\u00a0<b>\u0141omza<\/b>\u00a0est une bi\u00e8re non filtr\u00e9e de qualit\u00e9.<span data-ccp-props=\"{&quot;201341983&quot;:0,&quot;335559739&quot;:160,&quot;335559740&quot;:259}\">\u00a0<\/span><\/p>\n<p>G\u00e9n\u00e9ralement bons, tous ces breuvages sont rafra\u00eechissants et\u00a0bons march\u00e9s compar\u00e9s\u00a0aux marques \u00e9trang\u00e8res. Les aficionados opineront de la chope en apprenant qu\u2019il existe aussi de plus en plus de\u00a0<b>microbrasseries<\/b>\u00a0(sans doute un millier dans tout le pays !) qui produisent de v\u00e9ritables bonnes surprises d\u00e9clin\u00e9es en\u00a0<b>blondes<\/b><b>\u00a0(<\/b><b>jasne<\/b><b>)<\/b><b>, rousses<\/b><b>\u00a0(<\/b><b>czerwone<\/b><b>)<\/b><b>, brunes<\/b><b>\u00a0(<\/b><b>ciemne<\/b><b>)<\/b>, voire en\u00a0<b>blanches<\/b><b>\u00a0(<\/b><b>bia\u0142e<\/b><b>)<\/b>\u00a0et autre bi\u00e8re\u00a0<b>au gingembre<\/b><b>\u00a0(<\/b><b>imbirowe<\/b><b>)<\/b>&#8230;<span data-ccp-props=\"{&quot;201341983&quot;:0,&quot;335559739&quot;:160,&quot;335559740&quot;:259}\">\u00a0<\/span><\/p>\n<p>Ah oui, quand on commande une bi\u00e8re en Pologne, on re\u00e7oit un demi-litre!<\/p>\n<p>&nbsp;<\/p>\n<p><img decoding=\"async\" src=\"http:\/\/gfx.dlastudenta.pl\/photos\/uczelnie\/autorskie\/polskie_piwa.jpg\" alt=\"R\u00c3\u00a9sultat de recherche d'images pour &quot;piwo polska&quot;\" \/><\/p>\n<p>https:\/\/pytamy.wp.pl\/title,jakie-piwo-lubicie-najbardziej-ja-tam-bardzo-lubie-zywiec,page,2,pytanie.html<\/p>\n<p>&nbsp;<\/p>\n","protected":false},"excerpt":{"rendered":"<p>Bi\u00e8re\u00a0(Piwo)\u00a0\u00a0 Les Polonais aiment la bi\u00e8re et en consomment de plus en plus : ils se placent d\u00e9sormais au 5e rang des buveurs de bi\u00e8re europ\u00e9ens. Le pays produit surtout de\u00a0la\u00a0blonde\u00a0(jasne), et le choix s\u2019av\u00e8re assez vaste.\u00a0 Trois grands groupes se partagent 85 % du march\u00e9 :\u00a0Piwowarska\u00a0avec les marques\u00a0Lech,\u00a0Tyskie\u00a0et\u00a0\u017bubr,\u00a0Heineken\u00a0avec la tr\u00e8s populaire\u00a0\u017bywiec, la\u00a0Warka\u00a0et la\u00a0Tatra\u00a0(excellente et [&hellip;]<\/p>\n","protected":false},"author":2,"featured_media":0,"parent":569,"menu_order":6,"comment_status":"closed","ping_status":"closed","template":"","meta":{"footnotes":""},"_links":{"self":[{"href":"https:\/\/joanna-jonathan.be\/index.php\/wp-json\/wp\/v2\/pages\/594"}],"collection":[{"href":"https:\/\/joanna-jonathan.be\/index.php\/wp-json\/wp\/v2\/pages"}],"about":[{"href":"https:\/\/joanna-jonathan.be\/index.php\/wp-json\/wp\/v2\/types\/page"}],"author":[{"embeddable":true,"href":"https:\/\/joanna-jonathan.be\/index.php\/wp-json\/wp\/v2\/users\/2"}],"replies":[{"embeddable":true,"href":"https:\/\/joanna-jonathan.be\/index.php\/wp-json\/wp\/v2\/comments?post=594"}],"version-history":[{"count":4,"href":"https:\/\/joanna-jonathan.be\/index.php\/wp-json\/wp\/v2\/pages\/594\/revisions"}],"predecessor-version":[{"id":647,"href":"https:\/\/joanna-jonathan.be\/index.php\/wp-json\/wp\/v2\/pages\/594\/revisions\/647"}],"up":[{"embeddable":true,"href":"https:\/\/joanna-jonathan.be\/index.php\/wp-json\/wp\/v2\/pages\/569"}],"wp:attachment":[{"href":"https:\/\/joanna-jonathan.be\/index.php\/wp-json\/wp\/v2\/media?parent=594"}],"curies":[{"name":"wp","href":"https:\/\/api.w.org\/{rel}","templated":true}]}}