{"id":577,"date":"2018-04-30T20:43:38","date_gmt":"2018-04-30T18:43:38","guid":{"rendered":"https:\/\/joanna-jonathan.be\/?page_id=577"},"modified":"2018-04-30T20:51:18","modified_gmt":"2018-04-30T18:51:18","slug":"plats-dania","status":"publish","type":"page","link":"https:\/\/joanna-jonathan.be\/index.php\/gastronomie-polonaise\/plats-dania\/","title":{"rendered":"Plats\u00a0| Dania\u00a0"},"content":{"rendered":"<p><b>Les plats<\/b><b>\u00a0(<\/b><b>dania<\/b><b>)<\/b><span data-ccp-props=\"{&quot;201341983&quot;:0,&quot;335559739&quot;:160,&quot;335559740&quot;:259}\">\u00a0<\/span><\/p>\n<p><b>Bigos<\/b>\u00a0:\u00a0<b>la choucroute polonaise<\/b>. Chou, viande, assortiment de charcuterie, haricots, champignons, tomates et pruneaux secs. Plus il a repos\u00e9, plus il est savoureux.<span data-ccp-props=\"{&quot;201341983&quot;:0,&quot;335559739&quot;:160,&quot;335559740&quot;:259}\">\u00a0<span style=\"color: #ff6600;\">***<\/span><\/span><\/p>\n<p><img loading=\"lazy\" decoding=\"async\" class=\"aligncenter\" src=\"http:\/\/rafalkosik.com\/wp-content\/files\/photos\/091216_bigos_22.jpg\" alt=\"Znalezione obrazy dla zapytania bigos\" width=\"382\" height=\"239\" \/><\/p>\n<p style=\"text-align: center;\">https:\/\/pytamy.wp.pl\/title,jakie-mieso-dodajecie-do-bigosu,pytanie.html<\/p>\n<p><b>Golonko<\/b>\u00a0: jambonneau marin\u00e9 aux aromates ou \u00e0 la bi\u00e8re, puis mijot\u00e9 ou cuit au bouillon.<span data-ccp-props=\"{&quot;201341983&quot;:0,&quot;335559739&quot;:160,&quot;335559740&quot;:259}\">\u00a0<\/span><\/p>\n<p><img loading=\"lazy\" decoding=\"async\" class=\"aligncenter\" src=\"http:\/\/cdn4.beszamel.smcloud.net\/t\/thumbs\/660\/441\/1\/user_photos\/ThinkstockPhotos-512356000.jpg\" alt=\"Znalezione obrazy dla zapytania golonka\" width=\"400\" height=\"267\" \/><\/p>\n<p style=\"text-align: center;\">http:\/\/beszamel.se.pl\/dania-glowne-miesne\/golonka-w-piwie-po-bawarsku-przepis-na-pieczona-golonke-wieprzowa-wideo,18219\/<\/p>\n<p><b>Go\u0142\u0105bki<\/b>\u00a0: entendez litt\u00e9ralement \u00ab tourtereaux \u00bb. Mais si cela en a (globalement) l\u2019aspect, ce n\u2019est pas du pigeon. Il s\u2019agit de feuilles de chou garnies d\u2019une farce faite de porc (parfois du b\u0153uf), de riz et d\u2019oignon.<span data-ccp-props=\"{&quot;201341983&quot;:0,&quot;335559739&quot;:160,&quot;335559740&quot;:259}\">\u00a0<span style=\"color: #ff00ff;\">***<\/span><\/span><\/p>\n<p><img loading=\"lazy\" decoding=\"async\" class=\"aligncenter\" src=\"http:\/\/wielkiezarcie.com\/file\/40161716f.jpeg\" alt=\"Znalezione obrazy dla zapytania Go\u00c5\u0082\u00c4\u0085bki\u00c2\u00a0\" width=\"396\" height=\"208\" \/><\/p>\n<p style=\"text-align: center;\">http:\/\/wielkiezarcie.com\/przepisy\/golabki-magdy-gessler-30095238<\/p>\n<p><b>Kaczka<\/b><b>\u00a0z\u00a0<\/b><b>jab\u0142kami<\/b>\u00a0:\u00a0<b>canard farci de pommes<\/b>, souvent servi avec des\u00a0<b>pyzys<\/b>\u00a0&#8211;\u00a0grosses boulettes de pomme de terre r\u00e2p\u00e9e cuites \u00e0 la vapeur (assez spongieuses). On trempe les morceaux de\u00a0pyzy\u00a0dans le jus de canard.<span data-ccp-props=\"{&quot;201341983&quot;:0,&quot;335559739&quot;:160,&quot;335559740&quot;:259}\">\u00a0<\/span><\/p>\n<p><img loading=\"lazy\" decoding=\"async\" class=\"alignleft\" src=\"http:\/\/pychotka.pl\/foto\/kaczka-z-jablkami(1).jpg\" alt=\"Znalezione obrazy dla zapytania Kaczka\u00c2\u00a0z\u00c2\u00a0jab\u00c5\u0082kami\u00c2\u00a0\" width=\"319\" height=\"213\" \/><\/p>\n<p><img loading=\"lazy\" decoding=\"async\" class=\"\" src=\"http:\/\/2.bp.blogspot.com\/-uZGLD6Qj_fw\/VB2NiShhuMI\/AAAAAAAAJdE\/N7c7Tfcof1c\/s1600\/DSC_0470.JPG\" alt=\"Znalezione obrazy dla zapytania pyzy\" width=\"311\" height=\"208\" \/><\/p>\n<p style=\"text-align: left;\">http:\/\/pychotka.pl\/Kaczka-z-jab%C5%82kami\u00a0 \u00a0 \u00a0 \u00a0 \u00a0 \u00a0 \u00a0 \u00a0 \u00a0 \u00a0 https:\/\/katerina2804.blogspot.com\/2014\/01\/kluchy-slaskie-z-niespodzianka.html<\/p>\n<p><b>Karp<\/b>\u00a0:\u00a0<b>carpe<\/b>. Mille fa\u00e7ons de la pr\u00e9parer, \u00e0 la polonaise, \u00e0 la juive, en gel\u00e9e, toujours excellente.<span data-ccp-props=\"{&quot;201341983&quot;:0,&quot;335559739&quot;:160,&quot;335559740&quot;:259}\">\u00a0<\/span><\/p>\n<p><img loading=\"lazy\" decoding=\"async\" class=\"aligncenter\" src=\"https:\/\/f.wszelkieprzepisy.pl\/images\/sjpssk8i\/karp-smazony-z-maslem-ziolowym-orig.png\" alt=\"Znalezione obrazy dla zapytania Karp\" width=\"395\" height=\"264\" \/><\/p>\n<p style=\"text-align: center;\">https:\/\/www.wszelkieprzepisy.pl\/karp-smazony\/karp-smazony-z-maslem-ziolowym<\/p>\n<p><b>Kotlet<\/b><b>\u00a0<\/b><b>schabowy<\/b>\u00a0:\u00a0<b>c\u00f4te de porc pan\u00e9e<\/b>. C\u2019est le plat de viande le plus populaire en Pologne.<span data-ccp-props=\"{&quot;201341983&quot;:0,&quot;335559739&quot;:160,&quot;335559740&quot;:259}\">\u00a0<span style=\"color: #ff00ff;\">***<\/span><\/span><\/p>\n<p><img loading=\"lazy\" decoding=\"async\" class=\"aligncenter\" src=\"http:\/\/karczmazabidwor.pl\/files\/page\/zdjecia\/potrawy\/kotlet-%20schabowy.jpg\" alt=\"Znalezione obrazy dla zapytania Kotlet\u00c2\u00a0schabowy\" width=\"390\" height=\"260\" \/><\/p>\n<p style=\"text-align: center;\">http:\/\/karczmazabidwor.pl\/dania-ala-carte\/kotlet-schabowy-panierowany<\/p>\n<p><b>Nale\u015bniki<\/b>\u00a0: ce sont des cr\u00eapes fourr\u00e9es \u00e0 toutes sortes de bonnes choses sal\u00e9es (\u00e9pinards, entre autres). Existe aussi en dessert, au fromage frais, avec de la chantilly. Comme il y a en France des cr\u00eaperies, la Pologne compte ses \u00ab\u202fNale\u015bnikarnie\u202f\u00bb.<span data-ccp-props=\"{&quot;201341983&quot;:0,&quot;335559739&quot;:160,&quot;335559740&quot;:259}\">\u00a0<\/span><\/p>\n<p><img loading=\"lazy\" decoding=\"async\" class=\"\" src=\"https:\/\/akademiasmaku.pl\/upload\/recipes\/3447\/big\/nalesniki-ze-szpinakiem-i-feta-3447.jpg\" alt=\"Znalezione obrazy dla zapytania Nale\u00c5\u009bniki\" width=\"380\" height=\"214\" \/>\u00a0 \u00a0 \u00a0 \u00a0<img loading=\"lazy\" decoding=\"async\" class=\"\" src=\"https:\/\/i.wpimg.pl\/O\/644x426\/d.wpimg.pl\/715418617--1673125794\/shutterstock_308834828.jpg\" alt=\"Znalezione obrazy dla zapytania Nale\u00c5\u009bniki\" width=\"326\" height=\"216\" \/><\/p>\n<p>https:\/\/akademiasmaku.pl\/przepis\/nalesniki-ze-szpinakiem-i-feta,3447\u00a0 \u00a0 \u00a0 \u00a0https:\/\/kuchnia.wp.pl\/nalesniki-i-kluski-6069851318887553c<\/p>\n<p><b>Pierogi<\/b>\u00a0: formidables et \u00e9conomiques, ces grosses ravioles sont g\u00e9n\u00e9ralement fourr\u00e9es aux pommes de terre et fromage blanc (<b>pierogi<\/b><b>\u00a0<\/b><b>ruskie<\/b>) ou au chou (<b>pierogi<\/b><b>\u00a0z\u00a0<\/b><b>kapust\u0105<\/b>) et\/ou champignons, plus rarement \u00e0 la viande. Existe aussi en version sucr\u00e9e (myrtilles, fraises&#8230;). Les nouvelles\u00a0<b>pierogarnie<\/b>\u00a0jouent d\u00e9sormais la carte de l\u2019inventivit\u00e9 et les d\u00e9clinent \u00e0 toutes les sauces. Attention de diff\u00e9rencier la version classique, \u00e0 la vapeur, de la version au four, plus dense.<span data-ccp-props=\"{&quot;201341983&quot;:0,&quot;335559739&quot;:160,&quot;335559740&quot;:259}\">\u00a0<span style=\"color: #ff6600;\">***<\/span><\/span><\/p>\n<p><img loading=\"lazy\" decoding=\"async\" class=\"\" src=\"https:\/\/static.smaker.pl\/photos\/2\/1\/e\/21e731fdffc5e6dbc6dd5d2cee0dc9ae_110705_59d3c331201a4_wm.jpg\" alt=\"Podobny obraz\" width=\"314\" height=\"228\" \/>\u00a0 \u00a0<img loading=\"lazy\" decoding=\"async\" class=\"\" src=\"https:\/\/www.zajadam.pl\/wp-content\/uploads\/2014\/06\/pierogi-z-jagodami-654x392.jpg\" alt=\"Znalezione obrazy dla zapytania Pierogi\" width=\"374\" height=\"224\" \/><\/p>\n<p>https:\/\/smaker.pl\/przepis-pierogi-ruskie-z-boczkiem,154206,agnieszkacrow.html\u00a0\u00a0https:\/\/www.zajadam.pl\/pierogi\/pierogi-z-jagodami<\/p>\n<p><strong><span class=\"TextRun SCXW3901882\" lang=\"FR-BE\" xml:lang=\"FR-BE\"><span class=\"SpellingError SCXW3901882\">Zraz<\/span><\/span><span class=\"TextRun SCXW3901882\" lang=\"FR-BE\" xml:lang=\"FR-BE\"><span class=\"NormalTextRun SCXW3901882\">\u00a0<\/span><\/span><span class=\"TextRun SCXW3901882\" lang=\"FR-BE\" xml:lang=\"FR-BE\"><span class=\"SpellingError SCXW3901882\">zawijany<\/span><\/span><\/strong><span class=\"TextRun SCXW3901882\" lang=\"FR-BE\" xml:lang=\"FR-BE\"><span class=\"NormalTextRun SCXW3901882\">\u00a0: viande de b\u0153uf battue et roul\u00e9e avec de la poitrine fum\u00e9e et des cornichons sal\u00e9s \u00e0 l\u2019int\u00e9rieur. Excellent, souvent servi avec du\u00a0<\/span><\/span><span class=\"TextRun SCXW3901882\" lang=\"FR-BE\" xml:lang=\"FR-BE\"><span class=\"SpellingError SCXW3901882\">kasza<\/span><\/span><span class=\"TextRun SCXW3901882\" lang=\"FR-BE\" xml:lang=\"FR-BE\"><span class=\"NormalTextRun SCXW3901882\">\u00a0<\/span><\/span><span class=\"TextRun SCXW3901882\" lang=\"FR-BE\" xml:lang=\"FR-BE\"><span class=\"SpellingError SCXW3901882\">gryczana<\/span><\/span><span class=\"TextRun SCXW3901882\" lang=\"FR-BE\" xml:lang=\"FR-BE\"><span class=\"NormalTextRun SCXW3901882\">\u00a0(<\/span><\/span><span class=\"TextRun SCXW3901882\" lang=\"FR-BE\" xml:lang=\"FR-BE\"><span class=\"NormalTextRun SCXW3901882\">sarrasin<\/span><\/span><span class=\"TextRun SCXW3901882\" lang=\"FR-BE\" xml:lang=\"FR-BE\"><span class=\"NormalTextRun SCXW3901882\">).<\/span><\/span><span class=\"EOP SCXW3901882\" data-ccp-props=\"{&quot;201341983&quot;:0,&quot;335559739&quot;:160,&quot;335559740&quot;:259}\">\u00a0<span style=\"color: #ff00ff;\">***<\/span><\/span><\/p>\n<p><img loading=\"lazy\" decoding=\"async\" class=\"\" src=\"https:\/\/t2.aimg.sk\/magaziny\/9JlS5dvfQbmBbBZFqZ5-8A~Plnen-z-vitky-z-ro-tenky.jpg?t=L2ZpdC1pbi82MDB4MA%3D%3D&amp;h=l4Qak2htf8fAKihiUUsZCg&amp;e=2145916800&amp;v=1\" alt=\"Podobny obraz\" width=\"381\" height=\"254\" \/>\u00a0 \u00a0<img loading=\"lazy\" decoding=\"async\" class=\"\" src=\"http:\/\/i.iplsc.com\/zrazy-z-kasza-gryczana\/00041T4O9HLNE390-C122-F4.jpg\" alt=\"Podobny obraz\" width=\"342\" height=\"251\" \/><\/p>\n<p>https:\/\/dobruchut.azet.sk\/recept\/39072\/plnene-zavitky-z-rostenky\/\u00a0 \u00a0\u00a0http:\/\/kobieta.interia.pl\/kuchnia\/news-zrazy-z-karkowki-z-kasza-gryczana,nId,1021735<\/p>\n","protected":false},"excerpt":{"rendered":"<p>Les plats\u00a0(dania)\u00a0 Bigos\u00a0:\u00a0la choucroute polonaise. Chou, viande, assortiment de charcuterie, haricots, champignons, tomates et pruneaux secs. Plus il a repos\u00e9, plus il est savoureux.\u00a0*** https:\/\/pytamy.wp.pl\/title,jakie-mieso-dodajecie-do-bigosu,pytanie.html Golonko\u00a0: jambonneau marin\u00e9 aux aromates ou \u00e0 la bi\u00e8re, puis mijot\u00e9 ou cuit au bouillon.\u00a0 http:\/\/beszamel.se.pl\/dania-glowne-miesne\/golonka-w-piwie-po-bawarsku-przepis-na-pieczona-golonke-wieprzowa-wideo,18219\/ Go\u0142\u0105bki\u00a0: entendez litt\u00e9ralement \u00ab tourtereaux \u00bb. Mais si cela en a (globalement) l\u2019aspect, ce [&hellip;]<\/p>\n","protected":false},"author":2,"featured_media":0,"parent":569,"menu_order":4,"comment_status":"closed","ping_status":"closed","template":"","meta":{"footnotes":""},"_links":{"self":[{"href":"https:\/\/joanna-jonathan.be\/index.php\/wp-json\/wp\/v2\/pages\/577"}],"collection":[{"href":"https:\/\/joanna-jonathan.be\/index.php\/wp-json\/wp\/v2\/pages"}],"about":[{"href":"https:\/\/joanna-jonathan.be\/index.php\/wp-json\/wp\/v2\/types\/page"}],"author":[{"embeddable":true,"href":"https:\/\/joanna-jonathan.be\/index.php\/wp-json\/wp\/v2\/users\/2"}],"replies":[{"embeddable":true,"href":"https:\/\/joanna-jonathan.be\/index.php\/wp-json\/wp\/v2\/comments?post=577"}],"version-history":[{"count":10,"href":"https:\/\/joanna-jonathan.be\/index.php\/wp-json\/wp\/v2\/pages\/577\/revisions"}],"predecessor-version":[{"id":629,"href":"https:\/\/joanna-jonathan.be\/index.php\/wp-json\/wp\/v2\/pages\/577\/revisions\/629"}],"up":[{"embeddable":true,"href":"https:\/\/joanna-jonathan.be\/index.php\/wp-json\/wp\/v2\/pages\/569"}],"wp:attachment":[{"href":"https:\/\/joanna-jonathan.be\/index.php\/wp-json\/wp\/v2\/media?parent=577"}],"curies":[{"name":"wp","href":"https:\/\/api.w.org\/{rel}","templated":true}]}}