{"id":575,"date":"2018-04-30T20:41:38","date_gmt":"2018-04-30T18:41:38","guid":{"rendered":"https:\/\/joanna-jonathan.be\/?page_id=575"},"modified":"2018-04-30T20:50:06","modified_gmt":"2018-04-30T18:50:06","slug":"hors-doeuvre-przystawki","status":"publish","type":"page","link":"https:\/\/joanna-jonathan.be\/index.php\/gastronomie-polonaise\/hors-doeuvre-przystawki\/","title":{"rendered":"Hors-d&rsquo;\u0153uvre\u00a0| Przystawki"},"content":{"rendered":"<p><b>Les hors-d&rsquo;\u0153uvre<\/b><b>\u00a0(<\/b><b>Przystawki<\/b><b>)<\/b><span data-ccp-props=\"{&quot;201341983&quot;:0,&quot;335559739&quot;:160,&quot;335559740&quot;:259}\">\u00a0<\/span><\/p>\n<p><b>\u015aled\u017a<\/b>\u00a0:\u00a0<b>hareng<\/b>, en g\u00e9n\u00e9ral marin\u00e9, servi au choix dans de l\u2019huile, avec de la cr\u00e8me fra\u00eeche, des oignons ou des tomates. On l\u2019accompagne d\u2019un petit verre de vodka bien glac\u00e9e qui aiguise l\u2019app\u00e9tit. Les meilleurs\u00a0\u015bled\u017a\u00a0sont tr\u00e8s tendres.\u00a0<span data-ccp-props=\"{&quot;201341983&quot;:0,&quot;335559739&quot;:160,&quot;335559740&quot;:259}\">\u00a0<\/span><\/p>\n<p><img loading=\"lazy\" decoding=\"async\" class=\"aligncenter\" src=\"http:\/\/foodo.pl\/wp-content\/uploads\/2013\/11\/sledz.jpg\" alt=\"Znalezione obrazy dla zapytania \u00c5\u009aled\u00c5\u00ba\u00c2\u00a0\" width=\"326\" height=\"218\" \/><\/p>\n<p style=\"text-align: center;\">\n<blockquote class=\"wp-embedded-content\" data-secret=\"OeEXT8KGD7\"><p><a href=\"https:\/\/foodo.pl\/sledzie-w-oleju\/\">\u015aledzie w oleju z cebulk\u0105<\/a><\/p><\/blockquote>\n<p><iframe class=\"wp-embedded-content\" sandbox=\"allow-scripts\" security=\"restricted\" style=\"position: absolute; clip: rect(1px, 1px, 1px, 1px);\" title=\"&#8222;\u015aledzie w oleju z cebulk\u0105&#8221; &#8212; Foodo\" src=\"https:\/\/foodo.pl\/sledzie-w-oleju\/embed\/#?secret=IMlMBBL6aw#?secret=OeEXT8KGD7\" data-secret=\"OeEXT8KGD7\" width=\"600\" height=\"338\" frameborder=\"0\" marginwidth=\"0\" marginheight=\"0\" scrolling=\"no\"><\/iframe><\/p>\n<p><b>Tatar<\/b>\u00a0:\u00a0<b>steak tartare<\/b>, servi avec des cornichons sal\u00e9s, un \u0153uf et un oignon tout finement hach\u00e9. Ca ne devrait pas trop d\u00e9payser les Belges \ud83d\ude42\u00a0<span style=\"color: #ff6600;\">***<\/span><\/p>\n<p><img loading=\"lazy\" decoding=\"async\" class=\"aligncenter\" src=\"http:\/\/cdn14.beszamel.smcloud.net\/t\/thumbs\/660\/441\/1\/user_photos\/przepis-na-tatar-jak-zrobic-tatar.jpg\" alt=\"Znalezione obrazy dla zapytania Tatar\" width=\"334\" height=\"223\" \/><\/p>\n<p style=\"text-align: center;\">http:\/\/beszamel.se.pl\/przekaski\/przepis-na-tatar-jak-zrobic-tatara-w-domu,3243\/<\/p>\n<p><b>Sur\u00f3wka<\/b>\u00a0:\u00a0<b>chou rouge<\/b>,\u00a0<b>chou blanc<\/b>\u00a0et\u00a0<b>carottes r\u00e2p\u00e9s<\/b>. Un tierc\u00e9 presque syst\u00e9matiquement gagnant !<span data-ccp-props=\"{&quot;201341983&quot;:0,&quot;335559739&quot;:160,&quot;335559740&quot;:259}\">\u00a0<span style=\"color: #ff00ff;\">***<\/span><\/span><\/p>\n<p><img loading=\"lazy\" decoding=\"async\" class=\"aligncenter\" src=\"https:\/\/www.papurazzi.pl\/images\/big5\/3546.jpg\" alt=\"Podobny obraz\" width=\"341\" height=\"256\" \/><\/p>\n<p style=\"text-align: center;\">https:\/\/www.papurazzi.pl\/jedzenie\/3546-zestaw-surowek-green-way-sopot<\/p>\n","protected":false},"excerpt":{"rendered":"<p>Les hors-d&rsquo;\u0153uvre\u00a0(Przystawki)\u00a0 \u015aled\u017a\u00a0:\u00a0hareng, en g\u00e9n\u00e9ral marin\u00e9, servi au choix dans de l\u2019huile, avec de la cr\u00e8me fra\u00eeche, des oignons ou des tomates. On l\u2019accompagne d\u2019un petit verre de vodka bien glac\u00e9e qui aiguise l\u2019app\u00e9tit. Les meilleurs\u00a0\u015bled\u017a\u00a0sont tr\u00e8s tendres.\u00a0\u00a0 \u015aledzie w oleju z cebulk\u0105 Tatar\u00a0:\u00a0steak tartare, servi avec des cornichons sal\u00e9s, un \u0153uf et un oignon [&hellip;]<\/p>\n","protected":false},"author":2,"featured_media":0,"parent":569,"menu_order":3,"comment_status":"closed","ping_status":"closed","template":"","meta":{"footnotes":""},"_links":{"self":[{"href":"https:\/\/joanna-jonathan.be\/index.php\/wp-json\/wp\/v2\/pages\/575"}],"collection":[{"href":"https:\/\/joanna-jonathan.be\/index.php\/wp-json\/wp\/v2\/pages"}],"about":[{"href":"https:\/\/joanna-jonathan.be\/index.php\/wp-json\/wp\/v2\/types\/page"}],"author":[{"embeddable":true,"href":"https:\/\/joanna-jonathan.be\/index.php\/wp-json\/wp\/v2\/users\/2"}],"replies":[{"embeddable":true,"href":"https:\/\/joanna-jonathan.be\/index.php\/wp-json\/wp\/v2\/comments?post=575"}],"version-history":[{"count":6,"href":"https:\/\/joanna-jonathan.be\/index.php\/wp-json\/wp\/v2\/pages\/575\/revisions"}],"predecessor-version":[{"id":628,"href":"https:\/\/joanna-jonathan.be\/index.php\/wp-json\/wp\/v2\/pages\/575\/revisions\/628"}],"up":[{"embeddable":true,"href":"https:\/\/joanna-jonathan.be\/index.php\/wp-json\/wp\/v2\/pages\/569"}],"wp:attachment":[{"href":"https:\/\/joanna-jonathan.be\/index.php\/wp-json\/wp\/v2\/media?parent=575"}],"curies":[{"name":"wp","href":"https:\/\/api.w.org\/{rel}","templated":true}]}}