{"id":567,"date":"2018-06-14T10:51:02","date_gmt":"2018-06-14T08:51:02","guid":{"rendered":"https:\/\/joanna-jonathan.be\/?page_id=567"},"modified":"2018-06-14T11:12:12","modified_gmt":"2018-06-14T09:12:12","slug":"lendemain-des-noces-poprawiny","status":"publish","type":"page","link":"https:\/\/joanna-jonathan.be\/index.php\/mariage-polonais\/lendemain-des-noces-poprawiny\/","title":{"rendered":"Lendemain des noces | Poprawiny"},"content":{"rendered":"<p><span class=\"TextRun SCXW220073952\" lang=\"FR-BE\" xml:lang=\"FR-BE\"><span class=\"NormalTextRun SCXW220073952\">Et bien on remet \u00e7a ! En Pologne il est fr\u00e9quent que tous les invit\u00e9s du mariage se r\u00e9unissent de nouveau autour d\u2019un repas le lendemain du mariage. G\u00e9n\u00e9ralement les mariages durent deux jours.<\/span><\/span><span class=\"EOP SCXW220073952\" data-ccp-props=\"{&quot;134233117&quot;:true,&quot;134233118&quot;:true,&quot;201341983&quot;:0,&quot;335551550&quot;:6,&quot;335551620&quot;:6,&quot;335559739&quot;:120,&quot;335559740&quot;:240}\">\u00a0<\/span><\/p>\n<p><img loading=\"lazy\" decoding=\"async\" class=\"aligncenter\" src=\"http:\/\/www.dobrafotografiaslubna.pl\/wp-content\/uploads\/2014\/07\/20140301-453-toast-wodka.jpg\" width=\"404\" height=\"270\" \/><\/p>\n","protected":false},"excerpt":{"rendered":"<p>Et bien on remet \u00e7a ! En Pologne il est fr\u00e9quent que tous les invit\u00e9s du mariage se r\u00e9unissent de nouveau autour d\u2019un repas le lendemain du mariage. G\u00e9n\u00e9ralement les mariages durent deux jours.\u00a0<\/p>\n","protected":false},"author":2,"featured_media":0,"parent":513,"menu_order":6,"comment_status":"closed","ping_status":"closed","template":"","meta":{"footnotes":""},"_links":{"self":[{"href":"https:\/\/joanna-jonathan.be\/index.php\/wp-json\/wp\/v2\/pages\/567"}],"collection":[{"href":"https:\/\/joanna-jonathan.be\/index.php\/wp-json\/wp\/v2\/pages"}],"about":[{"href":"https:\/\/joanna-jonathan.be\/index.php\/wp-json\/wp\/v2\/types\/page"}],"author":[{"embeddable":true,"href":"https:\/\/joanna-jonathan.be\/index.php\/wp-json\/wp\/v2\/users\/2"}],"replies":[{"embeddable":true,"href":"https:\/\/joanna-jonathan.be\/index.php\/wp-json\/wp\/v2\/comments?post=567"}],"version-history":[{"count":3,"href":"https:\/\/joanna-jonathan.be\/index.php\/wp-json\/wp\/v2\/pages\/567\/revisions"}],"predecessor-version":[{"id":704,"href":"https:\/\/joanna-jonathan.be\/index.php\/wp-json\/wp\/v2\/pages\/567\/revisions\/704"}],"up":[{"embeddable":true,"href":"https:\/\/joanna-jonathan.be\/index.php\/wp-json\/wp\/v2\/pages\/513"}],"wp:attachment":[{"href":"https:\/\/joanna-jonathan.be\/index.php\/wp-json\/wp\/v2\/media?parent=567"}],"curies":[{"name":"wp","href":"https:\/\/api.w.org\/{rel}","templated":true}]}}