{"id":565,"date":"2018-06-14T10:32:28","date_gmt":"2018-06-14T08:32:28","guid":{"rendered":"https:\/\/joanna-jonathan.be\/?page_id=565"},"modified":"2018-06-14T22:11:30","modified_gmt":"2018-06-14T20:11:30","slug":"a-minuit-oczepiny","status":"publish","type":"page","link":"https:\/\/joanna-jonathan.be\/index.php\/mariage-polonais\/a-minuit-oczepiny\/","title":{"rendered":"A minuit | Oczepiny"},"content":{"rendered":"<p>La mari\u00e9e lance son\u202fvoile\u202fet le mari\u00e9 sa\u202fcravate\u202faux c\u00e9libataires pr\u00e9sents, on dit que celui ou celle qui obtiendrait un de ces objets trouverait chaussure \u00e0 son pied dans l\u2019ann\u00e9e.\u00a0<span data-ccp-props=\"{&quot;134233117&quot;:true,&quot;134233118&quot;:true,&quot;201341983&quot;:0,&quot;335551550&quot;:6,&quot;335551620&quot;:6,&quot;335559739&quot;:120,&quot;335559740&quot;:240}\">\u00a0<\/span><\/p>\n<p>Et, la f\u00eate continue, continue, continue. Pour se terminer souvent le beau matin.<span data-ccp-props=\"{&quot;134233117&quot;:true,&quot;134233118&quot;:true,&quot;201341983&quot;:0,&quot;335551550&quot;:6,&quot;335551620&quot;:6,&quot;335559739&quot;:120,&quot;335559740&quot;:240}\">\u00a0<\/span><\/p>\n<p><img loading=\"lazy\" decoding=\"async\" class=\"aligncenter\" src=\"https:\/\/myperfectwedday.files.wordpress.com\/2015\/01\/bb4dd-magda26adam262.jpg\" width=\"491\" height=\"327\" \/><\/p>\n","protected":false},"excerpt":{"rendered":"<p>La mari\u00e9e lance son\u202fvoile\u202fet le mari\u00e9 sa\u202fcravate\u202faux c\u00e9libataires pr\u00e9sents, on dit que celui ou celle qui obtiendrait un de ces objets trouverait chaussure \u00e0 son pied dans l\u2019ann\u00e9e.\u00a0\u00a0 Et, la f\u00eate continue, continue, continue. Pour se terminer souvent le beau matin.\u00a0<\/p>\n","protected":false},"author":2,"featured_media":0,"parent":513,"menu_order":2,"comment_status":"closed","ping_status":"closed","template":"","meta":{"footnotes":""},"_links":{"self":[{"href":"https:\/\/joanna-jonathan.be\/index.php\/wp-json\/wp\/v2\/pages\/565"}],"collection":[{"href":"https:\/\/joanna-jonathan.be\/index.php\/wp-json\/wp\/v2\/pages"}],"about":[{"href":"https:\/\/joanna-jonathan.be\/index.php\/wp-json\/wp\/v2\/types\/page"}],"author":[{"embeddable":true,"href":"https:\/\/joanna-jonathan.be\/index.php\/wp-json\/wp\/v2\/users\/2"}],"replies":[{"embeddable":true,"href":"https:\/\/joanna-jonathan.be\/index.php\/wp-json\/wp\/v2\/comments?post=565"}],"version-history":[{"count":3,"href":"https:\/\/joanna-jonathan.be\/index.php\/wp-json\/wp\/v2\/pages\/565\/revisions"}],"predecessor-version":[{"id":706,"href":"https:\/\/joanna-jonathan.be\/index.php\/wp-json\/wp\/v2\/pages\/565\/revisions\/706"}],"up":[{"embeddable":true,"href":"https:\/\/joanna-jonathan.be\/index.php\/wp-json\/wp\/v2\/pages\/513"}],"wp:attachment":[{"href":"https:\/\/joanna-jonathan.be\/index.php\/wp-json\/wp\/v2\/media?parent=565"}],"curies":[{"name":"wp","href":"https:\/\/api.w.org\/{rel}","templated":true}]}}