{"id":563,"date":"2018-06-14T10:51:30","date_gmt":"2018-06-14T08:51:30","guid":{"rendered":"https:\/\/joanna-jonathan.be\/?page_id=563"},"modified":"2018-06-14T11:12:30","modified_gmt":"2018-06-14T09:12:30","slug":"repas-dania-weselne","status":"publish","type":"page","link":"https:\/\/joanna-jonathan.be\/index.php\/mariage-polonais\/repas-dania-weselne\/","title":{"rendered":"Repas\u00a0|\u00a0Dania\u00a0\u00a0weselne"},"content":{"rendered":"<p>Les tables sont garnies avec des plats vari\u00e9s et d\u00e9licieux, qui resteront pendant toute la f\u00eate sur les tables et qui seront consomm\u00e9s par des invit\u00e9s \u00e0 tout moment voulu, pour se ressourcer entre les danses et les jeux.\u00a0<span data-ccp-props=\"{&quot;201341983&quot;:0,&quot;335551550&quot;:6,&quot;335551620&quot;:6,&quot;335559739&quot;:120,&quot;335559740&quot;:240}\">\u00a0<\/span><\/p>\n<p>Au d\u00e9but quelques plats chauds sont servis, et aussi quelques d&rsquo;autres plats cuisin\u00e9s un peu plus tard. Entre-temps, les invit\u00e9s se r\u00e9galent avec les plats froids (salades, viandes, poissons), ainsi qu&rsquo;avec les fruits, g\u00e2teaux.<span data-ccp-props=\"{&quot;201341983&quot;:0,&quot;335551550&quot;:6,&quot;335551620&quot;:6,&quot;335559739&quot;:120,&quot;335559740&quot;:240}\">\u00a0<\/span><\/p>\n<p>Donc toute la nuit est consacr\u00e9e au fun : musique, danses, jeux et toasts &#8211; \u00e0 la sant\u00e9 des jeunes mari\u00e9s, leurs t\u00e9moins, leurs parents, etc., etc. (dont plusieurs demandes des invit\u00e9s que la vodka soit \u00ab sucr\u00e9e \u00bb par les jeunes mari\u00e9s &#8211; donc \u00e0 chaque demande un bisou fort est n\u00e9cessaire!).\u00a0<span data-ccp-props=\"{&quot;201341983&quot;:0,&quot;335551550&quot;:6,&quot;335551620&quot;:6,&quot;335559739&quot;:120,&quot;335559740&quot;:240}\">\u00a0<\/span><\/p>\n<p>Vers 22h\u00a0le g\u00e2teau principal de la f\u00eate arrive ! Le couple de jeunes mari\u00e9s coupe ensemble la premi\u00e8re part du g\u00e2teau, qui sera ensuite distribu\u00e9 parmi les invit\u00e9s.<\/p>\n<p><span data-ccp-props=\"{&quot;201341983&quot;:0,&quot;335551550&quot;:6,&quot;335551620&quot;:6,&quot;335559739&quot;:120,&quot;335559740&quot;:240}\"><img loading=\"lazy\" decoding=\"async\" class=\"aligncenter\" src=\"http:\/\/www.wesele.com.pl\/userfiles\/_CMS_\/artykuly\/menu-weselne-3.jpg\" width=\"456\" height=\"304\" \/>\u00a0<\/span><\/p>\n","protected":false},"excerpt":{"rendered":"<p>Les tables sont garnies avec des plats vari\u00e9s et d\u00e9licieux, qui resteront pendant toute la f\u00eate sur les tables et qui seront consomm\u00e9s par des invit\u00e9s \u00e0 tout moment voulu, pour se ressourcer entre les danses et les jeux.\u00a0\u00a0 Au d\u00e9but quelques plats chauds sont servis, et aussi quelques d&rsquo;autres plats cuisin\u00e9s un peu plus [&hellip;]<\/p>\n","protected":false},"author":2,"featured_media":0,"parent":513,"menu_order":7,"comment_status":"closed","ping_status":"closed","template":"","meta":{"footnotes":""},"_links":{"self":[{"href":"https:\/\/joanna-jonathan.be\/index.php\/wp-json\/wp\/v2\/pages\/563"}],"collection":[{"href":"https:\/\/joanna-jonathan.be\/index.php\/wp-json\/wp\/v2\/pages"}],"about":[{"href":"https:\/\/joanna-jonathan.be\/index.php\/wp-json\/wp\/v2\/types\/page"}],"author":[{"embeddable":true,"href":"https:\/\/joanna-jonathan.be\/index.php\/wp-json\/wp\/v2\/users\/2"}],"replies":[{"embeddable":true,"href":"https:\/\/joanna-jonathan.be\/index.php\/wp-json\/wp\/v2\/comments?post=563"}],"version-history":[{"count":4,"href":"https:\/\/joanna-jonathan.be\/index.php\/wp-json\/wp\/v2\/pages\/563\/revisions"}],"predecessor-version":[{"id":705,"href":"https:\/\/joanna-jonathan.be\/index.php\/wp-json\/wp\/v2\/pages\/563\/revisions\/705"}],"up":[{"embeddable":true,"href":"https:\/\/joanna-jonathan.be\/index.php\/wp-json\/wp\/v2\/pages\/513"}],"wp:attachment":[{"href":"https:\/\/joanna-jonathan.be\/index.php\/wp-json\/wp\/v2\/media?parent=563"}],"curies":[{"name":"wp","href":"https:\/\/api.w.org\/{rel}","templated":true}]}}