{"id":557,"date":"2018-06-14T10:50:49","date_gmt":"2018-06-14T08:50:49","guid":{"rendered":"https:\/\/joanna-jonathan.be\/?page_id=557"},"modified":"2018-06-14T10:55:52","modified_gmt":"2018-06-14T08:55:52","slug":"du-pain-du-sel-de-leau-et-de-la-vodka-powitanie-chlebem-sola-woda-i-wodka","status":"publish","type":"page","link":"https:\/\/joanna-jonathan.be\/index.php\/mariage-polonais\/du-pain-du-sel-de-leau-et-de-la-vodka-powitanie-chlebem-sola-woda-i-wodka\/","title":{"rendered":"Du pain, du sel, de l\u2019eau et de la vodka | Powitanie chlebem, sol\u0105, wod\u0105 i w\u00f3dk\u0105"},"content":{"rendered":"<p>Lorsque les invit\u00e9s arrivent au lieu de r\u00e9ception, leurs parents les accueillent avec du pain, du sel, de l\u2019eau et de la vodka.\u00a0<span data-ccp-props=\"{&quot;134233117&quot;:true,&quot;134233118&quot;:true,&quot;201341983&quot;:0,&quot;335551550&quot;:6,&quot;335551620&quot;:6,&quot;335559739&quot;:120,&quot;335559740&quot;:240}\">\u00a0<\/span><\/p>\n<p>Le pain symbolise la\u202fprosp\u00e9rit\u00e9, pour que le couple n\u2019ait jamais faim. Le sel repr\u00e9sente les\u202fdifficult\u00e9s\u202fqu\u2019ils pourraient rencontrer dans leur vie \u00e0 deux.<span data-ccp-props=\"{&quot;134233117&quot;:true,&quot;134233118&quot;:true,&quot;201341983&quot;:0,&quot;335551550&quot;:6,&quot;335551620&quot;:6,&quot;335559739&quot;:120,&quot;335559740&quot;:240}\">\u00a0<\/span><\/p>\n<p>Deux verres accompagnent le pain et le sel, un verre d\u2019eau et un verre de vodka. La mari\u00e9e doit en choisir un, selon la croyance il semblerait que la personne qui aura le verre de vodka sera la personne dominante dans la relation. Les mari\u00e9s jettent ensuite les verres, s\u2019ils se cassent alors le mariage sera\u202fchanceux.<span data-ccp-props=\"{&quot;134233117&quot;:true,&quot;134233118&quot;:true,&quot;201341983&quot;:0,&quot;335551550&quot;:6,&quot;335551620&quot;:6,&quot;335559739&quot;:120,&quot;335559740&quot;:240}\">\u00a0<\/span><\/p>\n<p>La c\u00e9r\u00e9monie d&rsquo;accueil est tr\u00e8s importante, car elle symbolise l&rsquo;accueil \u00e0 la porte d&rsquo;une nouvelle vie, une nouvelle famille, qui doit \u00eatre riche et heureuse, ainsi que cela veut aussi dire, que les parents acceptent depuis ce moment-l\u00e0 femme\/le mari de leur enfant, qui devient maintenant aussi leur enfant.<span data-ccp-props=\"{&quot;134233117&quot;:true,&quot;134233118&quot;:true,&quot;201341983&quot;:0,&quot;335551550&quot;:6,&quot;335551620&quot;:6,&quot;335559739&quot;:120,&quot;335559740&quot;:240}\">\u00a0<\/span><\/p>\n<p><img loading=\"lazy\" decoding=\"async\" class=\"aligncenter\" src=\"https:\/\/i.ytimg.com\/vi\/CmRzYnapqwg\/maxresdefault.jpg\" width=\"488\" height=\"275\" \/><\/p>\n","protected":false},"excerpt":{"rendered":"<p>Lorsque les invit\u00e9s arrivent au lieu de r\u00e9ception, leurs parents les accueillent avec du pain, du sel, de l\u2019eau et de la vodka.\u00a0\u00a0 Le pain symbolise la\u202fprosp\u00e9rit\u00e9, pour que le couple n\u2019ait jamais faim. Le sel repr\u00e9sente les\u202fdifficult\u00e9s\u202fqu\u2019ils pourraient rencontrer dans leur vie \u00e0 deux.\u00a0 Deux verres accompagnent le pain et le sel, un verre [&hellip;]<\/p>\n","protected":false},"author":2,"featured_media":0,"parent":513,"menu_order":5,"comment_status":"closed","ping_status":"closed","template":"","meta":{"footnotes":""},"_links":{"self":[{"href":"https:\/\/joanna-jonathan.be\/index.php\/wp-json\/wp\/v2\/pages\/557"}],"collection":[{"href":"https:\/\/joanna-jonathan.be\/index.php\/wp-json\/wp\/v2\/pages"}],"about":[{"href":"https:\/\/joanna-jonathan.be\/index.php\/wp-json\/wp\/v2\/types\/page"}],"author":[{"embeddable":true,"href":"https:\/\/joanna-jonathan.be\/index.php\/wp-json\/wp\/v2\/users\/2"}],"replies":[{"embeddable":true,"href":"https:\/\/joanna-jonathan.be\/index.php\/wp-json\/wp\/v2\/comments?post=557"}],"version-history":[{"count":2,"href":"https:\/\/joanna-jonathan.be\/index.php\/wp-json\/wp\/v2\/pages\/557\/revisions"}],"predecessor-version":[{"id":703,"href":"https:\/\/joanna-jonathan.be\/index.php\/wp-json\/wp\/v2\/pages\/557\/revisions\/703"}],"up":[{"embeddable":true,"href":"https:\/\/joanna-jonathan.be\/index.php\/wp-json\/wp\/v2\/pages\/513"}],"wp:attachment":[{"href":"https:\/\/joanna-jonathan.be\/index.php\/wp-json\/wp\/v2\/media?parent=557"}],"curies":[{"name":"wp","href":"https:\/\/api.w.org\/{rel}","templated":true}]}}