{"id":555,"date":"2018-06-14T10:50:27","date_gmt":"2018-06-14T08:50:27","guid":{"rendered":"https:\/\/joanna-jonathan.be\/?page_id=555"},"modified":"2018-06-14T10:50:39","modified_gmt":"2018-06-14T08:50:39","slug":"ceremonie-slub","status":"publish","type":"page","link":"https:\/\/joanna-jonathan.be\/index.php\/mariage-polonais\/ceremonie-slub\/","title":{"rendered":"C\u00e9r\u00e9monie | \u015alub"},"content":{"rendered":"<p>Comme le mariage religieux a\u202fla m\u00eame valeur\u202fqu\u2019un mariage civil, les futurs \u00e9poux optent souvent pour un mariage \u00e0 l\u2019\u00e9glise o\u00f9 ils sont conduits en musique. Une c\u00e9r\u00e9monie conforme aux\u202frites catholiques\u202favec l\u2019amour et la fondation d\u2019une famille comme base du mariage, a ensuite lieu.\u00a0<span data-ccp-props=\"{&quot;134233117&quot;:true,&quot;134233118&quot;:true,&quot;201341983&quot;:0,&quot;335551550&quot;:6,&quot;335551620&quot;:6,&quot;335559739&quot;:120,&quot;335559740&quot;:240}\">\u00a0<\/span><\/p>\n<p>Apr\u00e8s la sortie de l&rsquo;\u00e9glise,\u00a0les invit\u00e9s jettent des monnaies qui doivent \u00eatre cueillis par les mari\u00e9s\u00a0et\u00a0le riz sur les jeunes mari\u00e9s &#8211; c&rsquo;est une vielle tradition, cela doit leur apporter la chance dans la nouvelle vie et la richesse.<span data-ccp-props=\"{&quot;134233117&quot;:true,&quot;134233118&quot;:true,&quot;201341983&quot;:0,&quot;335551550&quot;:6,&quot;335551620&quot;:6,&quot;335559739&quot;:120,&quot;335559740&quot;:240}\">\u00a0<\/span><\/p>\n<p><img loading=\"lazy\" decoding=\"async\" class=\"aligncenter\" src=\"http:\/\/www.magiaobrazu.com\/blog\/wp-content\/uploads\/28-14311-post\/slub-w-kosciele-katarzyny-czechowice-2(pp_w1180_h786).jpg\" width=\"383\" height=\"255\" \/><\/p>\n","protected":false},"excerpt":{"rendered":"<p>Comme le mariage religieux a\u202fla m\u00eame valeur\u202fqu\u2019un mariage civil, les futurs \u00e9poux optent souvent pour un mariage \u00e0 l\u2019\u00e9glise o\u00f9 ils sont conduits en musique. Une c\u00e9r\u00e9monie conforme aux\u202frites catholiques\u202favec l\u2019amour et la fondation d\u2019une famille comme base du mariage, a ensuite lieu.\u00a0\u00a0 Apr\u00e8s la sortie de l&rsquo;\u00e9glise,\u00a0les invit\u00e9s jettent des monnaies qui doivent \u00eatre [&hellip;]<\/p>\n","protected":false},"author":2,"featured_media":0,"parent":513,"menu_order":5,"comment_status":"closed","ping_status":"closed","template":"","meta":{"footnotes":""},"_links":{"self":[{"href":"https:\/\/joanna-jonathan.be\/index.php\/wp-json\/wp\/v2\/pages\/555"}],"collection":[{"href":"https:\/\/joanna-jonathan.be\/index.php\/wp-json\/wp\/v2\/pages"}],"about":[{"href":"https:\/\/joanna-jonathan.be\/index.php\/wp-json\/wp\/v2\/types\/page"}],"author":[{"embeddable":true,"href":"https:\/\/joanna-jonathan.be\/index.php\/wp-json\/wp\/v2\/users\/2"}],"replies":[{"embeddable":true,"href":"https:\/\/joanna-jonathan.be\/index.php\/wp-json\/wp\/v2\/comments?post=555"}],"version-history":[{"count":3,"href":"https:\/\/joanna-jonathan.be\/index.php\/wp-json\/wp\/v2\/pages\/555\/revisions"}],"predecessor-version":[{"id":689,"href":"https:\/\/joanna-jonathan.be\/index.php\/wp-json\/wp\/v2\/pages\/555\/revisions\/689"}],"up":[{"embeddable":true,"href":"https:\/\/joanna-jonathan.be\/index.php\/wp-json\/wp\/v2\/pages\/513"}],"wp:attachment":[{"href":"https:\/\/joanna-jonathan.be\/index.php\/wp-json\/wp\/v2\/media?parent=555"}],"curies":[{"name":"wp","href":"https:\/\/api.w.org\/{rel}","templated":true}]}}