{"id":551,"date":"2018-06-14T10:50:08","date_gmt":"2018-06-14T08:50:08","guid":{"rendered":"https:\/\/joanna-jonathan.be\/?page_id=551"},"modified":"2018-06-14T10:55:35","modified_gmt":"2018-06-14T08:55:35","slug":"benediction-des-parents-blogoslawienstwo","status":"publish","type":"page","link":"https:\/\/joanna-jonathan.be\/index.php\/mariage-polonais\/benediction-des-parents-blogoslawienstwo\/","title":{"rendered":"B\u00e9n\u00e9diction des parents | B\u0142ogos\u0142awie\u0144stwo"},"content":{"rendered":"<p class=\"textbox\" dir=\"ltr\">En Pologne, il est d\u2019usage que les parents b\u00e9nissent leurs enfants \u00e0 leur domicile.<\/p>\n<p class=\"textbox\" dir=\"ltr\">Le mari\u00e9, accompagn\u00e9 de ses parents, son t\u00e9moin et sa famille, se rend au domicile de sa promise. Membres insolites de la suite, un photographe, charg\u00e9 d\u2019immortaliser le moindre moment de la c\u00e9r\u00e9monie, et un orchestre o\u00f9 l\u2019accord\u00e9on est l\u2019instrument principal.<\/p>\n<p class=\"textbox\" dir=\"ltr\">Pendant ce temps, la jeune femme attend tranquillement l\u2019homme de sa vie entour\u00e9e de sa famille proche et de son t\u00e9moin.<\/p>\n<p class=\"textbox\" dir=\"ltr\">Lorsque le jeune homme arrive (enfin), les parents donnent une derni\u00e8re fois leur b\u00e9n\u00e9diction et leurs recommandations. Ensuite au rythme de musiques traditionnelles polonaises, tous se rendent au lieu o\u00f9 aura lieu la c\u00e9r\u00e9monie.<\/p>\n<p class=\"textbox\" dir=\"ltr\"><img decoding=\"async\" class=\"aligncenter\" src=\"http:\/\/www.galeria.slubne-targi.pl\/data\/media\/2\/fotografia3.jpg\" \/><\/p>\n<p dir=\"ltr\">\n","protected":false},"excerpt":{"rendered":"<p>En Pologne, il est d\u2019usage que les parents b\u00e9nissent leurs enfants \u00e0 leur domicile. Le mari\u00e9, accompagn\u00e9 de ses parents, son t\u00e9moin et sa famille, se rend au domicile de sa promise. Membres insolites de la suite, un photographe, charg\u00e9 d\u2019immortaliser le moindre moment de la c\u00e9r\u00e9monie, et un orchestre o\u00f9 l\u2019accord\u00e9on est l\u2019instrument principal. [&hellip;]<\/p>\n","protected":false},"author":2,"featured_media":0,"parent":513,"menu_order":4,"comment_status":"closed","ping_status":"closed","template":"","meta":{"footnotes":""},"_links":{"self":[{"href":"https:\/\/joanna-jonathan.be\/index.php\/wp-json\/wp\/v2\/pages\/551"}],"collection":[{"href":"https:\/\/joanna-jonathan.be\/index.php\/wp-json\/wp\/v2\/pages"}],"about":[{"href":"https:\/\/joanna-jonathan.be\/index.php\/wp-json\/wp\/v2\/types\/page"}],"author":[{"embeddable":true,"href":"https:\/\/joanna-jonathan.be\/index.php\/wp-json\/wp\/v2\/users\/2"}],"replies":[{"embeddable":true,"href":"https:\/\/joanna-jonathan.be\/index.php\/wp-json\/wp\/v2\/comments?post=551"}],"version-history":[{"count":3,"href":"https:\/\/joanna-jonathan.be\/index.php\/wp-json\/wp\/v2\/pages\/551\/revisions"}],"predecessor-version":[{"id":702,"href":"https:\/\/joanna-jonathan.be\/index.php\/wp-json\/wp\/v2\/pages\/551\/revisions\/702"}],"up":[{"embeddable":true,"href":"https:\/\/joanna-jonathan.be\/index.php\/wp-json\/wp\/v2\/pages\/513"}],"wp:attachment":[{"href":"https:\/\/joanna-jonathan.be\/index.php\/wp-json\/wp\/v2\/media?parent=551"}],"curies":[{"name":"wp","href":"https:\/\/api.w.org\/{rel}","templated":true}]}}