{"id":516,"date":"2018-02-07T20:49:13","date_gmt":"2018-02-07T19:49:13","guid":{"rendered":"https:\/\/joanna-jonathan.be\/?page_id=516"},"modified":"2018-02-08T11:13:31","modified_gmt":"2018-02-08T10:13:31","slug":"notre-dj","status":"publish","type":"page","link":"https:\/\/joanna-jonathan.be\/index.php\/mariage-polonais\/notre-dj\/","title":{"rendered":"Notre DJ | Nasz DJ"},"content":{"rendered":"<p>Et voici notre DJ \u00ab\u00a0Kucharski Music\u00a0\u00bb ou plut\u00f4t notre ma\u00eetre de c\u00e9r\u00e9monie comme il se pr\u00e9sente lui-m\u00eame:<\/p>\n<p><span style=\"color: #800080;\"><em>A oto nasz DJ \u00ab\u00a0Kucharski Music\u00a0\u00bb, albo raczej jak sam si\u0119 przedstawia Manager Naszej Imprezy:<\/em><\/span><\/p>\n<p><img loading=\"lazy\" decoding=\"async\" class=\"alignleft size-large wp-image-517\" src=\"https:\/\/joanna-jonathan.be\/wp-content\/uploads\/2018\/02\/dj-1024x576.jpg\" alt=\"\" width=\"640\" height=\"360\" srcset=\"https:\/\/joanna-jonathan.be\/wp-content\/uploads\/2018\/02\/dj-1024x576.jpg 1024w, https:\/\/joanna-jonathan.be\/wp-content\/uploads\/2018\/02\/dj-300x169.jpg 300w, https:\/\/joanna-jonathan.be\/wp-content\/uploads\/2018\/02\/dj-768x432.jpg 768w, https:\/\/joanna-jonathan.be\/wp-content\/uploads\/2018\/02\/dj.jpg 1334w\" sizes=\"(max-width: 640px) 100vw, 640px\" \/><\/p>\n<p>&nbsp;<\/p>\n<p>&nbsp;<\/p>\n<p>&nbsp;<\/p>\n<p>&nbsp;<\/p>\n<p>&nbsp;<\/p>\n<p>&nbsp;<\/p>\n<p>&nbsp;<\/p>\n<p>&nbsp;<\/p>\n<p>&nbsp;<\/p>\n<p>&nbsp;<\/p>\n<p>Ses vid\u00e9os de promo pour vous faire go\u00fbter aux mariages polonais:<\/p>\n<p><span style=\"color: #800080;\"><em>Filmiki promocyjne, \u017ceby Was wprowadzi\u0107 w weselny klimat:<\/em><\/span><\/p>\n<p><iframe loading=\"lazy\" title=\"Wodzirej na wesele | PROMO 2016\" width=\"640\" height=\"360\" src=\"https:\/\/www.youtube.com\/embed\/PQhwJvTwzSY?feature=oembed\" frameborder=\"0\" allow=\"accelerometer; autoplay; clipboard-write; encrypted-media; gyroscope; picture-in-picture; web-share\" referrerpolicy=\"strict-origin-when-cross-origin\" allowfullscreen><\/iframe><\/p>\n<p><iframe loading=\"lazy\" title=\"Wodzirej na wesele | promo 2015 [MANAGER TWOJEJ IMPREZY]\" width=\"640\" height=\"360\" src=\"https:\/\/www.youtube.com\/embed\/SzQ3oUj4qOQ?feature=oembed\" frameborder=\"0\" allow=\"accelerometer; autoplay; clipboard-write; encrypted-media; gyroscope; picture-in-picture; web-share\" referrerpolicy=\"strict-origin-when-cross-origin\" allowfullscreen><\/iframe><\/p>\n<p>Son site: <a href=\"http:\/\/kucharskimusic.pl\/\" target=\"_blank\" rel=\"noopener\">http:\/\/kucharskimusic.pl\/<\/a><\/p>\n<p>&nbsp;<\/p>\n","protected":false},"excerpt":{"rendered":"<p>Et voici notre DJ \u00ab\u00a0Kucharski Music\u00a0\u00bb ou plut\u00f4t notre ma\u00eetre de c\u00e9r\u00e9monie comme il se pr\u00e9sente lui-m\u00eame: A oto nasz DJ \u00ab\u00a0Kucharski Music\u00a0\u00bb, albo raczej jak sam si\u0119 przedstawia Manager Naszej Imprezy: &nbsp; &nbsp; &nbsp; &nbsp; &nbsp; &nbsp; &nbsp; &nbsp; &nbsp; &nbsp; Ses vid\u00e9os de promo pour vous faire go\u00fbter aux mariages polonais: Filmiki promocyjne, [&hellip;]<\/p>\n","protected":false},"author":1,"featured_media":0,"parent":513,"menu_order":0,"comment_status":"closed","ping_status":"closed","template":"","meta":{"footnotes":""},"_links":{"self":[{"href":"https:\/\/joanna-jonathan.be\/index.php\/wp-json\/wp\/v2\/pages\/516"}],"collection":[{"href":"https:\/\/joanna-jonathan.be\/index.php\/wp-json\/wp\/v2\/pages"}],"about":[{"href":"https:\/\/joanna-jonathan.be\/index.php\/wp-json\/wp\/v2\/types\/page"}],"author":[{"embeddable":true,"href":"https:\/\/joanna-jonathan.be\/index.php\/wp-json\/wp\/v2\/users\/1"}],"replies":[{"embeddable":true,"href":"https:\/\/joanna-jonathan.be\/index.php\/wp-json\/wp\/v2\/comments?post=516"}],"version-history":[{"count":4,"href":"https:\/\/joanna-jonathan.be\/index.php\/wp-json\/wp\/v2\/pages\/516\/revisions"}],"predecessor-version":[{"id":533,"href":"https:\/\/joanna-jonathan.be\/index.php\/wp-json\/wp\/v2\/pages\/516\/revisions\/533"}],"up":[{"embeddable":true,"href":"https:\/\/joanna-jonathan.be\/index.php\/wp-json\/wp\/v2\/pages\/513"}],"wp:attachment":[{"href":"https:\/\/joanna-jonathan.be\/index.php\/wp-json\/wp\/v2\/media?parent=516"}],"curies":[{"name":"wp","href":"https:\/\/api.w.org\/{rel}","templated":true}]}}