{"id":513,"date":"2018-02-07T20:42:47","date_gmt":"2018-02-07T19:42:47","guid":{"rendered":"https:\/\/joanna-jonathan.be\/?page_id=513"},"modified":"2018-06-14T22:13:44","modified_gmt":"2018-06-14T20:13:44","slug":"mariage-polonais","status":"publish","type":"page","link":"https:\/\/joanna-jonathan.be\/index.php\/mariage-polonais\/","title":{"rendered":"Mariage Polonais | Polskie wesele"},"content":{"rendered":"<p>Dans cette section, vous trouverez certaines informations sur la f\u00eate du mariage en Pologne.<\/p>\n<p><em><span style=\"color: #800080;\"><span style=\"color: #800080;\">W tej zak\u0142adce znajdziecie kilka informacji dotycz\u0105cych, og\u00f3lnie m\u00f3wi\u0105c,\u00a0polskiego wesela.<\/span><\/span><\/em><\/p>\n<p>Nous ne voulons pas vous g\u00e2cher la surprise mais vous pr\u00e9parer un peu et surtout vous donner envie de venir nous rejoindre lors de notre mariage \ud83d\ude42<\/p>\n<p><span style=\"color: #800080;\"><em><span style=\"color: #800080;\">Nie ujawnimy wszystkich szczeg\u00f3\u0142\u00f3w\u00a0ale chcemy przygotowa\u0107 Was troch\u0119, a w szczeg\u00f3lno\u015bci sprawi\u0107 \u017ceby\u015bcie chcieli do nas do\u0142\u0105czy\u0107.\u00a0<\/span><\/em><\/span><\/p>\n<p><span style=\"text-decoration: underline;\">Menu:<\/span><\/p>\n<ul>\n<li><span style=\"color: #3366ff;\"><a style=\"color: #3366ff;\" href=\"https:\/\/joanna-jonathan.be\/index.php\/mariage-polonais\/notre-dj\/\">Notre DJ<\/a><\/span><\/li>\n<li><a href=\"https:\/\/joanna-jonathan.be\/index.php\/mariage-polonais\/coutumes-zwyczaje\/\">Coutumes | Zwyczaje<\/a><\/li>\n<\/ul>\n<p>&nbsp;<\/p>\n<p><img loading=\"lazy\" decoding=\"async\" class=\"alignleft size-large wp-image-514\" src=\"https:\/\/joanna-jonathan.be\/wp-content\/uploads\/2018\/02\/DSC4148-680x1024.jpg\" alt=\"\" width=\"640\" height=\"964\" srcset=\"https:\/\/joanna-jonathan.be\/wp-content\/uploads\/2018\/02\/DSC4148-680x1024.jpg 680w, https:\/\/joanna-jonathan.be\/wp-content\/uploads\/2018\/02\/DSC4148-199x300.jpg 199w, https:\/\/joanna-jonathan.be\/wp-content\/uploads\/2018\/02\/DSC4148-768x1156.jpg 768w, https:\/\/joanna-jonathan.be\/wp-content\/uploads\/2018\/02\/DSC4148.jpg 1735w\" sizes=\"(max-width: 640px) 100vw, 640px\" \/><\/p>\n","protected":false},"excerpt":{"rendered":"<p>Dans cette section, vous trouverez certaines informations sur la f\u00eate du mariage en Pologne. W tej zak\u0142adce znajdziecie kilka informacji dotycz\u0105cych, og\u00f3lnie m\u00f3wi\u0105c,\u00a0polskiego wesela. Nous ne voulons pas vous g\u00e2cher la surprise mais vous pr\u00e9parer un peu et surtout vous donner envie de venir nous rejoindre lors de notre mariage \ud83d\ude42 Nie ujawnimy wszystkich szczeg\u00f3\u0142\u00f3w\u00a0ale [&hellip;]<\/p>\n","protected":false},"author":1,"featured_media":0,"parent":0,"menu_order":0,"comment_status":"closed","ping_status":"closed","template":"","meta":{"footnotes":""},"_links":{"self":[{"href":"https:\/\/joanna-jonathan.be\/index.php\/wp-json\/wp\/v2\/pages\/513"}],"collection":[{"href":"https:\/\/joanna-jonathan.be\/index.php\/wp-json\/wp\/v2\/pages"}],"about":[{"href":"https:\/\/joanna-jonathan.be\/index.php\/wp-json\/wp\/v2\/types\/page"}],"author":[{"embeddable":true,"href":"https:\/\/joanna-jonathan.be\/index.php\/wp-json\/wp\/v2\/users\/1"}],"replies":[{"embeddable":true,"href":"https:\/\/joanna-jonathan.be\/index.php\/wp-json\/wp\/v2\/comments?post=513"}],"version-history":[{"count":11,"href":"https:\/\/joanna-jonathan.be\/index.php\/wp-json\/wp\/v2\/pages\/513\/revisions"}],"predecessor-version":[{"id":708,"href":"https:\/\/joanna-jonathan.be\/index.php\/wp-json\/wp\/v2\/pages\/513\/revisions\/708"}],"wp:attachment":[{"href":"https:\/\/joanna-jonathan.be\/index.php\/wp-json\/wp\/v2\/media?parent=513"}],"curies":[{"name":"wp","href":"https:\/\/api.w.org\/{rel}","templated":true}]}}