{"id":447,"date":"2018-01-16T21:23:50","date_gmt":"2018-01-16T20:23:50","guid":{"rendered":"https:\/\/joanna-jonathan.be\/?page_id=447"},"modified":"2018-01-17T17:52:31","modified_gmt":"2018-01-17T16:52:31","slug":"hotel-jan-21km","status":"publish","type":"page","link":"https:\/\/joanna-jonathan.be\/index.php\/logements\/hotel-jan-21km\/","title":{"rendered":"Hotel Jan &#8211; 21km"},"content":{"rendered":"<h3>Une vue magnifique<\/h3>\n<p>L&rsquo;hotel Jan du nom de son fondateur (Il n&rsquo;y a pas qu&rsquo;en Belgique qu&rsquo;il y a des \u00ab\u00a0Jan\u00a0\u00bb!) se situe \u00e0\u00a0S\u0119p\u00f3lno\u00a0Kraje\u0144skie, au milieu de la for\u00eat, \u00e0 proximit\u00e9 directe d&rsquo;un lac et de son centre nautique. L&rsquo;hotel fut r\u00e9nov\u00e9 en 2002 et son restaurant propose de la cuisine traditionelle Polonaise mais \u00e9galement des plats internationaux.<\/p>\n<p>Le couch\u00e9 de soleil sur le lac est \u00e0 ne pas manquer!<\/p>\n<h3>Activit\u00e9s:<\/h3>\n<ul>\n<li>Centre Nautique (kayak, pedalo, paddle, &#8230;)<\/li>\n<li>Plage publique surveill\u00e9e<\/li>\n<li>V\u00e9lo<\/li>\n<li>Randonn\u00e9e p\u00e9destre<\/li>\n<\/ul>\n<h3>Tarifs:<\/h3>\n<ul>\n<li>Single room 149,00 z\u0142 &#8211; ~ 36\u20ac<\/li>\n<li>Double room 179,00 zl ~ 43\u20ac<\/li>\n<li>Triple room 209,00 z\u0142 ~ 50\u20ac<\/li>\n<li>Quad room 239,00 z\u0142 ~ 56\u20ac<\/li>\n<\/ul>\n<h3>R\u00e9servations (par vous m\u00eame):<\/h3>\n<p>Via le site de l&rsquo;hotel:\u00a0<a href=\"http:\/\/hoteljan.com.pl\/en\/\" target=\"_blank\" rel=\"noopener\">http:\/\/hoteljan.com.pl\/en\/<\/a><\/p>\n<h3>Coordonn\u00e9es<\/h3>\n<p>ul. Le\u015bna 1, 89-400<\/p>\n<p>S\u0119p\u00f3lno Kraje\u0144skie<\/p>\n<p>tel. +48 52 389 41 00<\/p>\n<p>+48 696 577 898<\/p>\n<p>recepcja@hoteljan.com.pl<\/p>\n<p>Google maps:\u00a0<a href=\"https:\/\/goo.gl\/maps\/dTCUxWetpmD2\" target=\"_blank\" rel=\"noopener\">https:\/\/goo.gl\/maps\/dTCUxWetpmD2<\/a><\/p>\n<h3>Liens:<\/h3>\n<p><a href=\"http:\/\/hoteljan.com.pl\/en\/\" target=\"_blank\" rel=\"noopener\">http:\/\/hoteljan.com.pl\/en\/<\/a><\/p>\n<p><img loading=\"lazy\" decoding=\"async\" class=\"alignleft size-full wp-image-452\" src=\"https:\/\/joanna-jonathan.be\/wp-content\/uploads\/2018\/01\/hotel02.jpg\" alt=\"\" width=\"950\" height=\"711\" srcset=\"https:\/\/joanna-jonathan.be\/wp-content\/uploads\/2018\/01\/hotel02.jpg 950w, https:\/\/joanna-jonathan.be\/wp-content\/uploads\/2018\/01\/hotel02-300x225.jpg 300w, https:\/\/joanna-jonathan.be\/wp-content\/uploads\/2018\/01\/hotel02-768x575.jpg 768w\" sizes=\"(max-width: 950px) 100vw, 950px\" \/><\/p>\n","protected":false},"excerpt":{"rendered":"<p>Une vue magnifique L&rsquo;hotel Jan du nom de son fondateur (Il n&rsquo;y a pas qu&rsquo;en Belgique qu&rsquo;il y a des \u00ab\u00a0Jan\u00a0\u00bb!) se situe \u00e0\u00a0S\u0119p\u00f3lno\u00a0Kraje\u0144skie, au milieu de la for\u00eat, \u00e0 proximit\u00e9 directe d&rsquo;un lac et de son centre nautique. L&rsquo;hotel fut r\u00e9nov\u00e9 en 2002 et son restaurant propose de la cuisine traditionelle Polonaise mais \u00e9galement [&hellip;]<\/p>\n","protected":false},"author":1,"featured_media":0,"parent":430,"menu_order":0,"comment_status":"closed","ping_status":"closed","template":"","meta":{"footnotes":""},"_links":{"self":[{"href":"https:\/\/joanna-jonathan.be\/index.php\/wp-json\/wp\/v2\/pages\/447"}],"collection":[{"href":"https:\/\/joanna-jonathan.be\/index.php\/wp-json\/wp\/v2\/pages"}],"about":[{"href":"https:\/\/joanna-jonathan.be\/index.php\/wp-json\/wp\/v2\/types\/page"}],"author":[{"embeddable":true,"href":"https:\/\/joanna-jonathan.be\/index.php\/wp-json\/wp\/v2\/users\/1"}],"replies":[{"embeddable":true,"href":"https:\/\/joanna-jonathan.be\/index.php\/wp-json\/wp\/v2\/comments?post=447"}],"version-history":[{"count":6,"href":"https:\/\/joanna-jonathan.be\/index.php\/wp-json\/wp\/v2\/pages\/447\/revisions"}],"predecessor-version":[{"id":465,"href":"https:\/\/joanna-jonathan.be\/index.php\/wp-json\/wp\/v2\/pages\/447\/revisions\/465"}],"up":[{"embeddable":true,"href":"https:\/\/joanna-jonathan.be\/index.php\/wp-json\/wp\/v2\/pages\/430"}],"wp:attachment":[{"href":"https:\/\/joanna-jonathan.be\/index.php\/wp-json\/wp\/v2\/media?parent=447"}],"curies":[{"name":"wp","href":"https:\/\/api.w.org\/{rel}","templated":true}]}}