{"id":439,"date":"2018-01-16T21:14:17","date_gmt":"2018-01-16T20:14:17","guid":{"rendered":"https:\/\/joanna-jonathan.be\/?page_id=439"},"modified":"2018-01-17T17:55:25","modified_gmt":"2018-01-17T16:55:25","slug":"palac-runowo-15km","status":"publish","type":"page","link":"https:\/\/joanna-jonathan.be\/index.php\/logements\/palac-runowo-15km\/","title":{"rendered":"Pa\u0142ac Runowo &#8211; 15km"},"content":{"rendered":"<h3>Plus luxueux<\/h3>\n<p>Install\u00e9 dans un b\u00e2timent de style Renaissance, le Pa\u0142ac Runowo se situe dans le quartier pittoresque de Runowo Kraje\u0144skie et \u00e0 proximit\u00e9 d&rsquo;un lac et d&rsquo;une for\u00eat. Les chambres du Pa\u0142ac disposent d\u2019une salle de bains en marbre avec une baignoire ou une douche.<\/p>\n<p>Sur place, le restaurant Pa\u0142acowa pr\u00e9pare des sp\u00e9cialit\u00e9s polonaises traditionnelles, ainsi que des plats internationaux. Un petit-d\u00e9jeuner buffet est servi chaque matin.<\/p>\n<h3>\u00a0Activit\u00e9s<\/h3>\n<ul>\n<li>V\u00e9lo<\/li>\n<li>\u00c9quitation<\/li>\n<li>Randonn\u00e9e p\u00e9destre<\/li>\n<li>Billard<\/li>\n<li>Espaces piscine et bien-\u00eatre<\/li>\n<\/ul>\n<h3>Tarifs:<\/h3>\n<ul>\n<li>Chambre Lits Jumeaux, 2 lits simples ~66\u20ac<\/li>\n<li>Appartement, 1 lit double ~96\u20ac<\/li>\n<li>Chambre Simple, 1 lit simple ~55\u20ac<\/li>\n<li>Petit-d\u00e9jeuner ~8\u20ac (facultatif)<\/li>\n<\/ul>\n<h3>R\u00e9servations (par vous m\u00eame):<\/h3>\n<p>Booking:\u00a0<a href=\"http:\/\/www.booking.com\/Share-SeAEtc\" target=\"_blank\" rel=\"noopener\">http:\/\/www.booking.com\/Share-SeAEtc<\/a><\/p>\n<p>Si vous n&rsquo;\u00eates pas encore inscrit, inscrivez-vous <span style=\"text-decoration: underline;\"><strong>avant<\/strong><\/span> avec notre lien de parrainage pour b\u00e9n\u00e9ficier de 15\u20ac de cr\u00e9dits:\u00a0<a href=\"https:\/\/www.booking.com\/s\/34_6\/d1ef896d\" target=\"_blank\" rel=\"noopener\">Parrainage<\/a><\/p>\n<h3>Coordonn\u00e9es:<\/h3>\n<p>Zesp\u00f3\u0142 Pa\u0142acowo-Parkowy w Runowie<br \/>\n89-421 Runowo Kraj. 80<\/p>\n<p>Google maps:\u00a0<a href=\"https:\/\/goo.gl\/maps\/u4VaVer89Qy\" target=\"_blank\" rel=\"noopener\">https:\/\/goo.gl\/maps\/u4VaVer89Qy<\/a><\/p>\n<h3>Liens:<\/h3>\n<h3><a href=\"http:\/\/www.palacrunowo.pl\/en\/\" target=\"_blank\" rel=\"noopener\">http:\/\/www.palacrunowo.pl\/en\/<\/a><\/h3>\n<p><img loading=\"lazy\" decoding=\"async\" class=\"alignleft size-large wp-image-442\" src=\"https:\/\/joanna-jonathan.be\/wp-content\/uploads\/2018\/01\/12590397-1024x683.jpg\" alt=\"\" width=\"640\" height=\"427\" srcset=\"https:\/\/joanna-jonathan.be\/wp-content\/uploads\/2018\/01\/12590397.jpg 1024w, https:\/\/joanna-jonathan.be\/wp-content\/uploads\/2018\/01\/12590397-300x200.jpg 300w, https:\/\/joanna-jonathan.be\/wp-content\/uploads\/2018\/01\/12590397-768x512.jpg 768w, https:\/\/joanna-jonathan.be\/wp-content\/uploads\/2018\/01\/12590397-480x320.jpg 480w\" sizes=\"(max-width: 640px) 100vw, 640px\" \/><\/p>\n","protected":false},"excerpt":{"rendered":"<p>Plus luxueux Install\u00e9 dans un b\u00e2timent de style Renaissance, le Pa\u0142ac Runowo se situe dans le quartier pittoresque de Runowo Kraje\u0144skie et \u00e0 proximit\u00e9 d&rsquo;un lac et d&rsquo;une for\u00eat. Les chambres du Pa\u0142ac disposent d\u2019une salle de bains en marbre avec une baignoire ou une douche. Sur place, le restaurant Pa\u0142acowa pr\u00e9pare des sp\u00e9cialit\u00e9s polonaises [&hellip;]<\/p>\n","protected":false},"author":1,"featured_media":0,"parent":430,"menu_order":0,"comment_status":"closed","ping_status":"closed","template":"","meta":{"footnotes":""},"_links":{"self":[{"href":"https:\/\/joanna-jonathan.be\/index.php\/wp-json\/wp\/v2\/pages\/439"}],"collection":[{"href":"https:\/\/joanna-jonathan.be\/index.php\/wp-json\/wp\/v2\/pages"}],"about":[{"href":"https:\/\/joanna-jonathan.be\/index.php\/wp-json\/wp\/v2\/types\/page"}],"author":[{"embeddable":true,"href":"https:\/\/joanna-jonathan.be\/index.php\/wp-json\/wp\/v2\/users\/1"}],"replies":[{"embeddable":true,"href":"https:\/\/joanna-jonathan.be\/index.php\/wp-json\/wp\/v2\/comments?post=439"}],"version-history":[{"count":10,"href":"https:\/\/joanna-jonathan.be\/index.php\/wp-json\/wp\/v2\/pages\/439\/revisions"}],"predecessor-version":[{"id":473,"href":"https:\/\/joanna-jonathan.be\/index.php\/wp-json\/wp\/v2\/pages\/439\/revisions\/473"}],"up":[{"embeddable":true,"href":"https:\/\/joanna-jonathan.be\/index.php\/wp-json\/wp\/v2\/pages\/430"}],"wp:attachment":[{"href":"https:\/\/joanna-jonathan.be\/index.php\/wp-json\/wp\/v2\/media?parent=439"}],"curies":[{"name":"wp","href":"https:\/\/api.w.org\/{rel}","templated":true}]}}