{"id":430,"date":"2018-01-16T20:18:04","date_gmt":"2018-01-16T19:18:04","guid":{"rendered":"https:\/\/joanna-jonathan.be\/?page_id=430"},"modified":"2018-01-17T14:26:27","modified_gmt":"2018-01-17T13:26:27","slug":"logements","status":"publish","type":"page","link":"https:\/\/joanna-jonathan.be\/index.php\/logements\/","title":{"rendered":"Logements | Hotele"},"content":{"rendered":"<p>Dans cette section, vous trouverez des informations sur les diff\u00e9rents logement situ\u00e9s \u00e0 proximit\u00e9 du lieu de notre r\u00e9ception de mariage.<\/p>\n<p><em><span style=\"color: #800080;\">W tej zak\u0142adce znajdziecie informacje o r\u00f3\u017cnych hotelach w naszej okolicy. Mo\u017ce kto\u015b mia\u0142by ochot\u0119 zosta\u0107 d\u0142u\u017cej i pozwiedza\u0107 nasz uroczy region.\u00a0<\/span><\/em><\/p>\n<ul>\n<li><span style=\"color: #000000;\">Notre \u00ab\u00a0Ma\u00eetre-Achat\u00a0\u00bb: <\/span><span style=\"text-decoration: underline;\"><span style=\"color: #3366ff;\"><a style=\"color: #3366ff; text-decoration: underline;\" href=\"https:\/\/joanna-jonathan.be\/index.php\/logements\/poziomka-12km\/\">Poziomka<\/a><\/span><\/span><\/li>\n<li><span style=\"color: #000000;\">Un peu de luxe: <\/span><span style=\"text-decoration: underline;\"><span style=\"color: #3366ff;\"><a style=\"color: #3366ff; text-decoration: underline;\" href=\"https:\/\/joanna-jonathan.be\/index.php\/logements\/palac-runowo-15km\/\">Pa\u0142ac Runowo<\/a><\/span><\/span><\/li>\n<li>Une vue magnifique sur le lac:<span style=\"text-decoration: underline;\"><span style=\"color: #3366ff; text-decoration: underline;\">\u00a0<a style=\"color: #3366ff; text-decoration: underline;\" href=\"https:\/\/joanna-jonathan.be\/index.php\/logements\/hotel-jan-21km\/\">Hotel Jan<\/a><\/span><\/span><\/li>\n<\/ul>\n<p><img loading=\"lazy\" decoding=\"async\" class=\"alignleft size-large wp-image-431\" src=\"https:\/\/joanna-jonathan.be\/wp-content\/uploads\/2018\/01\/DSC1203-1024x504.jpg\" alt=\"\" width=\"640\" height=\"315\" srcset=\"https:\/\/joanna-jonathan.be\/wp-content\/uploads\/2018\/01\/DSC1203-1024x504.jpg 1024w, https:\/\/joanna-jonathan.be\/wp-content\/uploads\/2018\/01\/DSC1203-300x148.jpg 300w, https:\/\/joanna-jonathan.be\/wp-content\/uploads\/2018\/01\/DSC1203-768x378.jpg 768w\" sizes=\"(max-width: 640px) 100vw, 640px\" \/><\/p>\n<p>&nbsp;<\/p>\n<p>&nbsp;<\/p>\n","protected":false},"excerpt":{"rendered":"<p>Dans cette section, vous trouverez des informations sur les diff\u00e9rents logement situ\u00e9s \u00e0 proximit\u00e9 du lieu de notre r\u00e9ception de mariage. W tej zak\u0142adce znajdziecie informacje o r\u00f3\u017cnych hotelach w naszej okolicy. Mo\u017ce kto\u015b mia\u0142by ochot\u0119 zosta\u0107 d\u0142u\u017cej i pozwiedza\u0107 nasz uroczy region.\u00a0 Notre \u00ab\u00a0Ma\u00eetre-Achat\u00a0\u00bb: Poziomka Un peu de luxe: Pa\u0142ac Runowo Une vue magnifique [&hellip;]<\/p>\n","protected":false},"author":1,"featured_media":0,"parent":0,"menu_order":0,"comment_status":"closed","ping_status":"closed","template":"","meta":{"footnotes":""},"_links":{"self":[{"href":"https:\/\/joanna-jonathan.be\/index.php\/wp-json\/wp\/v2\/pages\/430"}],"collection":[{"href":"https:\/\/joanna-jonathan.be\/index.php\/wp-json\/wp\/v2\/pages"}],"about":[{"href":"https:\/\/joanna-jonathan.be\/index.php\/wp-json\/wp\/v2\/types\/page"}],"author":[{"embeddable":true,"href":"https:\/\/joanna-jonathan.be\/index.php\/wp-json\/wp\/v2\/users\/1"}],"replies":[{"embeddable":true,"href":"https:\/\/joanna-jonathan.be\/index.php\/wp-json\/wp\/v2\/comments?post=430"}],"version-history":[{"count":11,"href":"https:\/\/joanna-jonathan.be\/index.php\/wp-json\/wp\/v2\/pages\/430\/revisions"}],"predecessor-version":[{"id":480,"href":"https:\/\/joanna-jonathan.be\/index.php\/wp-json\/wp\/v2\/pages\/430\/revisions\/480"}],"wp:attachment":[{"href":"https:\/\/joanna-jonathan.be\/index.php\/wp-json\/wp\/v2\/media?parent=430"}],"curies":[{"name":"wp","href":"https:\/\/api.w.org\/{rel}","templated":true}]}}