{"id":424,"date":"2018-01-15T17:39:07","date_gmt":"2018-01-15T16:39:07","guid":{"rendered":"https:\/\/joanna-jonathan.be\/?page_id=424"},"modified":"2018-01-17T09:18:19","modified_gmt":"2018-01-17T08:18:19","slug":"location-de-voiture","status":"publish","type":"page","link":"https:\/\/joanna-jonathan.be\/index.php\/en-pratique\/location-de-voiture\/","title":{"rendered":"Location de voiture | Wynajem samochodu"},"content":{"rendered":"<p>Un bon plan pour ceux qui envisageraient de louer une voiture et qui ne disposent pas d\u00e9j\u00e0 de code de r\u00e9duction chez AVIS et chez Hertz (ce n&rsquo;est peut-\u00eatre pas les moins chers).<\/p>\n<p>Voici deux codes \u00e0 utiliser au moment dela r\u00e9servation:<\/p>\n<ul>\n<li>AVIS AWD:\u00a0Z638701<\/li>\n<li>Hertz:\u00a0785389 (dans la rubrique Num\u00e9ro de remise CDP)<\/li>\n<\/ul>\n<p><img loading=\"lazy\" decoding=\"async\" class=\"alignleft size-full wp-image-425\" src=\"https:\/\/joanna-jonathan.be\/wp-content\/uploads\/2018\/01\/938378.jpg\" alt=\"\" width=\"300\" height=\"200\" \/><\/p>\n","protected":false},"excerpt":{"rendered":"<p>Un bon plan pour ceux qui envisageraient de louer une voiture et qui ne disposent pas d\u00e9j\u00e0 de code de r\u00e9duction chez AVIS et chez Hertz (ce n&rsquo;est peut-\u00eatre pas les moins chers). Voici deux codes \u00e0 utiliser au moment dela r\u00e9servation: AVIS AWD:\u00a0Z638701 Hertz:\u00a0785389 (dans la rubrique Num\u00e9ro de remise CDP)<\/p>\n","protected":false},"author":1,"featured_media":0,"parent":213,"menu_order":0,"comment_status":"closed","ping_status":"closed","template":"","meta":{"footnotes":""},"_links":{"self":[{"href":"https:\/\/joanna-jonathan.be\/index.php\/wp-json\/wp\/v2\/pages\/424"}],"collection":[{"href":"https:\/\/joanna-jonathan.be\/index.php\/wp-json\/wp\/v2\/pages"}],"about":[{"href":"https:\/\/joanna-jonathan.be\/index.php\/wp-json\/wp\/v2\/types\/page"}],"author":[{"embeddable":true,"href":"https:\/\/joanna-jonathan.be\/index.php\/wp-json\/wp\/v2\/users\/1"}],"replies":[{"embeddable":true,"href":"https:\/\/joanna-jonathan.be\/index.php\/wp-json\/wp\/v2\/comments?post=424"}],"version-history":[{"count":3,"href":"https:\/\/joanna-jonathan.be\/index.php\/wp-json\/wp\/v2\/pages\/424\/revisions"}],"predecessor-version":[{"id":470,"href":"https:\/\/joanna-jonathan.be\/index.php\/wp-json\/wp\/v2\/pages\/424\/revisions\/470"}],"up":[{"embeddable":true,"href":"https:\/\/joanna-jonathan.be\/index.php\/wp-json\/wp\/v2\/pages\/213"}],"wp:attachment":[{"href":"https:\/\/joanna-jonathan.be\/index.php\/wp-json\/wp\/v2\/media?parent=424"}],"curies":[{"name":"wp","href":"https:\/\/api.w.org\/{rel}","templated":true}]}}