{"id":366,"date":"2018-01-07T20:42:16","date_gmt":"2018-01-07T19:42:16","guid":{"rendered":"https:\/\/joanna-jonathan.be\/?page_id=366"},"modified":"2018-01-08T10:47:29","modified_gmt":"2018-01-08T09:47:29","slug":"wroclaw","status":"publish","type":"page","link":"https:\/\/joanna-jonathan.be\/index.php\/tourisme\/les-villes\/wroclaw\/","title":{"rendered":"Wroclaw | Wroc\u0142aw"},"content":{"rendered":"<p><strong>Wroclaw &#8211; la Venise Polonaise<\/strong><\/p>\n<p>Wroclaw est <strong>l&rsquo;une des plus anciennes et des plus belles villes de Pologne<\/strong>, au c\u0153ur de\u00a0la Basse Sil\u00e9sie, construite sur une multitude de petits bras de l\u2019Odra, sur des \u00eeles et des \u00eelots qui lui valent le nom de <strong>\u00ab petite Venise \u00bb.<\/strong> Elle est aussi un important centre culturel et une ville \u00e9tudiante dot\u00e9e de 8 instituts d\u2019enseignement sup\u00e9rieur. Wroclaw fut\u00a0\u00e9lu <strong>Capitale Europ<\/strong><strong>\u00e9<\/strong><strong>ene de Culture<\/strong>\u00a0<strong>2016<\/strong>.<\/p>\n<p>Wroclaw est aujourd&rsquo;hui <strong>la quatri\u00e8me ville de Pologne<\/strong> et compte pr\u00e8s de 640 000 habitants. C&rsquo;est le centre administratif, industriel et culturel de toute la r\u00e9gion. Wroclaw a toujours \u00e9t\u00e9 l&rsquo;une des plus grandes villes de cette partie de l&rsquo;Europe, et au moyen \u00e2ge, elle faisait concurrence \u00e0 Prague.<\/p>\n<p>La ville est situ\u00e9e sur le fleuve de l&rsquo;Oder. Gr\u00e2ce \u00e0 cet emplacement, de vastes vall\u00e9es y sont arros\u00e9es par le cours d&rsquo;eau. Sur le territoire de la ville, le fleuve se compose de multiples bras et canaux qu&rsquo;enjambent plus de 100 ponts et passerelles.<\/p>\n<p><strong>Le pont Grunwaldzki<\/strong> est l&rsquo;un des symboles de la ville ; c&rsquo;est un petit pont suspendu, long de 116m, qui fut construit en 1910. Le pittoresque <strong>pont Tumski<\/strong>, dont il a d\u00e9j\u00e0 fait mention au Xlle si\u00e8cle, m\u00e8ne \u00e0 l&rsquo;\u00eele d&rsquo;<strong>Ostrow<\/strong>\u00a0<strong>Tumski<\/strong>\u00a0qui est la partie la plus ancienne de la ville. Se d\u00e9marquant du reste de la ville, le digne quartier d&rsquo;Ostrow Tumski est \u00e9clair\u00e9 la nuit au moyen d&rsquo;anciens r\u00e9verb\u00e8res \u00e0 gaz, et ses \u00e9glises illumin\u00e9es charment les regards.<\/p>\n<p>La\u00a0<strong>Vieille Ville<\/strong>\u00a0de Wroclaw ne laisse personne indiff\u00e9rent. Au centre de <strong>la Grand Place (Rynek)<\/strong> se dresse<strong> l&rsquo;H\u00f4tel de Ville gothique (Ratusz)<\/strong>, <strong>qui est l&rsquo;un des plus grands d&rsquo;Europe<\/strong> et qui est l&rsquo;une des perles de l&rsquo;architecture profane\u00a0sil\u00e9sienne. Sa fa\u00e7ade est avec son pignon \u00e0 pinacles caract\u00e9ristique et son horloge astronomique a \u00e9t\u00e9 stylis\u00e9e dans le logo de la ville. Le Ratusz est aujourd&rsquo;hui le Mus\u00e9e de la Ville. Sous le b\u00e2timent, se trouve la fameuse <strong>Cave Swidnicka<\/strong>, o\u00f9 l&rsquo;on servait autrefois <strong>la bi\u00e8re de Swidnica<\/strong>, c\u00e9l\u00e8bre dans presque toute l&rsquo;Europe.<\/p>\n<p>Anim\u00e9 jusqu&rsquo;\u00e0 des heures avanc\u00e9es de la nuit, <strong>le Rynek de Wroclaw<\/strong> est devenu le point de rencontre favori des habitants de Wroclaw. On peut y trouver, de m\u00eame que dans les rues avoisinantes, de nombreux restaurants, bars et tavernes qui offrent multitudes de choix culinaire tr\u00e8s vari\u00e9, de la cuisine traditionnelle polonaise jusqu&rsquo;aux mets les plus exotiques. On organise aussi sur le Rynek beaucoup de spectacles et de concerts en plein air, de d\u00e9fil\u00e9s militaires et d&rsquo;expositions.<\/p>\n<p><strong>Lien:<\/strong><\/p>\n<p><a href=\"https:\/\/www.pologne.travel\/fr-be\/villes\/wroclaw-la-venise-polonaise\" target=\"_blank\" rel=\"noopener\"><strong>https:\/\/www.pologne.travel\/fr-be\/villes\/wroclaw-la-venise-polonaise<\/strong><\/a><\/p>\n","protected":false},"excerpt":{"rendered":"<p>Wroclaw &#8211; la Venise Polonaise Wroclaw est l&rsquo;une des plus anciennes et des plus belles villes de Pologne, au c\u0153ur de\u00a0la Basse Sil\u00e9sie, construite sur une multitude de petits bras de l\u2019Odra, sur des \u00eeles et des \u00eelots qui lui valent le nom de \u00ab petite Venise \u00bb. Elle est aussi un important centre culturel [&hellip;]<\/p>\n","protected":false},"author":1,"featured_media":0,"parent":332,"menu_order":0,"comment_status":"closed","ping_status":"closed","template":"","meta":{"footnotes":""},"_links":{"self":[{"href":"https:\/\/joanna-jonathan.be\/index.php\/wp-json\/wp\/v2\/pages\/366"}],"collection":[{"href":"https:\/\/joanna-jonathan.be\/index.php\/wp-json\/wp\/v2\/pages"}],"about":[{"href":"https:\/\/joanna-jonathan.be\/index.php\/wp-json\/wp\/v2\/types\/page"}],"author":[{"embeddable":true,"href":"https:\/\/joanna-jonathan.be\/index.php\/wp-json\/wp\/v2\/users\/1"}],"replies":[{"embeddable":true,"href":"https:\/\/joanna-jonathan.be\/index.php\/wp-json\/wp\/v2\/comments?post=366"}],"version-history":[{"count":2,"href":"https:\/\/joanna-jonathan.be\/index.php\/wp-json\/wp\/v2\/pages\/366\/revisions"}],"predecessor-version":[{"id":420,"href":"https:\/\/joanna-jonathan.be\/index.php\/wp-json\/wp\/v2\/pages\/366\/revisions\/420"}],"up":[{"embeddable":true,"href":"https:\/\/joanna-jonathan.be\/index.php\/wp-json\/wp\/v2\/pages\/332"}],"wp:attachment":[{"href":"https:\/\/joanna-jonathan.be\/index.php\/wp-json\/wp\/v2\/media?parent=366"}],"curies":[{"name":"wp","href":"https:\/\/api.w.org\/{rel}","templated":true}]}}