{"id":364,"date":"2018-01-07T20:41:27","date_gmt":"2018-01-07T19:41:27","guid":{"rendered":"https:\/\/joanna-jonathan.be\/?page_id=364"},"modified":"2018-01-08T10:45:11","modified_gmt":"2018-01-08T09:45:11","slug":"torun","status":"publish","type":"page","link":"https:\/\/joanna-jonathan.be\/index.php\/tourisme\/les-villes\/torun\/","title":{"rendered":"Toru\u0144"},"content":{"rendered":"<p><strong>Torun \u2013 La ville de Copernic<\/strong><\/p>\n<p>Baign\u00e9e par les eaux de la Vistule, <strong>Torun est une belle cit\u00e9 m\u00e9di\u00e9vale de style gothique<\/strong>. Port hans\u00e9atique prosp\u00e8re et<strong> lieu de naissance de Copernic<\/strong>, la cit\u00e9 a gard\u00e9 le charme et le caract\u00e8re de ses murailles rouge et de ses b\u00e2timents anciens, de ses petites caves et de ses mus\u00e9es aux riches collections.<\/p>\n<p>La beaut\u00e9 des murailles rouges de Torun, cit\u00e9 m\u00e9di\u00e9vale de style gothique, est magnifi\u00e9e par les eaux de la Vistule, o\u00f9 la ville se mire.<\/p>\n<p>Les quais qui suivent les fortifications gothiques jusqu&rsquo;aux ruines d&rsquo;une forteresse de l&rsquo;ordre des Chevaliers Teutoniques forment une promenade qu&rsquo;appr\u00e9cient aussi bien les habitants que les touristes, d&rsquo;autant plus que l&rsquo;on longe <strong>la Tour Pench\u00e9e<\/strong> qui s&rsquo;\u00e9carte nettement de son axe vertical et les greniers \u00e0 bl\u00e9, t\u00e9moins privil\u00e9gi\u00e9s de la prosp\u00e9rit\u00e9 de Torun au Moyen Age.<\/p>\n<p>C&rsquo;est gr\u00e2ce \u00e0 ces greniers que le port fluvial de Torun, pourtant situ\u00e9 loin de la mer, a pu devenir membre de l&rsquo;Union des Villes Baltiques &#8211; la Hanse, puis se d\u00e9velopper et acqu\u00e9rir une puissance \u00e9conomique reconnue.<\/p>\n<p>Le meilleur exemple de la richesse de l&rsquo;ancienne bourgeoisie est<strong> l&rsquo;H\u00f4tel de Ville,<\/strong> une monumentale construction gothique en forme de quadrilat\u00e8re, avec cour int\u00e9rieure et une tour \u00e9lanc\u00e9e sur un des angles. Dans les vastes int\u00e9rieurs de l&rsquo;H\u00f4tel de Ville, reconstruit dans le style de la Renaissance tardive hollandaise, se trouve aujourd&rsquo;hui le Mus\u00e9e R\u00e9gional qui renferme de riches collections d&rsquo;objets historiques de grand int\u00e9r\u00eat, des peintures, des sculptures et des oeuvres d&rsquo;artisanat de r\u00e9nomm\u00e9e et son tr\u00e8s actif campus universitaire.<\/p>\n<p>Une autre tradition locale, beaucoup plus douce, sont les <strong>c\u00e9l\u00e8bres pains d&rsquo;\u00e9pice de Torun<\/strong> qui sont confectionn\u00e9s selon une recette datant du Moyen Age et parfois m\u00eame dans des moules d&rsquo;\u00e9poque.<\/p>\n<p>La ville poss\u00e8de trois splendides temples gothiques :<\/p>\n<ul>\n<li>L\u2019\u00e9glise de la Sainte Vierge aux murs \u00e9lanc\u00e9s avec son couvent de Franciscains,<\/li>\n<li>L\u2019\u00e9glise Saint &#8211; Jacob post &#8211; cisterc\u00eeenne \u00e0 l&rsquo;architecture originale,<\/li>\n<li>L\u2019\u00e9glise Saint-Jean, puissante b\u00e2tisse du milieu du XIIe si\u00e8cle o\u00f9 fut baptis\u00e9 Copernic.<\/li>\n<\/ul>\n<p><strong>Lien:<\/strong><\/p>\n<p><a href=\"https:\/\/www.pologne.travel\/fr-be\/villes\/torun-ville-de-copernic\" target=\"_blank\" rel=\"noopener\"><strong>https:\/\/www.pologne.travel\/fr-be\/villes\/torun-ville-de-copernic<\/strong><\/a><\/p>\n","protected":false},"excerpt":{"rendered":"<p>Torun \u2013 La ville de Copernic Baign\u00e9e par les eaux de la Vistule, Torun est une belle cit\u00e9 m\u00e9di\u00e9vale de style gothique. Port hans\u00e9atique prosp\u00e8re et lieu de naissance de Copernic, la cit\u00e9 a gard\u00e9 le charme et le caract\u00e8re de ses murailles rouge et de ses b\u00e2timents anciens, de ses petites caves et de [&hellip;]<\/p>\n","protected":false},"author":1,"featured_media":0,"parent":332,"menu_order":0,"comment_status":"closed","ping_status":"closed","template":"","meta":{"footnotes":""},"_links":{"self":[{"href":"https:\/\/joanna-jonathan.be\/index.php\/wp-json\/wp\/v2\/pages\/364"}],"collection":[{"href":"https:\/\/joanna-jonathan.be\/index.php\/wp-json\/wp\/v2\/pages"}],"about":[{"href":"https:\/\/joanna-jonathan.be\/index.php\/wp-json\/wp\/v2\/types\/page"}],"author":[{"embeddable":true,"href":"https:\/\/joanna-jonathan.be\/index.php\/wp-json\/wp\/v2\/users\/1"}],"replies":[{"embeddable":true,"href":"https:\/\/joanna-jonathan.be\/index.php\/wp-json\/wp\/v2\/comments?post=364"}],"version-history":[{"count":2,"href":"https:\/\/joanna-jonathan.be\/index.php\/wp-json\/wp\/v2\/pages\/364\/revisions"}],"predecessor-version":[{"id":415,"href":"https:\/\/joanna-jonathan.be\/index.php\/wp-json\/wp\/v2\/pages\/364\/revisions\/415"}],"up":[{"embeddable":true,"href":"https:\/\/joanna-jonathan.be\/index.php\/wp-json\/wp\/v2\/pages\/332"}],"wp:attachment":[{"href":"https:\/\/joanna-jonathan.be\/index.php\/wp-json\/wp\/v2\/media?parent=364"}],"curies":[{"name":"wp","href":"https:\/\/api.w.org\/{rel}","templated":true}]}}