{"id":362,"date":"2018-01-07T20:39:55","date_gmt":"2018-01-07T19:39:55","guid":{"rendered":"https:\/\/joanna-jonathan.be\/?page_id=362"},"modified":"2018-01-07T21:12:35","modified_gmt":"2018-01-07T20:12:35","slug":"poznan","status":"publish","type":"page","link":"https:\/\/joanna-jonathan.be\/index.php\/tourisme\/les-villes\/poznan\/","title":{"rendered":"Pozna\u0144"},"content":{"rendered":"<p><strong>Pozna\u0144 &#8211; capitale de la Grande Pologne<\/strong><\/p>\n<p>La ville de Poznan est un grand centre commercial et capitale provinciale. R\u00e9put\u00e9e pour ses foires internationales qui s&rsquo;y tiennent r\u00e9guli\u00e8rement, Poznan est aussi une ville historique d&rsquo;importance,<\/p>\n<p>A Poznan, il est indispensable de visiter\u00a0:<\/p>\n<ul>\n<li><strong>Ostrow Tumski (\u00cele de la Cath\u00e9drale)<\/strong> est la partie la plus ancienne de la ville. On y voit s&rsquo;\u00e9lever la cath\u00e9drale gothique Saint-Pierre et Saint-Paul, entour\u00e9e de 15 chapelles.<\/li>\n<li><strong>L&rsquo;\u00e9glise Notre-Dame<\/strong>n&rsquo;a presque pas chang\u00e9 depuis sa construction au milieu du XVe si\u00e8cle : c&rsquo;est le b\u00e2timent le plus purement gothique de la ville, mais l&rsquo;int\u00e9rieur est moderne.<\/li>\n<li><strong>Biblioth\u00e8que Raczynski<\/strong> b\u00e2timent de style n\u00e9o-classique.<\/li>\n<li><strong>Vieille Ville <\/strong>\n<ul>\n<li><strong>H\u00f4tel de Ville Renaissance<\/strong>. La grande fa\u00e7ade \u00e0 triples rang\u00e9es d&rsquo;arcades est surmont\u00e9e d&rsquo;un attique ou sont repr\u00e9sent\u00e9s les rois de la dynastie des Jagellons. Au-dessus de l&rsquo;horloge, deux petites portes s&rsquo;ouvrent chaque jour \u00e0 12h, laissant appara\u00eetre deux ch\u00e8vres en m\u00e9tal qui se donnent douze coups de cornes.<\/li>\n<li><strong>Maisons historiques<\/strong> : une douzaine de petites maisons de poissonniers \u00e0 arcades au sud et derri\u00e8re la c\u00e9l\u00e8bre maison de la Pes\u00e9e. Dans le Palais Gorka (XVIe si\u00e8cle) s&rsquo;est install\u00e9 le Mus\u00e9e arch\u00e9ologique o\u00f9 l&rsquo;on peut voir la copie des fameuses portes de bronze de la cath\u00e9drale de\u00a0<a href=\"https:\/\/www.pologne.travel\/fr-be\/villes\/gniezno--premiere-capitale-de-la-pologne\" target=\"_blank\" rel=\"noopener\">Gniezno<\/a>.<\/li>\n<li><strong>Eglise paroissiale (Ko\u015bci\u00f3\u0142 Farny)<\/strong> est une de plus belles \u00e9glises baroques de Pologne. Situ\u00e9s \u00e0 proximit\u00e9, les b\u00e2timents de l&rsquo;ancien monast\u00e8re des j\u00e9suites sont actuellement le si\u00e8ge de la municipalit\u00e9. Il faut noter qu&rsquo;ils furent en 1806 la r\u00e9sidence de Napol\u00e9on Ier pendant presque trois semaines et le c\u00e9l\u00e8bre compositeur polonais\u00a0<a href=\"https:\/\/www.pologne.travel\/fr-be\/operas-philharmonies-et-festivals\/le-f%C3%AAtes-de-juin-a-cracovie\" target=\"_blank\" rel=\"noopener\">Fr\u00e9d\u00e9ric Chopin<\/a>y donna un concert en 1828.<\/li>\n<\/ul>\n<\/li>\n<\/ul>\n<p>Lien:<\/p>\n<p><a href=\"https:\/\/www.pologne.travel\/fr-be\/villes\/poznan-capitale-de-la-grande-pologne\" target=\"_blank\" rel=\"noopener\">https:\/\/www.pologne.travel\/fr-be\/villes\/poznan-capitale-de-la-grande-pologne<\/a><\/p>\n<p>&nbsp;<\/p>\n","protected":false},"excerpt":{"rendered":"<p>Pozna\u0144 &#8211; capitale de la Grande Pologne La ville de Poznan est un grand centre commercial et capitale provinciale. R\u00e9put\u00e9e pour ses foires internationales qui s&rsquo;y tiennent r\u00e9guli\u00e8rement, Poznan est aussi une ville historique d&rsquo;importance, A Poznan, il est indispensable de visiter\u00a0: Ostrow Tumski (\u00cele de la Cath\u00e9drale) est la partie la plus ancienne de [&hellip;]<\/p>\n","protected":false},"author":1,"featured_media":0,"parent":332,"menu_order":0,"comment_status":"closed","ping_status":"closed","template":"","meta":{"footnotes":""},"_links":{"self":[{"href":"https:\/\/joanna-jonathan.be\/index.php\/wp-json\/wp\/v2\/pages\/362"}],"collection":[{"href":"https:\/\/joanna-jonathan.be\/index.php\/wp-json\/wp\/v2\/pages"}],"about":[{"href":"https:\/\/joanna-jonathan.be\/index.php\/wp-json\/wp\/v2\/types\/page"}],"author":[{"embeddable":true,"href":"https:\/\/joanna-jonathan.be\/index.php\/wp-json\/wp\/v2\/users\/1"}],"replies":[{"embeddable":true,"href":"https:\/\/joanna-jonathan.be\/index.php\/wp-json\/wp\/v2\/comments?post=362"}],"version-history":[{"count":1,"href":"https:\/\/joanna-jonathan.be\/index.php\/wp-json\/wp\/v2\/pages\/362\/revisions"}],"predecessor-version":[{"id":363,"href":"https:\/\/joanna-jonathan.be\/index.php\/wp-json\/wp\/v2\/pages\/362\/revisions\/363"}],"up":[{"embeddable":true,"href":"https:\/\/joanna-jonathan.be\/index.php\/wp-json\/wp\/v2\/pages\/332"}],"wp:attachment":[{"href":"https:\/\/joanna-jonathan.be\/index.php\/wp-json\/wp\/v2\/media?parent=362"}],"curies":[{"name":"wp","href":"https:\/\/api.w.org\/{rel}","templated":true}]}}