{"id":360,"date":"2018-01-07T20:38:10","date_gmt":"2018-01-07T19:38:10","guid":{"rendered":"https:\/\/joanna-jonathan.be\/?page_id=360"},"modified":"2018-01-07T21:12:20","modified_gmt":"2018-01-07T20:12:20","slug":"malbork","status":"publish","type":"page","link":"https:\/\/joanna-jonathan.be\/index.php\/tourisme\/les-villes\/malbork\/","title":{"rendered":"Malbork"},"content":{"rendered":"<p><strong>Malbork &#8211; la plus grande forteresse gothique d&rsquo;Europe<\/strong><\/p>\n<p>Malbork est la plus grande forteresse gothique d&rsquo;Europe, ainsi que la plus grande construction en brique au monde.<\/p>\n<p>Ce monument inscrit sur la liste du Patrimoine mondial culturelle et naturel de l&rsquo;<strong>Unesco<\/strong>\u00a0est une des plus belles attractions \u00e0 visiter en Pologne.<\/p>\n<p>A une heure de route de\u00a0<strong>Gdansk<\/strong>, Malbork, capitale de l\u2019\u00e9tat teutonique de 1309 \u00e0 1457, vous transporte dans la Pologne du Moyen-\u00e2ge : si\u00e8ge des Grands Ma\u00eetres de l\u2019Ordre des Chevaliers Teutoniques. Ensemble exceptionnel d\u2019architecture d\u00e9fensive, avec ses murs en brique rouge, il comprend le ch\u00e2teau sup\u00e9rieur qui est compos\u00e9 de 4.5 millions de briques, le ch\u00e2teau moyen o\u00f9 se trouve un magnifique r\u00e9fectoire, r\u00e9pertori\u00e9 comme l&rsquo;un des plus beaux int\u00e9rieurs non religieux d&rsquo;Europe et le ch\u00e2teau bas, entour\u00e9s de trois enceintes successives renforc\u00e9es de donjons et de tours.<\/p>\n<p>Transform\u00e9 en mus\u00e9e, le ch\u00e2teau abrite aujourd\u2019hui des collections d\u2019art m\u00e9di\u00e9val : sculptures, vitraux, pi\u00e8ces de monnaie, m\u00e9dailles, armes, c\u00e9ramiques, \u00e9toffes&#8230;, ainsi qu\u2019une des plus importantes collections de pi\u00e8ces d\u2019ambre au monde. Les remparts abritent \u00e9galement un couvent, un quartier administratif, un centre de commandement, &#8230;<\/p>\n<p>Pendant les mois d&rsquo;\u00e9t\u00e9, divers \u00e9v\u00e9nements de taille se pr\u00e9parent chaque ann\u00e9e \u00e0 Malbork, une reconstitution grandeur nature du si\u00e8ge du ch\u00e2teau, une splendide f\u00eate m\u00e9di\u00e9val ainsi que plusieurs spectacles de son et lumi\u00e8re. Plusieurs \u00e9l\u00e9ments importants sont pr\u00e9sent\u00e9s au sein du domaine tel que les activit\u00e9s \u00e9ducatives pour les jeunes, les concerts ainsi que les pr\u00e9sentations.<\/p>\n<p>Le mus\u00e9e de Malbork est visit\u00e9 chaque ann\u00e9e par plus d&rsquo;un demi-million de touristes en provenance de nombreux pays.<\/p>\n<p>Liens:<\/p>\n<p><a href=\"https:\/\/www.pologne.travel\/fr-be\/bienvenue-en-pologne\/la-plus-grande-forteresse-gothique-deurope-se-trouve-a-malbork\" target=\"_blank\" rel=\"noopener\"><strong>https:\/\/www.pologne.travel\/fr-be\/bienvenue-en-pologne\/la-plus-grande-forteresse-gothique-deurope-se-trouve-a-malbork<\/strong><\/a><\/p>\n<p><a href=\"http:\/\/whc.unesco.org\/fr\/list\/847\/\" target=\"_blank\" rel=\"noopener\"><strong>http:\/\/whc.unesco.org\/fr\/list\/847\/<\/strong><\/a><\/p>\n<p><a href=\"http:\/\/www.zamek.malbork.pl\/en\" target=\"_blank\" rel=\"noopener\"><strong>http:\/\/www.zamek.malbork.pl\/en<\/strong><\/a><\/p>\n","protected":false},"excerpt":{"rendered":"<p>Malbork &#8211; la plus grande forteresse gothique d&rsquo;Europe Malbork est la plus grande forteresse gothique d&rsquo;Europe, ainsi que la plus grande construction en brique au monde. Ce monument inscrit sur la liste du Patrimoine mondial culturelle et naturel de l&rsquo;Unesco\u00a0est une des plus belles attractions \u00e0 visiter en Pologne. A une heure de route de\u00a0Gdansk, [&hellip;]<\/p>\n","protected":false},"author":1,"featured_media":0,"parent":332,"menu_order":0,"comment_status":"closed","ping_status":"closed","template":"","meta":{"footnotes":""},"_links":{"self":[{"href":"https:\/\/joanna-jonathan.be\/index.php\/wp-json\/wp\/v2\/pages\/360"}],"collection":[{"href":"https:\/\/joanna-jonathan.be\/index.php\/wp-json\/wp\/v2\/pages"}],"about":[{"href":"https:\/\/joanna-jonathan.be\/index.php\/wp-json\/wp\/v2\/types\/page"}],"author":[{"embeddable":true,"href":"https:\/\/joanna-jonathan.be\/index.php\/wp-json\/wp\/v2\/users\/1"}],"replies":[{"embeddable":true,"href":"https:\/\/joanna-jonathan.be\/index.php\/wp-json\/wp\/v2\/comments?post=360"}],"version-history":[{"count":2,"href":"https:\/\/joanna-jonathan.be\/index.php\/wp-json\/wp\/v2\/pages\/360\/revisions"}],"predecessor-version":[{"id":396,"href":"https:\/\/joanna-jonathan.be\/index.php\/wp-json\/wp\/v2\/pages\/360\/revisions\/396"}],"up":[{"embeddable":true,"href":"https:\/\/joanna-jonathan.be\/index.php\/wp-json\/wp\/v2\/pages\/332"}],"wp:attachment":[{"href":"https:\/\/joanna-jonathan.be\/index.php\/wp-json\/wp\/v2\/media?parent=360"}],"curies":[{"name":"wp","href":"https:\/\/api.w.org\/{rel}","templated":true}]}}