{"id":353,"date":"2018-01-06T15:30:17","date_gmt":"2018-01-06T14:30:17","guid":{"rendered":"https:\/\/joanna-jonathan.be\/?page_id=353"},"modified":"2018-01-08T10:44:33","modified_gmt":"2018-01-08T09:44:33","slug":"cracovie-la-plus-belle-ville-de-pologne","status":"publish","type":"page","link":"https:\/\/joanna-jonathan.be\/index.php\/tourisme\/les-villes\/cracovie-la-plus-belle-ville-de-pologne\/","title":{"rendered":"Cracovie &#8211; Krak\u00f3w"},"content":{"rendered":"<p><strong><u>Cracovie &#8211; la plus belle ville de Pologne<\/u><\/strong><\/p>\n<p><strong>Ancienne ville royale<\/strong>\u00a0et capitale de la Pologne jusqu\u2019au XVIIe si\u00e8cle, class\u00e9e\u00a0<strong>l\u2019une des 12 plus belles villes du monde par l\u2019Unesco<\/strong>, capitale europ\u00e9enne de la Culture en 2000, Cracovie rivalise avec les plus belles cit\u00e9s d\u2019Europe.<\/p>\n<p>Le grand po\u00e8te polonais Adam Mickiewicz l&rsquo;appelait le \u00ab\u00a0berceau de la vieille R\u00e9publique nobiliaire\u00a0\u00bb. Elle appartint \u00e0 la Ligue hans\u00e9atique au Moyen \u00c2ge. Pendant plusieurs si\u00e8cles, elle s&rsquo;\u00e9panouit en tant que si\u00e8ge des monarques polonais, puis connut, du XV ou XVII si\u00e8cle, un v\u00e9ritable essor comme capitale du plus grand \u00c9tat de l&rsquo;Europe d&rsquo;alors.<\/p>\n<p><strong>Ville mystique aux cent \u00e9glises<\/strong>, avec leurs d\u00f4mes baroques et leurs fl\u00e8ches dor\u00e9es, ville ancienne avec ses fa\u00e7ades \u00e0 l\u2019italienne, ses mus\u00e9es, ses palais, ses belles cours renaissance et ses \u00e9difices d\u2019origine, ville jeune et vivante avec 70 000 \u00e9tudiants, amateurs de f\u00eates et de rencontres, ville artistique o\u00f9 se perp\u00e9tue la tradition viennoise des caf\u00e9s litt\u00e9raires, Cracovie cultive tous les styles avec bonheur.<\/p>\n<p>Tous les chemins m\u00e8nent \u00e0 la\u00a0<strong>place du Grand March\u00e9<\/strong>, la plus grande d\u2019Europe (Rynek G\u0142\u00f3wny), o\u00f9 musiciens et cal\u00e8ches animent le pav\u00e9, autour de la Halle aux Draps, \u00e9rig\u00e9e au XIV\u00e8me si\u00e8cle.<\/p>\n<p>Perch\u00e9 sur la Butte de<strong>\u00a0Wawel<\/strong>\u00a0surplombant un des m\u00e9andres de la Vistule, l\u2019ensemble architectural du Wawel \u2013\u00a0<strong>le ch\u00e2teau et la cath\u00e9drale gothique\u00a0<\/strong>&#8211; est le plus pr\u00e9cieux du pays. R\u00e9sidence historique des rois de Pologne depuis le XI\u00e8me si\u00e8cle, le Ch\u00e2teau est un joyau de l\u2019art roman, gothique et renaissance, renfermant de riches collections comme la plus grande collection au monde de <strong>tapisseries de Flandres<\/strong>.<\/p>\n<p><strong>Centre intellectuel<\/strong>\u00a0de la Pologne, Cracovie s\u2019enorgueillit de poss\u00e9der l\u2019une des plus anciennes universit\u00e9s d\u2019Europe Centrale,\u00a0<strong>l\u2019Universit\u00e9 Jagellonne<\/strong>, fond\u00e9e en 1364. Parmi ses plus c\u00e9l\u00e8bres \u00e9tudiants figurent l\u2019astronome\u00a0<strong>Nicolas Copernic<\/strong>\u00a0et le pape Jean-Paul II.<\/p>\n<p>Haut-lieu de la\u00a0<strong>culture juive<\/strong>, <strong>le vieux quartier de Kazimierz<\/strong> o\u00f9 Spielberg tourna \u00ab La Liste de Schindler \u00bb m\u00e9rite une visite approfondie : ses synagogues et ses cimeti\u00e8res, dont celui de Remuh \u2013 un des plus beaux cimeti\u00e8res juifs d\u2019Europe, datant de la Renaissance. Le soir, les restaurants et caf\u00e9s proposent une ambiance unique, restituant l\u2019atmosph\u00e8re juive d\u2019avant-guerre.<\/p>\n<p><strong>Lien:<\/strong><u><\/u><\/p>\n<p><a href=\"https:\/\/www.pologne.travel\/fr-be\/villes\/cracovie-ville-magique\" target=\"_blank\" rel=\"noopener\"><strong><u>https:\/\/www.pologne.travel\/fr-be\/villes\/cracovie-ville-magique<\/u><\/strong><\/a><\/p>\n<figure id=\"attachment_354\" aria-describedby=\"caption-attachment-354\" style=\"width: 640px\" class=\"wp-caption alignleft\"><img loading=\"lazy\" decoding=\"async\" class=\"size-large wp-image-354\" src=\"https:\/\/joanna-jonathan.be\/wp-content\/uploads\/2018\/01\/DSC4313-1024x680.jpg\" alt=\"\" width=\"640\" height=\"425\" srcset=\"https:\/\/joanna-jonathan.be\/wp-content\/uploads\/2018\/01\/DSC4313-1024x680.jpg 1024w, https:\/\/joanna-jonathan.be\/wp-content\/uploads\/2018\/01\/DSC4313-300x199.jpg 300w, https:\/\/joanna-jonathan.be\/wp-content\/uploads\/2018\/01\/DSC4313-768x510.jpg 768w, https:\/\/joanna-jonathan.be\/wp-content\/uploads\/2018\/01\/DSC4313-480x320.jpg 480w\" sizes=\"(max-width: 640px) 100vw, 640px\" \/><figcaption id=\"caption-attachment-354\" class=\"wp-caption-text\">Cracovie &#8211; www.jr-photo.be<\/figcaption><\/figure>\n","protected":false},"excerpt":{"rendered":"<p>Cracovie &#8211; la plus belle ville de Pologne Ancienne ville royale\u00a0et capitale de la Pologne jusqu\u2019au XVIIe si\u00e8cle, class\u00e9e\u00a0l\u2019une des 12 plus belles villes du monde par l\u2019Unesco, capitale europ\u00e9enne de la Culture en 2000, Cracovie rivalise avec les plus belles cit\u00e9s d\u2019Europe. Le grand po\u00e8te polonais Adam Mickiewicz l&rsquo;appelait le \u00ab\u00a0berceau de la vieille [&hellip;]<\/p>\n","protected":false},"author":1,"featured_media":0,"parent":332,"menu_order":0,"comment_status":"closed","ping_status":"closed","template":"","meta":{"footnotes":""},"_links":{"self":[{"href":"https:\/\/joanna-jonathan.be\/index.php\/wp-json\/wp\/v2\/pages\/353"}],"collection":[{"href":"https:\/\/joanna-jonathan.be\/index.php\/wp-json\/wp\/v2\/pages"}],"about":[{"href":"https:\/\/joanna-jonathan.be\/index.php\/wp-json\/wp\/v2\/types\/page"}],"author":[{"embeddable":true,"href":"https:\/\/joanna-jonathan.be\/index.php\/wp-json\/wp\/v2\/users\/1"}],"replies":[{"embeddable":true,"href":"https:\/\/joanna-jonathan.be\/index.php\/wp-json\/wp\/v2\/comments?post=353"}],"version-history":[{"count":3,"href":"https:\/\/joanna-jonathan.be\/index.php\/wp-json\/wp\/v2\/pages\/353\/revisions"}],"predecessor-version":[{"id":414,"href":"https:\/\/joanna-jonathan.be\/index.php\/wp-json\/wp\/v2\/pages\/353\/revisions\/414"}],"up":[{"embeddable":true,"href":"https:\/\/joanna-jonathan.be\/index.php\/wp-json\/wp\/v2\/pages\/332"}],"wp:attachment":[{"href":"https:\/\/joanna-jonathan.be\/index.php\/wp-json\/wp\/v2\/media?parent=353"}],"curies":[{"name":"wp","href":"https:\/\/api.w.org\/{rel}","templated":true}]}}