{"id":342,"date":"2018-01-06T15:07:38","date_gmt":"2018-01-06T14:07:38","guid":{"rendered":"https:\/\/joanna-jonathan.be\/?page_id=342"},"modified":"2018-05-27T16:00:22","modified_gmt":"2018-05-27T14:00:22","slug":"triville-gdansk-sopot-gdynia","status":"publish","type":"page","link":"https:\/\/joanna-jonathan.be\/index.php\/tourisme\/les-villes\/triville-gdansk-sopot-gdynia\/","title":{"rendered":"Triville &#8211; Gdansk, Sopot, Gdynia | Tr\u00f3jmiasto &#8211; Gda\u0144sk, Sopot, Gdynia"},"content":{"rendered":"<p><strong>La Triville <\/strong>(Trojmiasto)<\/p>\n<p><strong>Gdansk<\/strong> constitue avec <strong>Gdynia<\/strong> et <strong>Sopot<\/strong> une agglom\u00e9ration urbaine appel\u00e9e Triville (Trojmiasto). L\u00e0 o\u00f9 Gdansk est un monument historique, Gdynia est un port moderne et Sopot une \u00e9l\u00e9gante cit\u00e9 baln\u00e9aire.<\/p>\n<p><strong><u>Gda\u0144sk &#8211; la perle de la Baltique<\/u><\/strong><\/p>\n<p><strong>Gda\u0144sk<\/strong>\u00a0est une ville magnifique riche d&rsquo;une histoire s\u00e9culaire. Jadis une des plus importantes villes Hans\u00e9atiques elle entretenait des liens culturels et commerciaux intenses avec ce qui est aujourd&rsquo;hui la<strong>\u00a0Belgique et les Pays-Bas.<\/strong><\/p>\n<p>Gdansk est la capitale de\u00a0la Pom\u00e9ranie\u00a0et est situ\u00e9 en bordure de la Mer Baltique. C&rsquo;est une des destinations les plus populaires en Pologne. La ville poss\u00e8de maintes richesses historiques, mus\u00e9es, \u00e9glises et galeries. Surtout <strong>la Rue Longue\u00a0<em>(Ulica Dluga)<\/em><\/strong>\u00a0et <strong>la Place du Long-March\u00e9\u00a0<em>(Dlugi Targ)<\/em><\/strong>\u00a0sont des lieux tr\u00e8s pris\u00e9s par les visiteurs. On y trouve beaucoup de b\u00e2timents remarquables datant de la p\u00e9riode hans\u00e9atique.<\/p>\n<p>L&rsquo;endroit id\u00e9al pour bien profiter des bienfaits <strong>de la mer<\/strong> est <strong>la plage de sable entre\u00a0Sopot\u00a0et Gdansk Nowy Port<\/strong>. On y trouve un grand nombre <strong>de sentiers de randonn\u00e9es et pistes cyclables<\/strong>. Qui plus est Gdansk, comme beaucoup de ville Polonaises, conna\u00eet une intense vie nocturne avec beaucoup de discoth\u00e8ques, caf\u00e9s et terrasses.<\/p>\n<p>Regardez droit dans les yeux du dieu de la mer Neptune &#8211; tr\u00f4nant sur la fontaine qui porte son nom. Promenez-vous sur\u00a0<em>Dlugi Targ\u00a0<\/em>(la Place du Long-March\u00e9), bord\u00e9e de fa\u00e7ades aux couleurs pastels datant du dix-septi\u00e8me et dix-huiti\u00e8me si\u00e8cle, par ci par l\u00e0 d\u00e9cor\u00e9es de feuilles d&rsquo;or.<\/p>\n<p><strong>Bars:<\/strong><\/p>\n<ul>\n<li>\u00ab\u00a0Pulapka\u00a0\u00bb : <a href=\"https:\/\/www.facebook.com\/pubpulapka\">http:\/\/pulapka.ontap.pl\/<\/a><\/li>\n<li>\u00ab\u00a0100cznia\u00a0\u00bb:\u00a0<a href=\"https:\/\/www.facebook.com\/pg\/100cznia\" target=\"_blank\" rel=\"noopener\">https:\/\/www.facebook.com\/pg\/100cznia<\/a><\/li>\n<li>\u00ab\u00a0lawendowa8\u00a0\u00bb: <a href=\"https:\/\/www.facebook.com\/CafeLamus?fref=ts\">http:\/\/lawendowa8.ontap.pl\/<\/a><\/li>\n<\/ul>\n<p><strong>Restaurant:<\/strong><\/p>\n<ul>\n<li>\u00ab\u00a0Familia Bistro\u00a0\u00bb (Lituanien):\u00a0http:\/\/familiabistro.pl\/<\/li>\n<li>\u00ab\u00a0Winne Grono\u00a0\u00bb: http:\/\/winnegrono.com.pl (!!!R\u00e9server \u00e0 l&rsquo;avance!!!)<\/li>\n<li>\u00ab\u00a0Correze and Grill Bar Grobla\u00a0\u00bb (Steakhouse)<\/li>\n<li>\u00ab\u00a0Restauracja Kresowa\u00a0\u00bb:\u00a0http:\/\/kresowagdansk.com.pl\/<\/li>\n<\/ul>\n<p>&nbsp;<\/p>\n<p>Lien:\u00a0<a href=\"https:\/\/www.pologne.travel\/fr-be\/villes\/gdansk-la-perle-de-la-baltique\" target=\"_blank\" rel=\"noopener\">https:\/\/www.pologne.travel\/fr-be\/villes\/gdansk-la-perle-de-la-baltique<\/a><\/p>\n<figure id=\"attachment_345\" aria-describedby=\"caption-attachment-345\" style=\"width: 640px\" class=\"wp-caption alignleft\"><img loading=\"lazy\" decoding=\"async\" class=\"size-large wp-image-345\" src=\"https:\/\/joanna-jonathan.be\/wp-content\/uploads\/2018\/01\/DSC3662_HDR-1024x680.jpg\" alt=\"www.jr-photo.be\" width=\"640\" height=\"425\" srcset=\"https:\/\/joanna-jonathan.be\/wp-content\/uploads\/2018\/01\/DSC3662_HDR-1024x680.jpg 1024w, https:\/\/joanna-jonathan.be\/wp-content\/uploads\/2018\/01\/DSC3662_HDR-300x199.jpg 300w, https:\/\/joanna-jonathan.be\/wp-content\/uploads\/2018\/01\/DSC3662_HDR-768x510.jpg 768w, https:\/\/joanna-jonathan.be\/wp-content\/uploads\/2018\/01\/DSC3662_HDR-480x320.jpg 480w\" sizes=\"(max-width: 640px) 100vw, 640px\" \/><figcaption id=\"caption-attachment-345\" class=\"wp-caption-text\">Gdansk \u2013 www.jr-photo.be<\/figcaption><\/figure>\n<p>&nbsp;<\/p>\n<p>&nbsp;<\/p>\n<p>&nbsp;<\/p>\n<p>&nbsp;<\/p>\n<p>&nbsp;<\/p>\n<p>&nbsp;<\/p>\n<p>&nbsp;<\/p>\n<p>&nbsp;<\/p>\n<p>&nbsp;<\/p>\n<p>&nbsp;<\/p>\n<p>&nbsp;<\/p>\n<p>&nbsp;<\/p>\n<p>&nbsp;<\/p>\n<p style=\"text-align: left;\"><strong><u>Sopot \u2013 la \u00ab Deauville polonaise \u00bb<\/u><\/strong><\/p>\n<p>Situ\u00e9 \u00e0 12 km du centre historique de Gdansk, la petite ville de Sopot constitue <strong>une station baln\u00e9aire<\/strong> la plus hupp\u00e9e du pays.<\/p>\n<p>Sopot est une ville baln\u00e9aire portant <strong>le statut de SPA<\/strong>. Elle forme avec la ville de Gdansk et de Gdynia, une agglom\u00e9ration de plus d\u2019un million d\u2019habitant. Du c\u00f4t\u00e9 terrestre, la ville de Sopot est entour\u00e9e de collines et du c\u00f4t\u00e9 de la mer, la baie de Gdansk est encercl\u00e9e par la p\u00e9ninsule de Hel. Gr\u00e2ce \u00e0 cette position, l\u2019eau des plages de Sopot est toujours plus chaude que dans les autres endroits situ\u00e9s \u00e0 la c\u00f4te Baltique.<\/p>\n<p>Au d\u00e9but ce n\u2019\u00e9tait qu\u2019un simple village de p\u00eacheurs qui fut cr\u00e9\u00e9 sous l\u2019autorit\u00e9 des cisterciens d\u2019Oliwa, existe \u00e0 cet emplacement depuis le XIII\u00e8me si\u00e8cle. Sopot \u00e9mergea de l\u2019anonymat gr\u00e2ce \u00e0 l\u2019Alsacien Georges Haffner, ancien chirurgien de l\u2019arm\u00e9e napol\u00e9onienne qui y cr\u00e9a en 1823 les premiers bains, suivis d\u2019un \u00e9tablissement thermal.<\/p>\n<p>Aujourd\u2019hui Sopot poss\u00e8de <strong>5 spas sp\u00e9cialis\u00e9s dans la cure thermale<\/strong>. Au cours des d\u00e9cennies suivantes, de belles villas virent le jour, dont plusieurs sont encore debout. C\u2019est ce qui donne ce climat unique en plus des magnifiques parcs. <strong>La nature repr\u00e9sente plus de 60% de la superficie de la ville.<\/strong><\/p>\n<p>C\u2019est aujourd\u2019hui un lieu appr\u00e9ci\u00e9 de vill\u00e9giature offrant de nombreuses attractions aux visiteurs : <strong>jet\u00e9e en bois de 511 m<\/strong> (une des plus longues d\u2019Europe), centre-ville anim\u00e9 et branch\u00e9 avec sa rue pi\u00e9tonni\u00e8re Bohaterow Monte Cassino, plage de sable fin, parc aquatique etc.<\/p>\n<p><strong>Bars:<\/strong><\/p>\n<ul>\n<li>\u00ab\u00a0Konsulat Dobrego Piwa\u00a0\u00bb : <a href=\"https:\/\/www.facebook.com\/KonsulatDobregoPiwa\">http:\/\/pulapka.ontap.pl\/<\/a><\/li>\n<\/ul>\n<p>&nbsp;<\/p>\n<p>Lien:\u00a0<a href=\"https:\/\/www.pologne.travel\/fr-be\/villes\/sopot--la--deauville-polonaise\" target=\"_blank\" rel=\"noopener\">https:\/\/www.pologne.travel\/fr-be\/villes\/sopot&#8211;la&#8211;deauville-polonaise<\/a><\/p>\n<p>&nbsp;<\/p>\n<figure id=\"attachment_351\" aria-describedby=\"caption-attachment-351\" style=\"width: 640px\" class=\"wp-caption alignleft\"><img loading=\"lazy\" decoding=\"async\" class=\"size-large wp-image-351\" src=\"https:\/\/joanna-jonathan.be\/wp-content\/uploads\/2018\/01\/DSC3071_HDR-2-1024x680.jpg\" alt=\"\" width=\"640\" height=\"425\" srcset=\"https:\/\/joanna-jonathan.be\/wp-content\/uploads\/2018\/01\/DSC3071_HDR-2-1024x680.jpg 1024w, https:\/\/joanna-jonathan.be\/wp-content\/uploads\/2018\/01\/DSC3071_HDR-2-300x199.jpg 300w, https:\/\/joanna-jonathan.be\/wp-content\/uploads\/2018\/01\/DSC3071_HDR-2-768x510.jpg 768w, https:\/\/joanna-jonathan.be\/wp-content\/uploads\/2018\/01\/DSC3071_HDR-2-480x320.jpg 480w\" sizes=\"(max-width: 640px) 100vw, 640px\" \/><figcaption id=\"caption-attachment-351\" class=\"wp-caption-text\">Sopot &#8211; www.jr-photo.be<\/figcaption><\/figure>\n<p>&nbsp;<\/p>\n<p>&nbsp;<\/p>\n<p>&nbsp;<\/p>\n<p>&nbsp;<\/p>\n<p>&nbsp;<\/p>\n<p>&nbsp;<\/p>\n<p>&nbsp;<\/p>\n<p>&nbsp;<\/p>\n<p>&nbsp;<\/p>\n<p>&nbsp;<\/p>\n<p>&nbsp;<\/p>\n<p>&nbsp;<\/p>\n<p>&nbsp;<\/p>\n<p><strong><u>Gdynia &#8211; fille cadette de la \u00ab\u00a0Triville\u00a0\u00bb<\/u><\/strong><\/p>\n<p>Gdynia est l\u2019une des plus jeunes villes de la Pologne. C\u2019est en 1926 qu\u2019elle a \u00e9t\u00e9 promue au rang d\u2019une ville. Entreprise en 1920, la construction d\u2019un port maritime y attirait des gens \u00e0 trempe de toute la Pologne. En 10 ans, ils ont transform\u00e9 ce village de p\u00eacheurs en une ville moderne de 100 000 habitants.<\/p>\n<p>On y trouve \u00e9galement des monuments historiques datant d&rsquo;il y a plusieurs si\u00e8cles : l\u2019\u00e9glise Saint-Michel &#8211; Archange du XIIIe si\u00e8cle \u00e0 Oksywie et l\u2019une des plus anciennes en Pom\u00e9ranie de Gda\u0144sk, le palais de Kolibki o\u00f9 habitaient Jean III Sobieski et son \u00e9pouse Marie de la Grange d\u2019Arquien et aussi le manoir n\u00e9o-gothique fin XVIIe \u2013 d\u00e9but XVIIIe &#8211; rue Folwarczna \u00e0 Or\u0142owo.<\/p>\n<p>Les t\u00e9moins du pass\u00e9 et des mus\u00e9es attendent des visiteurs \u00e9galement sur eau \u2013 le destroyer \u201eL\u2019\u00e9clair\u201d, v\u00e9t\u00e9ran de la seconde guerre mondiale et l\u2019une des plus belles fr\u00e9gates-\u00e9coles qui est \u201ele Don de la Pom\u00e9ranie\u201d. Un Mus\u00e9e de la Marine de Guerre se trouve au centre de la ville \u2013 tout pr\u00e8s d\u2019une plage.<\/p>\n<p>En \u00e9t\u00e9, on peut profiter d\u2019une tr\u00e8s belle plage am\u00e9nag\u00e9e, situ\u00e9e en plein centre-ville. On y trouve de bons restaurants servant des plats de poissons frais, des pubs, une piste pour v\u00e9lo et rollers. Bref, c\u2019est l\u2019endroit de rencontre des gens qui appr\u00e9cient l\u2019air marin, les belles vues, le sport\u2026<\/p>\n<p><a href=\"https:\/\/www.pologne.travel\/fr-be\/villes\/gdynia-fille-cadette-de-la-triville\" target=\"_blank\" rel=\"noopener\"><strong>https:\/\/www.pologne.travel\/fr-be\/villes\/gdynia-fille-cadette-de-la-triville<\/strong><\/a><\/p>\n<p>&nbsp;<\/p>\n","protected":false},"excerpt":{"rendered":"<p>La Triville (Trojmiasto) Gdansk constitue avec Gdynia et Sopot une agglom\u00e9ration urbaine appel\u00e9e Triville (Trojmiasto). L\u00e0 o\u00f9 Gdansk est un monument historique, Gdynia est un port moderne et Sopot une \u00e9l\u00e9gante cit\u00e9 baln\u00e9aire. Gda\u0144sk &#8211; la perle de la Baltique Gda\u0144sk\u00a0est une ville magnifique riche d&rsquo;une histoire s\u00e9culaire. Jadis une des plus importantes villes Hans\u00e9atiques [&hellip;]<\/p>\n","protected":false},"author":1,"featured_media":0,"parent":332,"menu_order":0,"comment_status":"closed","ping_status":"closed","template":"","meta":{"footnotes":""},"_links":{"self":[{"href":"https:\/\/joanna-jonathan.be\/index.php\/wp-json\/wp\/v2\/pages\/342"}],"collection":[{"href":"https:\/\/joanna-jonathan.be\/index.php\/wp-json\/wp\/v2\/pages"}],"about":[{"href":"https:\/\/joanna-jonathan.be\/index.php\/wp-json\/wp\/v2\/types\/page"}],"author":[{"embeddable":true,"href":"https:\/\/joanna-jonathan.be\/index.php\/wp-json\/wp\/v2\/users\/1"}],"replies":[{"embeddable":true,"href":"https:\/\/joanna-jonathan.be\/index.php\/wp-json\/wp\/v2\/comments?post=342"}],"version-history":[{"count":9,"href":"https:\/\/joanna-jonathan.be\/index.php\/wp-json\/wp\/v2\/pages\/342\/revisions"}],"predecessor-version":[{"id":680,"href":"https:\/\/joanna-jonathan.be\/index.php\/wp-json\/wp\/v2\/pages\/342\/revisions\/680"}],"up":[{"embeddable":true,"href":"https:\/\/joanna-jonathan.be\/index.php\/wp-json\/wp\/v2\/pages\/332"}],"wp:attachment":[{"href":"https:\/\/joanna-jonathan.be\/index.php\/wp-json\/wp\/v2\/media?parent=342"}],"curies":[{"name":"wp","href":"https:\/\/api.w.org\/{rel}","templated":true}]}}