{"id":336,"date":"2018-01-06T15:01:05","date_gmt":"2018-01-06T14:01:05","guid":{"rendered":"https:\/\/joanna-jonathan.be\/?page_id=336"},"modified":"2018-05-24T14:53:04","modified_gmt":"2018-05-24T12:53:04","slug":"varsovie-la-capitale","status":"publish","type":"page","link":"https:\/\/joanna-jonathan.be\/index.php\/tourisme\/les-villes\/varsovie-la-capitale\/","title":{"rendered":"Varsovie | Warszawa"},"content":{"rendered":"<p><strong>Varsovie &#8211; la capitale<\/strong><\/p>\n<p>D\u00e9ploy\u00e9e sur les deux rives de la Vistule et capitale de la Pologne depuis la fin du XVI\u00e8me si\u00e8cle, cette cit\u00e9 rayonnante au Si\u00e8cle d\u2019Or fut ray\u00e9e de la carte en 1945.<\/p>\n<p>Minutieusement reconstitu\u00e9 par le peuple polonais sur la base des anciens plans de l\u2019ordonnance m\u00e9di\u00e9vale, l\u2019ensemble architectural unique de <strong>la vielle ville (Stare Miasto)<\/strong> avec ses belles fa\u00e7ades aux fresques renaissance, baroque ou gothique est \u00e9lev\u00e9 au rang de\u00a0<strong>patrimoine mondial par l\u2019Unesco<\/strong>.<\/p>\n<p>Embl\u00e8me de la reconstruction, le\u00a0<strong>Ch\u00e2teau Royal<\/strong>\u00a0o\u00f9 si\u00e9geaient les rois de Pologne depuis le XVIII\u00e8 si\u00e8cle, abrite quelques 300 pi\u00e8ces de collection et de somptueuses salles richement orn\u00e9es.<\/p>\n<p>Varsovie est une ville qui r\u00e9concilie le pass\u00e9 et l\u2019avenir et marie au pr\u00e9sent tous les contrastes d\u2019une m\u00e9tropole moderne et dynamique, et d\u2019un d\u00e9cor de th\u00e9\u00e2tre alternant avec des oasis de verdure.<\/p>\n<p>La ballade sur la voie Royale est un \u00ab must \u00bb. Jalonn\u00e9e de caf\u00e9s d\u2019ambiance viennoise, de mus\u00e9es, d\u2019\u00e9glises et de nombreux palais abritant les institutions de la ville, elle longe le romantique parc royal\u00a0<strong>Lazienki Krolewskie<\/strong><strong>\u00a0<\/strong>avec ses all\u00e9es tranquilles entour\u00e9es d\u2019\u00e9tangs, son monument \u00e0\u00a0<strong>Fr\u00e9d\u00e9ric Chopin<\/strong>\u00a0au centre d\u2019une belle roseraie et ses superbes pavillons n\u00e9o-classiques, le parc r\u00e9unit tous les amoureux de Varsovie et de la musique.<\/p>\n<p>Hors de la ville, <strong>le Palais-Mus\u00e9e de Wilanow<\/strong>, r\u00e9sidence d\u2019\u00e9t\u00e9 du roi Jean III Sobieski, est un autre joyau d\u2019architecture baroque. Le visiteur admirera une riche collection de meubles pr\u00e9cieux et de peintures, et entourant le ch\u00e2teau, un magnifique parc \u00e0 la fran\u00e7aise o\u00f9 se trouve \u00e9galement le Mus\u00e9e de l\u2019Affiche.<\/p>\n<p><strong>Restaurants:\u00a0<\/strong><\/p>\n<ul>\n<li class=\"section-hero-header-title\">\u00ab\u00a0Zapiecek\u00a0\u00bb,\u00a0\u015awi\u0119toja\u0144ska 13,\u00a0Krakowskie Przedmie\u015bcie 55, Freta 1, Freta 18, Nowy \u015awiat 64,\u00a0Al. Jerozolimskie 28, http:\/\/www.zapiecek.eu\/main.html,<\/li>\n<li>\u00ab\u00a0Restaurant \u00ab\u00a0Podwale 25&Prime; Kompania Piwna\u00a0\u00bb,\u00a0Podwale 25,\u00a0http:\/\/podwale25.pl\/<\/li>\n<li>\u00ab\u00a0Banjaluka\u00a0\u00bb Szkolna 2\/4, 00-006 Warszawa,\u00a0http:\/\/www.banjaluka.pl\/<\/li>\n<li class=\"section-hero-header-title\">\u00ab\u00a0Restauracja Przy Zamku\u00a0\u00bb,\u00a0plac Zamkowy 15\/19, 00-001 Warszawa,\u00a0http:\/\/www.placzamkowy.pl\/fr<\/li>\n<li>\u00ab\u00a0\u017burawina\u00a0\u00bb,\u00a0\u017burawia 32\/34, 00-515 Warszawa,\u00a0http:\/\/www.zurawina.eu\/<\/li>\n<li class=\"section-hero-header-title\">\u00ab\u00a0Prodi\u017c Warszawski\u00a0\u00bb, Pozna\u0144ska 16, 00-680 Warszawa, http:\/\/prodizwarszawski.pl<\/li>\n<\/ul>\n<p><strong>Bistros:<\/strong><\/p>\n<ul>\n<li>\u00ab\u00a0S\u0142oik\u00a0\u00bb\u00a0<span style=\"font-size: 16px;\">Z\u0142ota 11, 00-019 Warszawa,\u00a0<\/span>http:\/\/restauracjasloik.pl\/#3kaflki,<\/li>\n<li>\u00ab\u00a0Bobby Burger\u00a0\u00bb\u00a0\u017burawia 32\/34, 00-515 Warszawa,\u00a0https:\/\/bobbyburger.pl\/<\/li>\n<li class=\"section-hero-header-title\">\u00ab\u00a0Zapiexy Luxusowe\u00a0\u00bb,\u00a0Widok 19, 00-026 Warszawa, Polska, http:\/\/zapiexy.pl\/<\/li>\n<li class=\"section-hero-header-title\">\u00ab\u00a0Znajomi Znajomych\u00a0\u00bb,\u00a0Wilcza 58A, 00-679 Warszawa,\u00a0http:\/\/www.znajomiznajomych.waw.pl\/<\/li>\n<li>\u00ab\u00a0BEIRUT hummus &amp; music bar\u00a0\u00bb,\u00a0Pozna\u0144ska 12, 00-454 Warszawa, https:\/\/www.facebook.com\/beiruthummusbar<\/li>\n<li class=\"section-hero-header-title\">\u00ab\u00a0Hala Koszyki\u00a0\u00bb,\u00a0Koszykowa 63, 00-667 Warszawa,\u00a0https:\/\/www.koszyki.com\/<\/li>\n<\/ul>\n<p><strong>Bars:<\/strong><\/p>\n<ul>\n<li>\u00ab\u00a0CUD NAD WIS\u0141\u0104\u00a0\u00bb, Bulwar Flotylli Wi\u015blanej 00-439 Warszawa : http:\/\/cudnadwisla.com\/<\/li>\n<li>\u00ab\u00a0Hocki Klocki\u00a0\u00bb B<span class=\"section-info-text\"><span class=\"widget-pane-link\">ulwar Flotylli Wi\u015blanej, 00-001 Warszawa,\u00a0https:\/\/www.facebook.com\/HockiKlockinadWisla\/<\/span><\/span><\/li>\n<li class=\"section-hero-header-title\">\u00ab\u00a0Bar Studio\u00a0\u00bb Plac Defilad 1, 00-901 Warszawa,\u00a0https:\/\/www.facebook.com\/barstudio.warszawa\/<\/li>\n<li class=\"section-hero-header-title\">\u00ab\u00a0Kufle i Kapsle\u00a0\u00bb,\u00a025, Nowogrodzka, 00-511 Warszawa, Polska, http:\/\/www.kufleikapsle.pl\/about\/<\/li>\n<li class=\"section-hero-header-title\">\u00ab\u00a0PiwPaw\u00a0\u00bb\u00a000-515, \u017burawia 32\/34, 00-001 Warszawa,http:\/\/www.piwpaw.pl<\/li>\n<li class=\"section-hero-header-title\">\u00ab\u00a0Drugie Dno &#8211; Multitap Bar | Pub\u00a0\u00bb\u00a0Nowogrodzka 4, 00-513 Warszawa, http:\/\/drugiedno.pl\/en\/homepage\/<\/li>\n<\/ul>\n<p>&nbsp;<\/p>\n<p>Liens:<\/p>\n<p><a href=\"https:\/\/www.pologne.travel\/fr-be\/villes\/varsovie-capitale-de-la-pologne\" target=\"_blank\" rel=\"noopener\">https:\/\/www.pologne.travel\/fr-be\/villes\/varsovie-capitale-de-la-pologne<\/a><\/p>\n<p><img loading=\"lazy\" decoding=\"async\" class=\"wp-image-337 size-large\" src=\"https:\/\/joanna-jonathan.be\/wp-content\/uploads\/2018\/01\/DSC9028-1024x683.jpg\" alt=\"www.jr-photo.be\" width=\"640\" height=\"427\" srcset=\"https:\/\/joanna-jonathan.be\/wp-content\/uploads\/2018\/01\/DSC9028-1024x683.jpg 1024w, https:\/\/joanna-jonathan.be\/wp-content\/uploads\/2018\/01\/DSC9028-300x200.jpg 300w, https:\/\/joanna-jonathan.be\/wp-content\/uploads\/2018\/01\/DSC9028-768x512.jpg 768w, https:\/\/joanna-jonathan.be\/wp-content\/uploads\/2018\/01\/DSC9028-480x320.jpg 480w\" sizes=\"(max-width: 640px) 100vw, 640px\" \/><\/p>\n<p>Varsovie &#8211; www.jr-photo.be<\/p>\n<p>&nbsp;<\/p>\n","protected":false},"excerpt":{"rendered":"<p>Varsovie &#8211; la capitale D\u00e9ploy\u00e9e sur les deux rives de la Vistule et capitale de la Pologne depuis la fin du XVI\u00e8me si\u00e8cle, cette cit\u00e9 rayonnante au Si\u00e8cle d\u2019Or fut ray\u00e9e de la carte en 1945. Minutieusement reconstitu\u00e9 par le peuple polonais sur la base des anciens plans de l\u2019ordonnance m\u00e9di\u00e9vale, l\u2019ensemble architectural unique de [&hellip;]<\/p>\n","protected":false},"author":1,"featured_media":0,"parent":332,"menu_order":0,"comment_status":"closed","ping_status":"closed","template":"","meta":{"footnotes":""},"_links":{"self":[{"href":"https:\/\/joanna-jonathan.be\/index.php\/wp-json\/wp\/v2\/pages\/336"}],"collection":[{"href":"https:\/\/joanna-jonathan.be\/index.php\/wp-json\/wp\/v2\/pages"}],"about":[{"href":"https:\/\/joanna-jonathan.be\/index.php\/wp-json\/wp\/v2\/types\/page"}],"author":[{"embeddable":true,"href":"https:\/\/joanna-jonathan.be\/index.php\/wp-json\/wp\/v2\/users\/1"}],"replies":[{"embeddable":true,"href":"https:\/\/joanna-jonathan.be\/index.php\/wp-json\/wp\/v2\/comments?post=336"}],"version-history":[{"count":10,"href":"https:\/\/joanna-jonathan.be\/index.php\/wp-json\/wp\/v2\/pages\/336\/revisions"}],"predecessor-version":[{"id":677,"href":"https:\/\/joanna-jonathan.be\/index.php\/wp-json\/wp\/v2\/pages\/336\/revisions\/677"}],"up":[{"embeddable":true,"href":"https:\/\/joanna-jonathan.be\/index.php\/wp-json\/wp\/v2\/pages\/332"}],"wp:attachment":[{"href":"https:\/\/joanna-jonathan.be\/index.php\/wp-json\/wp\/v2\/media?parent=336"}],"curies":[{"name":"wp","href":"https:\/\/api.w.org\/{rel}","templated":true}]}}