{"id":296,"date":"2018-01-04T20:55:50","date_gmt":"2018-01-04T19:55:50","guid":{"rendered":"https:\/\/joanna-jonathan.be\/?page_id=296"},"modified":"2018-01-08T10:47:52","modified_gmt":"2018-01-08T09:47:52","slug":"notre-region-en-pologne","status":"publish","type":"page","link":"https:\/\/joanna-jonathan.be\/index.php\/tourisme\/notre-region-en-pologne\/","title":{"rendered":"Notre R\u00e9gion en Pologne | Nasze wojew\u00f3dztwo"},"content":{"rendered":"<p>La Pologne est un pays contrast\u00e9 de r\u00e9gions montagneuses, maritimes et de grands lacs qui se succ\u00e8dent harmonieusement.<\/p>\n<p>Les for\u00eats occupent encore pr\u00e8s de 30% de la superficie du pays. Ces sites semi-vierges sont prot\u00e9g\u00e9s dans la limite des 22 parcs nationaux dont 3 sont inscrits sur la liste internationale des r\u00e9serves mondiales de la biosph\u00e8re de l&rsquo;Unesco.<\/p>\n<p>&nbsp;<\/p>\n<h2>Notre r\u00e9gion:\u00a0Grande Pologne &#8211; Wielkopolska<\/h2>\n<p><img loading=\"lazy\" decoding=\"async\" class=\"aligncenter size-medium wp-image-298\" src=\"https:\/\/joanna-jonathan.be\/wp-content\/uploads\/2018\/01\/wielkoposka-300x271.jpg\" alt=\"\" width=\"300\" height=\"271\" srcset=\"https:\/\/joanna-jonathan.be\/wp-content\/uploads\/2018\/01\/wielkoposka-300x271.jpg 300w, https:\/\/joanna-jonathan.be\/wp-content\/uploads\/2018\/01\/wielkoposka.jpg 552w\" sizes=\"(max-width: 300px) 100vw, 300px\" \/><\/p>\n<p>Cette r\u00e9gion est le berceau historique de l&rsquo;\u00e9tat polonais. C&rsquo;est ici en 1025, dans sa ville de Gniezno, que fut couronn\u00e9 Boleslas le Vaillant (Chrobry) &#8211; roi de Pologne.<\/p>\n<p>Depuis 966, date \u00e0 laquelle la Pologne accepta le christianisme, Wielkopolska se lia \u00e0 la culture occidentale et latine. Les plans des villes, les monuments, l&rsquo;architecture nous le rappellent.<\/p>\n<p>Les fleurons de cette culture mill\u00e9naire sont entour\u00e9s de vastes complexes forestiers, des lacs, de chemins campagnards menant vers des villages prosp\u00e8res. Une nature accueillante qui ajoute ses attractions \u00e0 celles de la culture humaine.<\/p>\n<p>&nbsp;<\/p>\n<h3>Sur la route ou en avion:<\/h3>\n<ul>\n<li><strong>Pozna\u0144:<\/strong>\u00a0Par la route, c&rsquo;est un l\u00e9ger d\u00e9tour mais avec l&rsquo;autoroute, on parle de seulement <em>30 minutes de d\u00e9tour<\/em> \ud83d\ude42 Poznan est la capitale de la r\u00e9gion, comptant 600.000 habitants. C&rsquo;est une des villes les plus dynamiques de la Pologne et un centre de commerce important. La visite de Poznan commence par l&rsquo;\u00eele d&rsquo;Ostrow Tumski, la partie la plus ancienne, o\u00f9 se dresse la cath\u00e9drale royale, elle-m\u00eame construite sur le site d&rsquo;un ch\u00e2teau du Duc Mieszko I- premier roi de la Pologne. <em><strong>Recommandations<\/strong><\/em>: pr\u00e9voir 2 jours et ne pas manquer les bars sur les bords de la Warta ou du lac.<\/li>\n<li><strong>Gniezno: <\/strong>Situ\u00e9 pas trop loin de\u00a0<strong>Pozna\u0144. <\/strong>Cette ville avec sa cath\u00e9drale royale fut fond\u00e9e dans ce qui fut le premier archidioc\u00e8se du pays, au X\u00e8me si\u00e8cle.<\/li>\n<\/ul>\n<h3>A voir\/Faire:<\/h3>\n<ul>\n<li><strong>Visiter la r\u00e9gion en kayak:<\/strong>\u00a0Le voyage en kayak sur la Warta est tr\u00e8s sympa \u00e0 faire : cette rivi\u00e8re vous emm\u00e8ne pendant 369 km fascinants \u00e0 travers Wielkopolska, sans interruption ni obstacle majeur.<\/li>\n<li><strong>Parcs nationaux :<\/strong> le Parc National Drawienski et le Parc National de Wielkopolska, tous les deux \u00e9quip\u00e9s de sentiers VTT et de randonn\u00e9es p\u00e9destres.<\/li>\n<li><strong>La voie navigable de la Grande Boucle de Wielopolska.<\/strong> La longueur totale du parcours est de 687,9 km. Il est parfaitement envisageable de naviguer pendant des semaines enti\u00e8res et alterner le s\u00e9jour sur l&rsquo;eau avec la visite de sites nouveaux, comme de magnifiques villes anciennes ou profiter d&rsquo;une nature resplendissante.<\/li>\n<\/ul>\n<h3>Liens:<\/h3>\n<ul>\n<li><a href=\"https:\/\/www.lonelyplanet.com\/poland\/wielkopolska\/attractions\/a\/poi-sig\/360345\" target=\"_blank\" rel=\"noopener\">https:\/\/www.lonelyplanet.com\/poland\/wielkopolska\/attractions\/a\/poi-sig\/360345<\/a><\/li>\n<li><a href=\"https:\/\/www.lonelyplanet.com\/poland\/wielkopolska\/poznan\" target=\"_blank\" rel=\"noopener\">https:\/\/www.lonelyplanet.com\/poland\/wielkopolska\/poznan<\/a><\/li>\n<li><a href=\"https:\/\/www.pologne.travel\/fr-be\/regions\/wielkopolska-la-grande-pologne\" target=\"_blank\" rel=\"noopener\">https:\/\/www.pologne.travel\/fr-be\/regions\/wielkopolska-la-grande-pologne<\/a><\/li>\n<\/ul>\n<p>&nbsp;<\/p>\n","protected":false},"excerpt":{"rendered":"<p>La Pologne est un pays contrast\u00e9 de r\u00e9gions montagneuses, maritimes et de grands lacs qui se succ\u00e8dent harmonieusement. Les for\u00eats occupent encore pr\u00e8s de 30% de la superficie du pays. Ces sites semi-vierges sont prot\u00e9g\u00e9s dans la limite des 22 parcs nationaux dont 3 sont inscrits sur la liste internationale des r\u00e9serves mondiales de la [&hellip;]<\/p>\n","protected":false},"author":1,"featured_media":0,"parent":264,"menu_order":0,"comment_status":"closed","ping_status":"closed","template":"","meta":{"footnotes":""},"_links":{"self":[{"href":"https:\/\/joanna-jonathan.be\/index.php\/wp-json\/wp\/v2\/pages\/296"}],"collection":[{"href":"https:\/\/joanna-jonathan.be\/index.php\/wp-json\/wp\/v2\/pages"}],"about":[{"href":"https:\/\/joanna-jonathan.be\/index.php\/wp-json\/wp\/v2\/types\/page"}],"author":[{"embeddable":true,"href":"https:\/\/joanna-jonathan.be\/index.php\/wp-json\/wp\/v2\/users\/1"}],"replies":[{"embeddable":true,"href":"https:\/\/joanna-jonathan.be\/index.php\/wp-json\/wp\/v2\/comments?post=296"}],"version-history":[{"count":10,"href":"https:\/\/joanna-jonathan.be\/index.php\/wp-json\/wp\/v2\/pages\/296\/revisions"}],"predecessor-version":[{"id":421,"href":"https:\/\/joanna-jonathan.be\/index.php\/wp-json\/wp\/v2\/pages\/296\/revisions\/421"}],"up":[{"embeddable":true,"href":"https:\/\/joanna-jonathan.be\/index.php\/wp-json\/wp\/v2\/pages\/264"}],"wp:attachment":[{"href":"https:\/\/joanna-jonathan.be\/index.php\/wp-json\/wp\/v2\/media?parent=296"}],"curies":[{"name":"wp","href":"https:\/\/api.w.org\/{rel}","templated":true}]}}