{"id":267,"date":"2018-01-04T20:27:42","date_gmt":"2018-01-04T19:27:42","guid":{"rendered":"https:\/\/joanna-jonathan.be\/?page_id=267"},"modified":"2018-01-08T10:41:41","modified_gmt":"2018-01-08T09:41:41","slug":"allemagne","status":"publish","type":"page","link":"https:\/\/joanna-jonathan.be\/index.php\/tourisme\/allemagne\/","title":{"rendered":"Allemagne | Niemcy"},"content":{"rendered":"<p><span style=\"color: #800080;\"><em>Cz\u0119\u015b\u0107 przewidziana dla naszych belgijskich\u00a0przyjaci\u00f3\u0142, bo chyba nikt z Was nie b\u0119dzie przeje\u017cd\u017ca\u0142 przez Niemcy. \ud83d\ude09<\/em><\/span><\/p>\n<p>Entre la Belgique et la Pologne, il y a &#8230; l&rsquo;Allemagne \ud83d\ude42 Peut-\u00eatre le saviez-vous? \ud83d\ude09<\/p>\n<p>&nbsp;<\/p>\n<h2>Une halte \u00e0 mi-chemin?<\/h2>\n<p>Si vous venez en voiture (ou en camping-car), peut-\u00eatre souhaiteriez-vous couper le trajet en deux?<\/p>\n<p>Nous l&rsquo;avons fait et en tant que chauffeur, c&rsquo;est beaucoup plus reposant de faire le trajet en deux fois.<\/p>\n<p>Nous nous sommes donc arr\u00eat\u00e9s \u00e0 <strong>Magdeburg<\/strong>!<\/p>\n<p>Malheureusement, nous y sommes arriver assez tard et n&rsquo;avons pas vraiment eu le temps de visiter \u00e0 part lors d&rsquo;une courte promenade en allant manger au soir.<\/p>\n<p>A voir\/faire:<\/p>\n<ul>\n<li>Cath\u00e9drale<\/li>\n<li>L&rsquo;Elbe<\/li>\n<li>Mus\u00e9e<\/li>\n<li>Giebichenstein Castle<\/li>\n<\/ul>\n<p>Nous avons s\u00e9journer \u00e0 l&rsquo;Art Hotel, un hotel situ\u00e9 dans un b\u00e2timent -\u00ab\u00a0The Green Citadel\u00a0\u00bb r\u00e9alis\u00e9 par une sorte de \u00ab\u00a0Schieven architek\u00a0\u00bb autrichien du nom d&rsquo;Hundertwasser.<\/p>\n<p>Si vous voulez y s\u00e9journer, veillez \u00e0 demander une chambre qui donne sur l&rsquo;int\u00e9rieur et pas sur le boulevard.<\/p>\n<p><img loading=\"lazy\" decoding=\"async\" class=\"size-large wp-image-271 aligncenter\" src=\"https:\/\/joanna-jonathan.be\/wp-content\/uploads\/2018\/01\/DSC4879-1024x683.jpg\" alt=\"\" width=\"640\" height=\"427\" srcset=\"https:\/\/joanna-jonathan.be\/wp-content\/uploads\/2018\/01\/DSC4879-1024x683.jpg 1024w, https:\/\/joanna-jonathan.be\/wp-content\/uploads\/2018\/01\/DSC4879-300x200.jpg 300w, https:\/\/joanna-jonathan.be\/wp-content\/uploads\/2018\/01\/DSC4879-768x512.jpg 768w, https:\/\/joanna-jonathan.be\/wp-content\/uploads\/2018\/01\/DSC4879-480x320.jpg 480w\" sizes=\"(max-width: 640px) 100vw, 640px\" \/><\/p>\n<h2><\/h2>\n<h2>Un peu plus loin ou si vous venez directement en avion<\/h2>\n<p><strong>Berlin<\/strong> \u00e9videment!<\/p>\n<p>On ne pr\u00e9sente plus la capitale allemande. Nous y sommes aller en 2014 et nous avons ador\u00e9 \ud83d\ude42<\/p>\n<p>A voir\/faire:<\/p>\n<ul>\n<li>REICHSTAG<\/li>\n<li>LE MUR DE BERLIN<\/li>\n<li>SILLONNER LES PISTES CYCLABLES DE LA CAPITALE<\/li>\n<li>PORTE DE BRANDEBOURG<\/li>\n<li>L\u2019\u00ceLE DES MUS\u00c9ES<\/li>\n<li>LA VIE NOCTURNE<\/li>\n<\/ul>\n<p>Lien:\u00a0<a href=\"https:\/\/www.lonelyplanet.fr\/destinations\/europe\/allemagne\/berlin\/les-incontournables\" target=\"_blank\" rel=\"noopener\">https:\/\/www.lonelyplanet.fr\/destinations\/europe\/allemagne\/berlin\/les-incontournables<\/a><\/p>\n<p><img loading=\"lazy\" decoding=\"async\" class=\"size-large wp-image-269 aligncenter\" src=\"https:\/\/joanna-jonathan.be\/wp-content\/uploads\/2018\/01\/DSC3710-1024x681.jpg\" alt=\"\" width=\"640\" height=\"426\" srcset=\"https:\/\/joanna-jonathan.be\/wp-content\/uploads\/2018\/01\/DSC3710-1024x681.jpg 1024w, https:\/\/joanna-jonathan.be\/wp-content\/uploads\/2018\/01\/DSC3710-300x199.jpg 300w, https:\/\/joanna-jonathan.be\/wp-content\/uploads\/2018\/01\/DSC3710-768x510.jpg 768w, https:\/\/joanna-jonathan.be\/wp-content\/uploads\/2018\/01\/DSC3710-480x320.jpg 480w\" sizes=\"(max-width: 640px) 100vw, 640px\" \/><\/p>\n","protected":false},"excerpt":{"rendered":"<p>Cz\u0119\u015b\u0107 przewidziana dla naszych belgijskich\u00a0przyjaci\u00f3\u0142, bo chyba nikt z Was nie b\u0119dzie przeje\u017cd\u017ca\u0142 przez Niemcy. \ud83d\ude09 Entre la Belgique et la Pologne, il y a &#8230; l&rsquo;Allemagne \ud83d\ude42 Peut-\u00eatre le saviez-vous? \ud83d\ude09 &nbsp; Une halte \u00e0 mi-chemin? Si vous venez en voiture (ou en camping-car), peut-\u00eatre souhaiteriez-vous couper le trajet en deux? Nous l&rsquo;avons fait [&hellip;]<\/p>\n","protected":false},"author":1,"featured_media":0,"parent":264,"menu_order":0,"comment_status":"closed","ping_status":"closed","template":"","meta":{"footnotes":""},"_links":{"self":[{"href":"https:\/\/joanna-jonathan.be\/index.php\/wp-json\/wp\/v2\/pages\/267"}],"collection":[{"href":"https:\/\/joanna-jonathan.be\/index.php\/wp-json\/wp\/v2\/pages"}],"about":[{"href":"https:\/\/joanna-jonathan.be\/index.php\/wp-json\/wp\/v2\/types\/page"}],"author":[{"embeddable":true,"href":"https:\/\/joanna-jonathan.be\/index.php\/wp-json\/wp\/v2\/users\/1"}],"replies":[{"embeddable":true,"href":"https:\/\/joanna-jonathan.be\/index.php\/wp-json\/wp\/v2\/comments?post=267"}],"version-history":[{"count":29,"href":"https:\/\/joanna-jonathan.be\/index.php\/wp-json\/wp\/v2\/pages\/267\/revisions"}],"predecessor-version":[{"id":410,"href":"https:\/\/joanna-jonathan.be\/index.php\/wp-json\/wp\/v2\/pages\/267\/revisions\/410"}],"up":[{"embeddable":true,"href":"https:\/\/joanna-jonathan.be\/index.php\/wp-json\/wp\/v2\/pages\/264"}],"wp:attachment":[{"href":"https:\/\/joanna-jonathan.be\/index.php\/wp-json\/wp\/v2\/media?parent=267"}],"curies":[{"name":"wp","href":"https:\/\/api.w.org\/{rel}","templated":true}]}}