{"id":228,"date":"2017-12-02T21:35:59","date_gmt":"2017-12-02T20:35:59","guid":{"rendered":"https:\/\/joanna-jonathan.be\/?page_id=228"},"modified":"2017-12-04T11:53:41","modified_gmt":"2017-12-04T10:53:41","slug":"en-bus","status":"publish","type":"page","link":"https:\/\/joanna-jonathan.be\/index.php\/en-pratique\/en-bus\/","title":{"rendered":"En Bus | Autocarem"},"content":{"rendered":"<p>Pour rejoindre le lieu de notre mariage en bus, la compagnie Polonaise Sindbad propose des lignes r\u00e9guli\u00e8res de Bruxelles \u00e0 Pila (50km de notre lieu de mariage).<\/p>\n<p>Le trajet dure environ 15h et co\u00fbte entre 80 et 120\u20ac.<\/p>\n<p>Lien:\u00a0<a href=\"https:\/\/partner.voyager.pl\/portal\/a_bus.html?Lang=EN\" target=\"blank\">https:\/\/partner.voyager.pl\/portal\/a_bus.html?Lang=EN<\/a><\/p>\n<p><img loading=\"lazy\" decoding=\"async\" class=\"size-full wp-image-231 aligncenter\" src=\"https:\/\/joanna-jonathan.be\/wp-content\/uploads\/2017\/12\/bus.jpg\" alt=\"\" width=\"471\" height=\"211\" srcset=\"https:\/\/joanna-jonathan.be\/wp-content\/uploads\/2017\/12\/bus.jpg 471w, https:\/\/joanna-jonathan.be\/wp-content\/uploads\/2017\/12\/bus-300x134.jpg 300w\" sizes=\"(max-width: 471px) 100vw, 471px\" \/><\/p>\n","protected":false},"excerpt":{"rendered":"<p>Pour rejoindre le lieu de notre mariage en bus, la compagnie Polonaise Sindbad propose des lignes r\u00e9guli\u00e8res de Bruxelles \u00e0 Pila (50km de notre lieu de mariage). Le trajet dure environ 15h et co\u00fbte entre 80 et 120\u20ac. Lien:\u00a0https:\/\/partner.voyager.pl\/portal\/a_bus.html?Lang=EN<\/p>\n","protected":false},"author":1,"featured_media":0,"parent":213,"menu_order":0,"comment_status":"closed","ping_status":"closed","template":"","meta":{"footnotes":""},"_links":{"self":[{"href":"https:\/\/joanna-jonathan.be\/index.php\/wp-json\/wp\/v2\/pages\/228"}],"collection":[{"href":"https:\/\/joanna-jonathan.be\/index.php\/wp-json\/wp\/v2\/pages"}],"about":[{"href":"https:\/\/joanna-jonathan.be\/index.php\/wp-json\/wp\/v2\/types\/page"}],"author":[{"embeddable":true,"href":"https:\/\/joanna-jonathan.be\/index.php\/wp-json\/wp\/v2\/users\/1"}],"replies":[{"embeddable":true,"href":"https:\/\/joanna-jonathan.be\/index.php\/wp-json\/wp\/v2\/comments?post=228"}],"version-history":[{"count":6,"href":"https:\/\/joanna-jonathan.be\/index.php\/wp-json\/wp\/v2\/pages\/228\/revisions"}],"predecessor-version":[{"id":248,"href":"https:\/\/joanna-jonathan.be\/index.php\/wp-json\/wp\/v2\/pages\/228\/revisions\/248"}],"up":[{"embeddable":true,"href":"https:\/\/joanna-jonathan.be\/index.php\/wp-json\/wp\/v2\/pages\/213"}],"wp:attachment":[{"href":"https:\/\/joanna-jonathan.be\/index.php\/wp-json\/wp\/v2\/media?parent=228"}],"curies":[{"name":"wp","href":"https:\/\/api.w.org\/{rel}","templated":true}]}}