{"id":221,"date":"2017-12-02T21:30:42","date_gmt":"2017-12-02T20:30:42","guid":{"rendered":"https:\/\/joanna-jonathan.be\/?page_id=221"},"modified":"2018-01-04T19:41:27","modified_gmt":"2018-01-04T18:41:27","slug":"en-voiture","status":"publish","type":"page","link":"https:\/\/joanna-jonathan.be\/index.php\/en-pratique\/en-voiture\/","title":{"rendered":"En Voiture | Samochodem"},"content":{"rendered":"<p>Pour rejoindre le lieu de notre mariage en voiture, depuis Bruxelles, il faut compter environ <strong>1100 km<\/strong>.<\/p>\n<p>Vous traverserez l&rsquo;Allemagne et passerez \u00e0 proximit\u00e9 de Cologne (ou D\u00fcsseldorf), Dortmund , Hanovre et Berlin.<\/p>\n<p>De Berlin, il vous restera environ 340 km de route jusqu&rsquo;a\u00a0Zakrzewo.<\/p>\n<p>(Attention, il est commun d&rsquo;avoir plusieurs villes avec le m\u00eame nom en Pologne)<\/p>\n<h3>Sur la carte:<\/h3>\n<p><iframe loading=\"lazy\" style=\"border: 0;\" src=\"https:\/\/www.google.com\/maps\/embed?pb=!1m28!1m12!1m3!1d2509197.260934979!2d8.511379757534247!3d52.109069707248594!2m3!1f0!2f0!3f0!3m2!1i1024!2i768!4f13.1!4m13!3e0!4m5!1s0x47c3a4ed73c76867%3A0xc18b3a66787302a7!2sBruxelles!3m2!1d50.8503396!2d4.3517103!4m5!1s0x4703c8d5b7814b3f%3A0xf582d3d585bc4cff!2sZakrzewo%2C+Pologne!3m2!1d53.410952599999995!2d17.1554117!5e0!3m2!1sfr!2sbe!4v1512246213451\" width=\"600\" height=\"450\" frameborder=\"0\" allowfullscreen=\"allowfullscreen\"><\/iframe><br \/>\n<a href=\"https:\/\/goo.gl\/maps\/hNdZKSjcGq92\">Lien vers la carte<\/a><\/p>\n<p>\nDans les faits, avec des pauses, sans rouler eco et un embouteillage d&rsquo;1h sur le trajet:<\/p>\n<p><img loading=\"lazy\" decoding=\"async\" class=\"size-large wp-image-260\" src=\"https:\/\/joanna-jonathan.be\/wp-content\/uploads\/2018\/01\/IMG_20171223_212033-1-1024x519.jpg\" alt=\"\" width=\"640\" height=\"324\" srcset=\"https:\/\/joanna-jonathan.be\/wp-content\/uploads\/2018\/01\/IMG_20171223_212033-1-1024x519.jpg 1024w, https:\/\/joanna-jonathan.be\/wp-content\/uploads\/2018\/01\/IMG_20171223_212033-1-300x152.jpg 300w, https:\/\/joanna-jonathan.be\/wp-content\/uploads\/2018\/01\/IMG_20171223_212033-1-768x389.jpg 768w\" sizes=\"(max-width: 640px) 100vw, 640px\" \/><\/p>\n<p>Ce qui fait \u00e0 peu pr\u00e8s <em><strong>80\u20ac de Diesel \u00e0 1,2\u20ac\/l<\/strong><\/em>.<\/p>\n<p>Int\u00e9ressant \u00e0 savoir: le <strong>Carburant est moins cher en Pologne<\/strong> qu&rsquo;en Allemagne et moins cher en Allemagne qu&rsquo;en Belgique<\/p>\n","protected":false},"excerpt":{"rendered":"<p>Pour rejoindre le lieu de notre mariage en voiture, depuis Bruxelles, il faut compter environ 1100 km. Vous traverserez l&rsquo;Allemagne et passerez \u00e0 proximit\u00e9 de Cologne (ou D\u00fcsseldorf), Dortmund , Hanovre et Berlin. De Berlin, il vous restera environ 340 km de route jusqu&rsquo;a\u00a0Zakrzewo. (Attention, il est commun d&rsquo;avoir plusieurs villes avec le m\u00eame nom [&hellip;]<\/p>\n","protected":false},"author":1,"featured_media":0,"parent":213,"menu_order":0,"comment_status":"closed","ping_status":"closed","template":"","meta":{"footnotes":""},"_links":{"self":[{"href":"https:\/\/joanna-jonathan.be\/index.php\/wp-json\/wp\/v2\/pages\/221"}],"collection":[{"href":"https:\/\/joanna-jonathan.be\/index.php\/wp-json\/wp\/v2\/pages"}],"about":[{"href":"https:\/\/joanna-jonathan.be\/index.php\/wp-json\/wp\/v2\/types\/page"}],"author":[{"embeddable":true,"href":"https:\/\/joanna-jonathan.be\/index.php\/wp-json\/wp\/v2\/users\/1"}],"replies":[{"embeddable":true,"href":"https:\/\/joanna-jonathan.be\/index.php\/wp-json\/wp\/v2\/comments?post=221"}],"version-history":[{"count":11,"href":"https:\/\/joanna-jonathan.be\/index.php\/wp-json\/wp\/v2\/pages\/221\/revisions"}],"predecessor-version":[{"id":263,"href":"https:\/\/joanna-jonathan.be\/index.php\/wp-json\/wp\/v2\/pages\/221\/revisions\/263"}],"up":[{"embeddable":true,"href":"https:\/\/joanna-jonathan.be\/index.php\/wp-json\/wp\/v2\/pages\/213"}],"wp:attachment":[{"href":"https:\/\/joanna-jonathan.be\/index.php\/wp-json\/wp\/v2\/media?parent=221"}],"curies":[{"name":"wp","href":"https:\/\/api.w.org\/{rel}","templated":true}]}}