{"id":196,"date":"2017-12-02T21:08:31","date_gmt":"2017-12-02T20:08:31","guid":{"rendered":"https:\/\/joanna-jonathan.be\/?page_id=196"},"modified":"2017-12-04T11:53:19","modified_gmt":"2017-12-04T10:53:19","slug":"en-avion","status":"publish","type":"page","link":"https:\/\/joanna-jonathan.be\/index.php\/en-pratique\/en-avion\/","title":{"rendered":"En Avion | Samolotem"},"content":{"rendered":"<p>Pour rejoindre le lieu de notre mariage en avion, voici quelques possibilit\u00e9s de liaisons a\u00e9riennes.<\/p>\n<h4>Depuis la Belgique:<\/h4>\n<ul>\n<li><strong>Zaventem &#8211; Berlin<\/strong>: vous \u00eates alors \u00e0 <strong>340 km<\/strong> de notre lieu de mariage.<\/li>\n<li><strong>Charleroi &#8211;\u00a0Wroclaw<\/strong>: vous \u00eates alors \u00e0 <strong>315 km<\/strong> de notre lieu de mariage.<\/li>\n<li><strong>Charleroi &#8211; Varsovie<\/strong>: vous \u00eates alors \u00e0 <strong>380 km<\/strong> de notre lieu de mariage.<\/li>\n<\/ul>\n<h4>Depuis les Pays-Bas:<\/h4>\n<ul>\n<li><strong>Eindhoven &#8211; Gdansk<\/strong>: vous \u00eates alors \u00e0<strong> 185 km<\/strong> de notre lieu de mariage.<\/li>\n<li><strong>Eindhoven &#8211; Poznan<\/strong>: vous \u00eates alors \u00e0<strong> 150 km<\/strong> de notre lieu de mariage.<\/li>\n<\/ul>\n<h4>Depuis l&rsquo;Allemagne:<\/h4>\n<ul>\n<li><strong>Weeze (D\u00fcsseldorf) &#8211;\u00a0Bydgoszcz<\/strong>:\u00a0vous \u00eates alors \u00e0<strong> 75 km<\/strong> de notre lieu de mariage.<\/li>\n<\/ul>\n<h4>Depuis le Luxembourg:<\/h4>\n<ul>\n<li><strong>Luxembourg &#8211; Varsovie<\/strong>:\u00a0vous \u00eates alors \u00e0 <strong>380 km<\/strong> de notre lieu de mariage.<\/li>\n<\/ul>\n<h4>Depuis la France:<\/h4>\n<ul>\n<li><strong>Paris &#8211; Poznan<\/strong>:\u00a0vous \u00eates alors \u00e0<strong> 150 km<\/strong> de notre lieu de mariage.<\/li>\n<\/ul>\n<h4>Depuis l&rsquo;Angleterre:<\/h4>\n<ul>\n<li><strong>Londre &#8211;\u00a0Bydgoszcz<\/strong>:\u00a0vous \u00eates alors \u00e0<strong>\u00a075 km<\/strong> de notre lieu de mariage.<\/li>\n<\/ul>\n<h3>Sur une carte:<\/h3>\n<div id=\"travellerspoint-map922284_1086829\">\n<p><script src='https:\/\/www.travellerspoint.com\/badges\/badge_membermap.cfm?user=joannajonathan&amp;badgeid=travellerspoint-map922284_1086829&amp;height=600&amp;width=900'><\/script><\/p>\n<p class=\"travellerspoint-map-link\">View Full Size <a href=\"https:\/\/www.travellerspoint.com\/member_map.cfm?user=joannajonathan\" target=\"_blank\" rel=\"noopener\">Travel Map<\/a><\/p>\n<\/div>\n","protected":false},"excerpt":{"rendered":"<p>Pour rejoindre le lieu de notre mariage en avion, voici quelques possibilit\u00e9s de liaisons a\u00e9riennes. Depuis la Belgique: Zaventem &#8211; Berlin: vous \u00eates alors \u00e0 340 km de notre lieu de mariage. Charleroi &#8211;\u00a0Wroclaw: vous \u00eates alors \u00e0 315 km de notre lieu de mariage. Charleroi &#8211; Varsovie: vous \u00eates alors \u00e0 380 km de [&hellip;]<\/p>\n","protected":false},"author":1,"featured_media":0,"parent":213,"menu_order":0,"comment_status":"closed","ping_status":"closed","template":"","meta":{"footnotes":""},"_links":{"self":[{"href":"https:\/\/joanna-jonathan.be\/index.php\/wp-json\/wp\/v2\/pages\/196"}],"collection":[{"href":"https:\/\/joanna-jonathan.be\/index.php\/wp-json\/wp\/v2\/pages"}],"about":[{"href":"https:\/\/joanna-jonathan.be\/index.php\/wp-json\/wp\/v2\/types\/page"}],"author":[{"embeddable":true,"href":"https:\/\/joanna-jonathan.be\/index.php\/wp-json\/wp\/v2\/users\/1"}],"replies":[{"embeddable":true,"href":"https:\/\/joanna-jonathan.be\/index.php\/wp-json\/wp\/v2\/comments?post=196"}],"version-history":[{"count":19,"href":"https:\/\/joanna-jonathan.be\/index.php\/wp-json\/wp\/v2\/pages\/196\/revisions"}],"predecessor-version":[{"id":247,"href":"https:\/\/joanna-jonathan.be\/index.php\/wp-json\/wp\/v2\/pages\/196\/revisions\/247"}],"up":[{"embeddable":true,"href":"https:\/\/joanna-jonathan.be\/index.php\/wp-json\/wp\/v2\/pages\/213"}],"wp:attachment":[{"href":"https:\/\/joanna-jonathan.be\/index.php\/wp-json\/wp\/v2\/media?parent=196"}],"curies":[{"name":"wp","href":"https:\/\/api.w.org\/{rel}","templated":true}]}}