{"id":160,"date":"2017-11-16T20:29:32","date_gmt":"2017-11-16T19:29:32","guid":{"rendered":"https:\/\/joanna-jonathan.be\/?page_id=160"},"modified":"2018-07-09T23:10:47","modified_gmt":"2018-07-09T21:10:47","slug":"le-jour-j-nasz-dzien","status":"publish","type":"page","link":"https:\/\/joanna-jonathan.be\/index.php\/le-jour-j-nasz-dzien\/","title":{"rendered":"Le jour J | Nasz Dzie\u0144"},"content":{"rendered":"<h2 style=\"text-align: left;\">Dans cette section, vous trouverez petit \u00e0 petit des informations sur le jour J.<\/h2>\n<p style=\"text-align: left;\"><em><span style=\"color: #800080;\">W tej cz\u0119\u015bci znajdziecie niezb\u0119dne informacje dotycz\u0105ce dnia \u015blubu.\u00a0<\/span><\/em><\/p>\n<p>&nbsp;<\/p>\n<ul>\n<li><span style=\"color: #3366ff;\"><a style=\"color: #3366ff;\" href=\"https:\/\/joanna-jonathan.be\/index.php\/en-pratique\/adresses-et-heures-niezbedne-adresy-i-godziny\/\">Adresses et heures | Niezbedne adresy i godziny<\/a><\/span><\/li>\n<\/ul>\n<p>&nbsp;<\/p>\n<p style=\"text-align: left;\">Notre mariage se d\u00e9roulera dans la r\u00e9gion natale de Joanna, c&rsquo;est \u00e0 dire\u00a0<a href=\"https:\/\/goo.gl\/maps\/MHhMM7y4RQo\">Zakrzewo<\/a><\/p>\n<p style=\"text-align: left;\"><em><span style=\"color: #800080;\">\u015alub odb\u0119dzie si\u0119 w parafii Joanny w Zakrzewie, a wesele w oddalonym o 17 km od ko\u015bcio\u0142a &#8211; Pa\u0142acu w Sypniewie<\/span><\/em><\/p>\n<p style=\"text-align: center;\"><iframe loading=\"lazy\" style=\"border: 0;\" src=\"https:\/\/www.google.com\/maps\/embed?pb=!1m18!1m12!1m3!1d19024.847097987775!2d17.1226615098211!3d53.4129324195444!2m3!1f0!2f0!3f0!3m2!1i1024!2i768!4f13.1!3m3!1m2!1s0x4703c8d5b7814b3f%3A0xf582d3d585bc4cff!2sZakrzewo%2C+Pologne!5e0!3m2!1sfr!2sbe!4v1510691612698\" width=\"600\" height=\"450\" frameborder=\"0\" allowfullscreen=\"allowfullscreen\"><\/iframe><\/p>\n<p>&nbsp;<\/p>\n<h3 style=\"text-align: left;\">Voici \u00e9galement une photo de chaque lieu que vous serez amen\u00e9s \u00e0 fr\u00e9quenter en ce jour.<\/h3>\n<p style=\"text-align: left;\"><em><span style=\"color: #800080;\">Poni\u017cej zdj\u0119cie ko\u015bcio\u0142a i pa\u0142acu.<\/span><\/em><\/p>\n<h3><\/h3>\n<h3 style=\"text-align: left;\">Notre \u00e9glise \u00e0 Zakrzewo dans le d\u00e9partement de Z\u0142ot\u00f3w:<\/h3>\n<p style=\"text-align: left;\"><em><span style=\"color: #800080;\">Nasz ko\u015bci\u00f3\u0142\u00a0pw. \u015bw. Marii Magdaleny w Zakrzewie w powiecie z\u0142otowskim:\u00a0<\/span><\/em><\/p>\n<figure id=\"attachment_161\" aria-describedby=\"caption-attachment-161\" style=\"width: 640px\" class=\"wp-caption aligncenter\"><img loading=\"lazy\" decoding=\"async\" class=\"wp-image-161 size-large\" title=\"Zakrzewo\" src=\"https:\/\/joanna-jonathan.be\/wp-content\/uploads\/2017\/11\/DSC1148-HDR-1024x683.jpg\" alt=\"www.jr-photo.be\" width=\"640\" height=\"427\" srcset=\"https:\/\/joanna-jonathan.be\/wp-content\/uploads\/2017\/11\/DSC1148-HDR-1024x683.jpg 1024w, https:\/\/joanna-jonathan.be\/wp-content\/uploads\/2017\/11\/DSC1148-HDR-300x200.jpg 300w, https:\/\/joanna-jonathan.be\/wp-content\/uploads\/2017\/11\/DSC1148-HDR-768x512.jpg 768w, https:\/\/joanna-jonathan.be\/wp-content\/uploads\/2017\/11\/DSC1148-HDR-480x320.jpg 480w\" sizes=\"(max-width: 640px) 100vw, 640px\" \/><figcaption id=\"caption-attachment-161\" class=\"wp-caption-text\">Zakrzewo<\/figcaption><\/figure>\n<h3 style=\"text-align: left;\">Notre salle de r\u00e9ception \u00e0 Sypniewo dans le d\u00e9partement de S\u0119p\u00f3lno Kraje\u0144skie:<\/h3>\n<p style=\"text-align: left;\"><em><span style=\"color: #800080;\">Nasza sala weselna w Sypniewie ko\u0142o Wi\u0119cborka w powiecie\u00a0s\u0119pole\u0144skim:<\/span><\/em><\/p>\n<h3 style=\"text-align: center;\"><a href=\"https:\/\/joanna-jonathan.be\/index.php\/le-jour-j-nasz-dzien\/_dsc1193-hdr\/\" rel=\"attachment wp-att-162\">\u00a0<\/a><\/h3>\n<figure id=\"attachment_162\" aria-describedby=\"caption-attachment-162\" style=\"width: 640px\" class=\"wp-caption aligncenter\"><img loading=\"lazy\" decoding=\"async\" class=\"wp-image-162 size-large\" title=\"Palac Sypniewo\" src=\"https:\/\/joanna-jonathan.be\/wp-content\/uploads\/2017\/11\/DSC1193-HDR-1024x683.jpg\" alt=\"www.jr-photo.be\" width=\"640\" height=\"427\" srcset=\"https:\/\/joanna-jonathan.be\/wp-content\/uploads\/2017\/11\/DSC1193-HDR-1024x683.jpg 1024w, https:\/\/joanna-jonathan.be\/wp-content\/uploads\/2017\/11\/DSC1193-HDR-300x200.jpg 300w, https:\/\/joanna-jonathan.be\/wp-content\/uploads\/2017\/11\/DSC1193-HDR-768x512.jpg 768w, https:\/\/joanna-jonathan.be\/wp-content\/uploads\/2017\/11\/DSC1193-HDR-480x320.jpg 480w\" sizes=\"(max-width: 640px) 100vw, 640px\" \/><figcaption id=\"caption-attachment-162\" class=\"wp-caption-text\">Palac Sypniewo<\/figcaption><\/figure>\n","protected":false},"excerpt":{"rendered":"<p>Dans cette section, vous trouverez petit \u00e0 petit des informations sur le jour J. W tej cz\u0119\u015bci znajdziecie niezb\u0119dne informacje dotycz\u0105ce dnia \u015blubu.\u00a0 &nbsp; Adresses et heures | Niezbedne adresy i godziny &nbsp; Notre mariage se d\u00e9roulera dans la r\u00e9gion natale de Joanna, c&rsquo;est \u00e0 dire\u00a0Zakrzewo \u015alub odb\u0119dzie si\u0119 w parafii Joanny w Zakrzewie, a [&hellip;]<\/p>\n","protected":false},"author":1,"featured_media":0,"parent":0,"menu_order":0,"comment_status":"closed","ping_status":"closed","template":"","meta":{"footnotes":""},"_links":{"self":[{"href":"https:\/\/joanna-jonathan.be\/index.php\/wp-json\/wp\/v2\/pages\/160"}],"collection":[{"href":"https:\/\/joanna-jonathan.be\/index.php\/wp-json\/wp\/v2\/pages"}],"about":[{"href":"https:\/\/joanna-jonathan.be\/index.php\/wp-json\/wp\/v2\/types\/page"}],"author":[{"embeddable":true,"href":"https:\/\/joanna-jonathan.be\/index.php\/wp-json\/wp\/v2\/users\/1"}],"replies":[{"embeddable":true,"href":"https:\/\/joanna-jonathan.be\/index.php\/wp-json\/wp\/v2\/comments?post=160"}],"version-history":[{"count":25,"href":"https:\/\/joanna-jonathan.be\/index.php\/wp-json\/wp\/v2\/pages\/160\/revisions"}],"predecessor-version":[{"id":744,"href":"https:\/\/joanna-jonathan.be\/index.php\/wp-json\/wp\/v2\/pages\/160\/revisions\/744"}],"wp:attachment":[{"href":"https:\/\/joanna-jonathan.be\/index.php\/wp-json\/wp\/v2\/media?parent=160"}],"curies":[{"name":"wp","href":"https:\/\/api.w.org\/{rel}","templated":true}]}}