{"id":125,"date":"2017-10-10T16:48:00","date_gmt":"2017-10-10T14:48:00","guid":{"rendered":"https:\/\/joanna-jonathan.be\/?page_id=125"},"modified":"2017-12-04T11:54:26","modified_gmt":"2017-12-04T10:54:26","slug":"welcome","status":"publish","type":"page","link":"https:\/\/joanna-jonathan.be\/","title":{"rendered":"Bonjour tout le monde ! | Dzie\u0144 dobry !"},"content":{"rendered":"<p>Bienvenue chez Joanna &amp; Jonathan!<\/p>\n<p style=\"text-align: right;\"><span style=\"color: #800080;\"><em>Witamy u Joanny i Jonathana !<\/em><\/span><\/p>\n<p>C\u2019est peut-\u00eatre une surprise pour vous mais, apr\u00e8s un peu plus de 3 ans, Jonathan s\u2019est finalement d\u00e9cid\u00e9 \u00e0 demander sa main \u00e0 Joanna.<br \/>\nDevinez quoi?<br \/>\nElle a dit: Oui!<\/p>\n<p style=\"text-align: right;\"><em><span style=\"color: #800080;\">To mo\u017ce by\u0107 dla Was niespodzianka ale po ponad 3 latach, Jonathan postanowi\u0142 poprosi\u0107 Joann\u0119 o r\u0119k\u0119.<\/span><\/em><\/p>\n<p style=\"text-align: right;\"><em><span style=\"color: #800080;\">I zgadnijcie?<\/span><\/em><\/p>\n<p style=\"text-align: right;\"><em><span style=\"color: #800080;\">Powidzia\u0142a: Tak!<\/span><\/em><\/p>\n<p>C\u2019\u00e9tait le 22 Juin \u00e0 la Station Racour:<\/p>\n<p style=\"text-align: right;\"><em><span style=\"color: #800080;\">Wydarzy\u0142o si\u0119 to 22 czerwca w poci\u0105gu na dworcu w Racour:<\/span><\/em><\/p>\n<p><img loading=\"lazy\" decoding=\"async\" class=\"aligncenter wp-image-78 size-large\" title=\"jr-photo.be\" src=\"https:\/\/joanna-jonathan.be\/wp-content\/uploads\/2017\/09\/DSC9393-1024x683.jpg\" alt=\"\" width=\"640\" height=\"427\" srcset=\"https:\/\/joanna-jonathan.be\/wp-content\/uploads\/2017\/09\/DSC9393-1024x683.jpg 1024w, https:\/\/joanna-jonathan.be\/wp-content\/uploads\/2017\/09\/DSC9393-300x200.jpg 300w, https:\/\/joanna-jonathan.be\/wp-content\/uploads\/2017\/09\/DSC9393-768x512.jpg 768w, https:\/\/joanna-jonathan.be\/wp-content\/uploads\/2017\/09\/DSC9393-480x320.jpg 480w\" sizes=\"(max-width: 640px) 100vw, 640px\" \/><br \/>\n<img loading=\"lazy\" decoding=\"async\" class=\"aligncenter wp-image-85 size-large\" title=\"jr-photo.be\" src=\"https:\/\/joanna-jonathan.be\/wp-content\/uploads\/2017\/09\/DSC9399-1024x576.jpg\" alt=\"\" width=\"640\" height=\"360\" srcset=\"https:\/\/joanna-jonathan.be\/wp-content\/uploads\/2017\/09\/DSC9399-1024x576.jpg 1024w, https:\/\/joanna-jonathan.be\/wp-content\/uploads\/2017\/09\/DSC9399-300x169.jpg 300w, https:\/\/joanna-jonathan.be\/wp-content\/uploads\/2017\/09\/DSC9399-768x432.jpg 768w\" sizes=\"(max-width: 640px) 100vw, 640px\" \/><\/p>\n<p>Nous allons donc nous marier le 19 Juillet 2018 en Pologne.<\/p>\n<p style=\"text-align: right;\"><em><span style=\"color: #800080;\">W zwi\u0105zku z powy\u017cszym, \u015blub odb\u0119dzie si\u0119 19 lipca 2018 r. w Polsce.<\/span><\/em><\/p>\n<p>Afin de nous permettre de vous tenir inform\u00e9 des d\u00e9tails de l&rsquo;organisation de notre mariage, nous vous demandons de bien vouloir vous enregistrer ci-dessous:<\/p>\n<p style=\"text-align: right;\"><span style=\"color: #800080;\"><em><span style=\"color: #800080;\">Dzi\u0119ki tej stronie b\u0119dziemy\u00a0Was informowa\u0107\u00a0o post\u0119pach\u00a0w organizacji naszego \u015blubu\u00a0i wesela. Prosimy Was o rejestracj\u0119 poni\u017cej;<\/span><\/em><\/span><\/p>\n<p style=\"text-align: center;\">[email-subscribers namefield=\u00a0\u00bbYES\u00a0\u00bb desc=\u00a0\u00bb\u00a0\u00bb group=\u00a0\u00bbPublic\u00a0\u00bb]<\/p>\n","protected":false},"excerpt":{"rendered":"<p>Bienvenue chez Joanna &amp; Jonathan! Witamy u Joanny i Jonathana ! C\u2019est peut-\u00eatre une surprise pour vous mais, apr\u00e8s un peu plus de 3 ans, Jonathan s\u2019est finalement d\u00e9cid\u00e9 \u00e0 demander sa main \u00e0 Joanna. Devinez quoi? Elle a dit: Oui! To mo\u017ce by\u0107 dla Was niespodzianka ale po ponad 3 latach, Jonathan postanowi\u0142 poprosi\u0107 [&hellip;]<\/p>\n","protected":false},"author":1,"featured_media":0,"parent":0,"menu_order":0,"comment_status":"closed","ping_status":"closed","template":"","meta":{"footnotes":""},"_links":{"self":[{"href":"https:\/\/joanna-jonathan.be\/index.php\/wp-json\/wp\/v2\/pages\/125"}],"collection":[{"href":"https:\/\/joanna-jonathan.be\/index.php\/wp-json\/wp\/v2\/pages"}],"about":[{"href":"https:\/\/joanna-jonathan.be\/index.php\/wp-json\/wp\/v2\/types\/page"}],"author":[{"embeddable":true,"href":"https:\/\/joanna-jonathan.be\/index.php\/wp-json\/wp\/v2\/users\/1"}],"replies":[{"embeddable":true,"href":"https:\/\/joanna-jonathan.be\/index.php\/wp-json\/wp\/v2\/comments?post=125"}],"version-history":[{"count":17,"href":"https:\/\/joanna-jonathan.be\/index.php\/wp-json\/wp\/v2\/pages\/125\/revisions"}],"predecessor-version":[{"id":251,"href":"https:\/\/joanna-jonathan.be\/index.php\/wp-json\/wp\/v2\/pages\/125\/revisions\/251"}],"wp:attachment":[{"href":"https:\/\/joanna-jonathan.be\/index.php\/wp-json\/wp\/v2\/media?parent=125"}],"curies":[{"name":"wp","href":"https:\/\/api.w.org\/{rel}","templated":true}]}}